{"id":238281,"date":"2024-05-26T02:34:18","date_gmt":"2024-05-26T07:34:18","guid":{"rendered":"https:\/\/www.bicyrekkord.com\/privacy-policy\/"},"modified":"2025-06-05T19:59:56","modified_gmt":"2025-06-06T00:59:56","slug":"privacy-policy","status":"publish","type":"page","link":"https:\/\/www.bicyrekkord.com\/en\/privacy-policy\/","title":{"rendered":"Privacy Policy"},"content":{"rendered":"\t\t<div data-elementor-type=\"wp-page\" data-elementor-id=\"238281\" class=\"elementor elementor-238281 elementor-2372\" data-elementor-post-type=\"page\">\n\t\t\t\t\t\t<section class=\"elementor-section elementor-top-section elementor-element elementor-element-2e4c8be2 elementor-section-boxed elementor-section-height-default elementor-section-height-default\" data-id=\"2e4c8be2\" data-element_type=\"section\" data-e-type=\"section\" data-settings=\"{&quot;ekit_has_onepagescroll_dot&quot;:&quot;yes&quot;}\">\n\t\t\t\t\t\t<div class=\"elementor-container elementor-column-gap-default\">\n\t\t\t\t\t<div class=\"elementor-column elementor-col-50 elementor-top-column elementor-element elementor-element-6e3d795\" data-id=\"6e3d795\" data-element_type=\"column\" data-e-type=\"column\">\n\t\t\t<div class=\"elementor-widget-wrap elementor-element-populated\">\n\t\t\t\t\t\t<div class=\"elementor-element elementor-element-a96e319 elementor-widget__width-auto elementor-widget elementor-widget-heading\" data-id=\"a96e319\" data-element_type=\"widget\" data-e-type=\"widget\" data-settings=\"{&quot;ekit_we_effect_on&quot;:&quot;none&quot;}\" data-widget_type=\"heading.default\">\n\t\t\t\t<div class=\"elementor-widget-container\">\n\t\t\t\t\t<h2 class=\"elementor-heading-title elementor-size-default\">REKKORD SAS : NIT: 900.560.734-4\n<\/h2>\t\t\t\t<\/div>\n\t\t\t\t<\/div>\n\t\t\t\t\t<\/div>\n\t\t<\/div>\n\t\t\t\t<div class=\"elementor-column elementor-col-50 elementor-top-column elementor-element elementor-element-7297f56\" data-id=\"7297f56\" data-element_type=\"column\" data-e-type=\"column\">\n\t\t\t<div class=\"elementor-widget-wrap elementor-element-populated\">\n\t\t\t\t\t\t<div class=\"elementor-element elementor-element-8a780de elementor-widget__width-auto elementor-widget elementor-widget-theme-site-logo elementor-widget-image\" data-id=\"8a780de\" data-element_type=\"widget\" data-e-type=\"widget\" data-settings=\"{&quot;ekit_we_effect_on&quot;:&quot;none&quot;}\" data-widget_type=\"theme-site-logo.default\">\n\t\t\t\t<div class=\"elementor-widget-container\">\n\t\t\t\t\t\t\t\t\t\t\t<a href=\"https:\/\/www.bicyrekkord.com\/en\/\">\n\t\t\t<img fetchpriority=\"high\" decoding=\"async\" width=\"2560\" height=\"726\" src=\"https:\/\/www.bicyrekkord.com\/wp-content\/uploads\/2024\/05\/LOGO-BRK-12-1-scaled.png\" class=\"attachment-full size-full wp-image-238269\" alt=\"\" srcset=\"https:\/\/www.bicyrekkord.com\/wp-content\/uploads\/2024\/05\/LOGO-BRK-12-1-scaled.png 2560w, https:\/\/www.bicyrekkord.com\/wp-content\/uploads\/2024\/05\/LOGO-BRK-12-1-300x85.png 300w, https:\/\/www.bicyrekkord.com\/wp-content\/uploads\/2024\/05\/LOGO-BRK-12-1-1024x290.png 1024w, https:\/\/www.bicyrekkord.com\/wp-content\/uploads\/2024\/05\/LOGO-BRK-12-1-768x218.png 768w, https:\/\/www.bicyrekkord.com\/wp-content\/uploads\/2024\/05\/LOGO-BRK-12-1-1536x436.png 1536w, https:\/\/www.bicyrekkord.com\/wp-content\/uploads\/2024\/05\/LOGO-BRK-12-1-2048x581.png 2048w, https:\/\/www.bicyrekkord.com\/wp-content\/uploads\/2024\/05\/LOGO-BRK-12-1-600x170.png 600w\" sizes=\"(max-width: 2560px) 100vw, 2560px\" \/>\t\t\t\t<\/a>\n\t\t\t\t\t\t\t\t\t\t\t<\/div>\n\t\t\t\t<\/div>\n\t\t\t\t\t<\/div>\n\t\t<\/div>\n\t\t\t\t\t<\/div>\n\t\t<\/section>\n\t\t\t\t<section class=\"elementor-section elementor-top-section elementor-element elementor-element-f468803 elementor-section-boxed elementor-section-height-default elementor-section-height-default\" data-id=\"f468803\" data-element_type=\"section\" data-e-type=\"section\" data-settings=\"{&quot;ekit_has_onepagescroll_dot&quot;:&quot;yes&quot;}\">\n\t\t\t\t\t\t<div class=\"elementor-container elementor-column-gap-default\">\n\t\t\t\t\t<div class=\"elementor-column elementor-col-100 elementor-top-column elementor-element elementor-element-d9dd1f6\" data-id=\"d9dd1f6\" data-element_type=\"column\" data-e-type=\"column\">\n\t\t\t<div class=\"elementor-widget-wrap elementor-element-populated\">\n\t\t\t\t\t\t<div class=\"elementor-element elementor-element-2d7d604 elementor-widget elementor-widget-heading\" data-id=\"2d7d604\" data-element_type=\"widget\" data-e-type=\"widget\" data-settings=\"{&quot;ekit_we_effect_on&quot;:&quot;none&quot;}\" data-widget_type=\"heading.default\">\n\t\t\t\t<div class=\"elementor-widget-container\">\n\t\t\t\t\t<h2 class=\"elementor-heading-title elementor-size-default\">PRIVACY POLICY:<\/h2>\t\t\t\t<\/div>\n\t\t\t\t<\/div>\n\t\t\t\t<div class=\"elementor-element elementor-element-f9d1e79 elementor-widget elementor-widget-text-editor\" data-id=\"f9d1e79\" data-element_type=\"widget\" data-e-type=\"widget\" data-settings=\"{&quot;ekit_we_effect_on&quot;:&quot;none&quot;}\" data-widget_type=\"text-editor.default\">\n\t\t\t\t<div class=\"elementor-widget-container\">\n\t\t\t\t\t\t\t\t\t<p>This Privacy Policy sets forth the terms under which <strong>REKKORD SAS<\/strong>, under its brand name <strong>BICYREKKORD<\/strong> uses and protects the information that is provided by its users when using its website. This company is committed to the security of its users&#8217; data. When we ask you to provide personal information by which you can be identified, we do so with the assurance that it will only be used in accordance with the terms of this document. However, this Privacy Policy may change over time or be updated and we encourage and emphasize that you should continually review this page to ensure that you agree to any such changes.   <\/p>\t\t\t\t\t\t\t\t<\/div>\n\t\t\t\t<\/div>\n\t\t\t\t<div class=\"elementor-element elementor-element-e7a6a2d elementor-widget elementor-widget-heading\" data-id=\"e7a6a2d\" data-element_type=\"widget\" data-e-type=\"widget\" data-settings=\"{&quot;ekit_we_effect_on&quot;:&quot;none&quot;}\" data-widget_type=\"heading.default\">\n\t\t\t\t<div class=\"elementor-widget-container\">\n\t\t\t\t\t<h2 class=\"elementor-heading-title elementor-size-default\">Information that is collected:\n<\/h2>\t\t\t\t<\/div>\n\t\t\t\t<\/div>\n\t\t\t\t<div class=\"elementor-element elementor-element-716970a elementor-widget elementor-widget-text-editor\" data-id=\"716970a\" data-element_type=\"widget\" data-e-type=\"widget\" data-settings=\"{&quot;ekit_we_effect_on&quot;:&quot;none&quot;}\" data-widget_type=\"text-editor.default\">\n\t\t\t\t<div class=\"elementor-widget-container\">\n\t\t\t\t\t\t\t\t\t<p>Our website may collect personal information, such as your name, contact information such as your email address and demographic information. Also, when necessary, specific information may be required to process an order or make a delivery or billing. <\/p>\t\t\t\t\t\t\t\t<\/div>\n\t\t\t\t<\/div>\n\t\t\t\t<div class=\"elementor-element elementor-element-087dfbb elementor-widget elementor-widget-heading\" data-id=\"087dfbb\" data-element_type=\"widget\" data-e-type=\"widget\" data-settings=\"{&quot;ekit_we_effect_on&quot;:&quot;none&quot;}\" data-widget_type=\"heading.default\">\n\t\t\t\t<div class=\"elementor-widget-container\">\n\t\t\t\t\t<h2 class=\"elementor-heading-title elementor-size-default\">Use of the information collected:\n<\/h2>\t\t\t\t<\/div>\n\t\t\t\t<\/div>\n\t\t\t\t<div class=\"elementor-element elementor-element-0c83db6 elementor-widget elementor-widget-text-editor\" data-id=\"0c83db6\" data-element_type=\"widget\" data-e-type=\"widget\" data-settings=\"{&quot;ekit_we_effect_on&quot;:&quot;none&quot;}\" data-widget_type=\"text-editor.default\">\n\t\t\t\t<div class=\"elementor-widget-container\">\n\t\t\t\t\t\t\t\t\t<p>Our website uses the information in order to provide the best possible service, particularly to keep track of users, to keep track of orders if applicable, and to improve our products and services. We may periodically send e-mails through our site with special offers, new products and other marketing information that we think may be relevant to you or may be of benefit to you, these e-mails will be sent to the address you provide and may be unsubscribed from at any time. <\/p>\t\t\t\t\t\t\t\t<\/div>\n\t\t\t\t<\/div>\n\t\t\t\t<div class=\"elementor-element elementor-element-812e2f6 elementor-widget elementor-widget-text-editor\" data-id=\"812e2f6\" data-element_type=\"widget\" data-e-type=\"widget\" data-settings=\"{&quot;ekit_we_effect_on&quot;:&quot;none&quot;}\" data-widget_type=\"text-editor.default\">\n\t\t\t\t<div class=\"elementor-widget-container\">\n\t\t\t\t\t\t\t\t\t<p><strong>REKKORD SAS<\/strong>, is highly committed to comply with the commitment to keep your information secure. We use the most advanced systems and constantly update them to ensure that there is no unauthorized access in accordance with the law of treatment of personal data in Colombia.<br>Your personal data will be used to process your order, support your experience on this website and for other purposes described in our <strong>POLICY<\/strong>. <\/p>\t\t\t\t\t\t\t\t<\/div>\n\t\t\t\t<\/div>\n\t\t\t\t<div class=\"elementor-element elementor-element-748ec65 elementor-widget elementor-widget-spacer\" data-id=\"748ec65\" data-element_type=\"widget\" data-e-type=\"widget\" data-settings=\"{&quot;ekit_we_effect_on&quot;:&quot;none&quot;}\" data-widget_type=\"spacer.default\">\n\t\t\t\t<div class=\"elementor-widget-container\">\n\t\t\t\t\t\t\t<div class=\"elementor-spacer\">\n\t\t\t<div class=\"elementor-spacer-inner\"><\/div>\n\t\t<\/div>\n\t\t\t\t\t\t<\/div>\n\t\t\t\t<\/div>\n\t\t\t\t\t<\/div>\n\t\t<\/div>\n\t\t\t\t\t<\/div>\n\t\t<\/section>\n\t\t\t\t<section class=\"elementor-section elementor-top-section elementor-element elementor-element-c2bb802 elementor-section-boxed elementor-section-height-default elementor-section-height-default\" data-id=\"c2bb802\" data-element_type=\"section\" data-e-type=\"section\" data-settings=\"{&quot;ekit_has_onepagescroll_dot&quot;:&quot;yes&quot;}\">\n\t\t\t\t\t\t<div class=\"elementor-container elementor-column-gap-default\">\n\t\t\t\t\t<div class=\"elementor-column elementor-col-100 elementor-top-column elementor-element elementor-element-5f2c8de\" data-id=\"5f2c8de\" data-element_type=\"column\" data-e-type=\"column\">\n\t\t\t<div class=\"elementor-widget-wrap elementor-element-populated\">\n\t\t\t\t\t\t<div class=\"elementor-element elementor-element-8f3fc71 elementor-widget elementor-widget-spacer\" data-id=\"8f3fc71\" data-element_type=\"widget\" data-e-type=\"widget\" data-settings=\"{&quot;ekit_we_effect_on&quot;:&quot;none&quot;}\" data-widget_type=\"spacer.default\">\n\t\t\t\t<div class=\"elementor-widget-container\">\n\t\t\t\t\t\t\t<div class=\"elementor-spacer\">\n\t\t\t<div class=\"elementor-spacer-inner\"><\/div>\n\t\t<\/div>\n\t\t\t\t\t\t<\/div>\n\t\t\t\t<\/div>\n\t\t\t\t\t<\/div>\n\t\t<\/div>\n\t\t\t\t\t<\/div>\n\t\t<\/section>\n\t\t\t\t<\/div>\n\t\t","protected":false},"excerpt":{"rendered":"<p>REKKORD SAS : NIT: 900.560.734-4 PRIVACY POLICY: This Privacy Policy sets forth the terms under which REKKORD SAS, under its brand name BICYREKKORD uses and protects the information that is provided by its users when using its website. This company is committed to the security of its users&#8217; data. When we ask you to provide [&hellip;]<\/p>\n","protected":false},"author":1,"featured_media":0,"parent":0,"menu_order":0,"comment_status":"closed","ping_status":"closed","template":"","meta":{"footnotes":""},"class_list":["post-238281","page","type-page","status-publish","hentry"],"yoast_head":"<!-- This site is optimized with the Yoast SEO plugin v27.5 - https:\/\/yoast.com\/product\/yoast-seo-wordpress\/ -->\n<title>Privacy Policy | BICYREKKORD<\/title>\n<meta name=\"robots\" content=\"index, follow, max-snippet:-1, max-image-preview:large, max-video-preview:-1\" \/>\n<link rel=\"canonical\" href=\"https:\/\/www.bicyrekkord.com\/en\/privacy-policy\/\" \/>\n<meta property=\"og:locale\" content=\"en_US\" \/>\n<meta property=\"og:type\" content=\"article\" \/>\n<meta property=\"og:title\" content=\"Privacy Policy | BICYREKKORD\" \/>\n<meta property=\"og:description\" content=\"REKKORD SAS : NIT: 900.560.734-4 PRIVACY POLICY: This Privacy Policy sets forth the terms under which REKKORD SAS, under its brand name BICYREKKORD uses and protects the information that is provided by its users when using its website. This company is committed to the security of its users&#8217; data. When we ask you to provide [&hellip;]\" \/>\n<meta property=\"og:url\" content=\"https:\/\/www.bicyrekkord.com\/en\/privacy-policy\/\" \/>\n<meta property=\"og:site_name\" content=\"BICYREKKORD\" \/>\n<meta property=\"article:publisher\" content=\"https:\/\/www.facebook.com\/BicyRekkord\/\" \/>\n<meta property=\"article:modified_time\" content=\"2025-06-06T00:59:56+00:00\" \/>\n<meta property=\"og:image\" content=\"https:\/\/www.bicyrekkord.com\/wp-content\/uploads\/2024\/05\/LOGO-Original.png\" \/>\n\t<meta property=\"og:image:width\" content=\"1600\" \/>\n\t<meta property=\"og:image:height\" content=\"743\" \/>\n\t<meta property=\"og:image:type\" content=\"image\/png\" \/>\n<meta name=\"twitter:card\" content=\"summary_large_image\" \/>\n<meta name=\"twitter:site\" content=\"@BICYREKKORD\" \/>\n<meta name=\"twitter:label1\" content=\"Est. reading time\" \/>\n\t<meta name=\"twitter:data1\" content=\"2 minutes\" \/>\n<script type=\"application\/ld+json\" class=\"yoast-schema-graph\">{\"@context\":\"https:\\\/\\\/schema.org\",\"@graph\":[{\"@type\":\"WebPage\",\"@id\":\"https:\\\/\\\/www.bicyrekkord.com\\\/en\\\/privacy-policy\\\/\",\"url\":\"https:\\\/\\\/www.bicyrekkord.com\\\/en\\\/privacy-policy\\\/\",\"name\":\"Privacy Policy | BICYREKKORD\",\"isPartOf\":{\"@id\":\"https:\\\/\\\/www.bicyrekkord.com\\\/en\\\/#website\"},\"datePublished\":\"2024-05-26T07:34:18+00:00\",\"dateModified\":\"2025-06-06T00:59:56+00:00\",\"breadcrumb\":{\"@id\":\"https:\\\/\\\/www.bicyrekkord.com\\\/en\\\/privacy-policy\\\/#breadcrumb\"},\"inLanguage\":\"en-US\",\"potentialAction\":[{\"@type\":\"ReadAction\",\"target\":[\"https:\\\/\\\/www.bicyrekkord.com\\\/en\\\/privacy-policy\\\/\"]}]},{\"@type\":\"BreadcrumbList\",\"@id\":\"https:\\\/\\\/www.bicyrekkord.com\\\/en\\\/privacy-policy\\\/#breadcrumb\",\"itemListElement\":[{\"@type\":\"ListItem\",\"position\":1,\"name\":\"Inicio\",\"item\":\"https:\\\/\\\/www.bicyrekkord.com\\\/en\\\/home\\\/\"},{\"@type\":\"ListItem\",\"position\":2,\"name\":\"Privacy Policy\"}]},{\"@type\":\"WebSite\",\"@id\":\"https:\\\/\\\/www.bicyrekkord.com\\\/en\\\/#website\",\"url\":\"https:\\\/\\\/www.bicyrekkord.com\\\/en\\\/\",\"name\":\"Repuestos para Veh\u00edculos El\u00e9ctricos | BICYREKKORD\",\"description\":\"L\u00edder en repuestos para veh\u00edculos el\u00e9ctricos\",\"publisher\":{\"@id\":\"https:\\\/\\\/www.bicyrekkord.com\\\/en\\\/#organization\"},\"alternateName\":\"BICYREKKORD\",\"potentialAction\":[{\"@type\":\"SearchAction\",\"target\":{\"@type\":\"EntryPoint\",\"urlTemplate\":\"https:\\\/\\\/www.bicyrekkord.com\\\/en\\\/?s={search_term_string}\"},\"query-input\":{\"@type\":\"PropertyValueSpecification\",\"valueRequired\":true,\"valueName\":\"search_term_string\"}}],\"inLanguage\":\"en-US\"},{\"@type\":\"Organization\",\"@id\":\"https:\\\/\\\/www.bicyrekkord.com\\\/en\\\/#organization\",\"name\":\"BICYREKKORD\",\"alternateName\":\"L\u00edder en repuestos para veh\u00edculos el\u00e9ctricos\",\"url\":\"https:\\\/\\\/www.bicyrekkord.com\\\/en\\\/\",\"logo\":{\"@type\":\"ImageObject\",\"inLanguage\":\"en-US\",\"@id\":\"https:\\\/\\\/www.bicyrekkord.com\\\/en\\\/#\\\/schema\\\/logo\\\/image\\\/\",\"url\":\"https:\\\/\\\/www.bicyrekkord.com\\\/wp-content\\\/uploads\\\/2024\\\/05\\\/LOGO-BRK-12-1-scaled.png\",\"contentUrl\":\"https:\\\/\\\/www.bicyrekkord.com\\\/wp-content\\\/uploads\\\/2024\\\/05\\\/LOGO-BRK-12-1-scaled.png\",\"width\":2560,\"height\":726,\"caption\":\"BICYREKKORD\"},\"image\":{\"@id\":\"https:\\\/\\\/www.bicyrekkord.com\\\/en\\\/#\\\/schema\\\/logo\\\/image\\\/\"},\"sameAs\":[\"https:\\\/\\\/www.facebook.com\\\/BicyRekkord\\\/\",\"https:\\\/\\\/x.com\\\/BICYREKKORD\",\"https:\\\/\\\/www.instagram.com\\\/bicyrekkord\\\/\",\"https:\\\/\\\/www.youtube.com\\\/@Bicyrekkord\"]}]}<\/script>\n<!-- \/ Yoast SEO plugin. -->","yoast_head_json":{"title":"Privacy Policy | BICYREKKORD","robots":{"index":"index","follow":"follow","max-snippet":"max-snippet:-1","max-image-preview":"max-image-preview:large","max-video-preview":"max-video-preview:-1"},"canonical":"https:\/\/www.bicyrekkord.com\/en\/privacy-policy\/","og_locale":"en_US","og_type":"article","og_title":"Privacy Policy | BICYREKKORD","og_description":"REKKORD SAS : NIT: 900.560.734-4 PRIVACY POLICY: This Privacy Policy sets forth the terms under which REKKORD SAS, under its brand name BICYREKKORD uses and protects the information that is provided by its users when using its website. This company is committed to the security of its users&#8217; data. When we ask you to provide [&hellip;]","og_url":"https:\/\/www.bicyrekkord.com\/en\/privacy-policy\/","og_site_name":"BICYREKKORD","article_publisher":"https:\/\/www.facebook.com\/BicyRekkord\/","article_modified_time":"2025-06-06T00:59:56+00:00","og_image":[{"width":1600,"height":743,"url":"https:\/\/www.bicyrekkord.com\/wp-content\/uploads\/2024\/05\/LOGO-Original.png","type":"image\/png"}],"twitter_card":"summary_large_image","twitter_site":"@BICYREKKORD","twitter_misc":{"Est. reading time":"2 minutes"},"schema":{"@context":"https:\/\/schema.org","@graph":[{"@type":"WebPage","@id":"https:\/\/www.bicyrekkord.com\/en\/privacy-policy\/","url":"https:\/\/www.bicyrekkord.com\/en\/privacy-policy\/","name":"Privacy Policy | BICYREKKORD","isPartOf":{"@id":"https:\/\/www.bicyrekkord.com\/en\/#website"},"datePublished":"2024-05-26T07:34:18+00:00","dateModified":"2025-06-06T00:59:56+00:00","breadcrumb":{"@id":"https:\/\/www.bicyrekkord.com\/en\/privacy-policy\/#breadcrumb"},"inLanguage":"en-US","potentialAction":[{"@type":"ReadAction","target":["https:\/\/www.bicyrekkord.com\/en\/privacy-policy\/"]}]},{"@type":"BreadcrumbList","@id":"https:\/\/www.bicyrekkord.com\/en\/privacy-policy\/#breadcrumb","itemListElement":[{"@type":"ListItem","position":1,"name":"Inicio","item":"https:\/\/www.bicyrekkord.com\/en\/home\/"},{"@type":"ListItem","position":2,"name":"Privacy Policy"}]},{"@type":"WebSite","@id":"https:\/\/www.bicyrekkord.com\/en\/#website","url":"https:\/\/www.bicyrekkord.com\/en\/","name":"Repuestos para Veh\u00edculos El\u00e9ctricos | BICYREKKORD","description":"L\u00edder en repuestos para veh\u00edculos el\u00e9ctricos","publisher":{"@id":"https:\/\/www.bicyrekkord.com\/en\/#organization"},"alternateName":"BICYREKKORD","potentialAction":[{"@type":"SearchAction","target":{"@type":"EntryPoint","urlTemplate":"https:\/\/www.bicyrekkord.com\/en\/?s={search_term_string}"},"query-input":{"@type":"PropertyValueSpecification","valueRequired":true,"valueName":"search_term_string"}}],"inLanguage":"en-US"},{"@type":"Organization","@id":"https:\/\/www.bicyrekkord.com\/en\/#organization","name":"BICYREKKORD","alternateName":"L\u00edder en repuestos para veh\u00edculos el\u00e9ctricos","url":"https:\/\/www.bicyrekkord.com\/en\/","logo":{"@type":"ImageObject","inLanguage":"en-US","@id":"https:\/\/www.bicyrekkord.com\/en\/#\/schema\/logo\/image\/","url":"https:\/\/www.bicyrekkord.com\/wp-content\/uploads\/2024\/05\/LOGO-BRK-12-1-scaled.png","contentUrl":"https:\/\/www.bicyrekkord.com\/wp-content\/uploads\/2024\/05\/LOGO-BRK-12-1-scaled.png","width":2560,"height":726,"caption":"BICYREKKORD"},"image":{"@id":"https:\/\/www.bicyrekkord.com\/en\/#\/schema\/logo\/image\/"},"sameAs":["https:\/\/www.facebook.com\/BicyRekkord\/","https:\/\/x.com\/BICYREKKORD","https:\/\/www.instagram.com\/bicyrekkord\/","https:\/\/www.youtube.com\/@Bicyrekkord"]}]}},"_links":{"self":[{"href":"https:\/\/www.bicyrekkord.com\/en\/wp-json\/wp\/v2\/pages\/238281","targetHints":{"allow":["GET"]}}],"collection":[{"href":"https:\/\/www.bicyrekkord.com\/en\/wp-json\/wp\/v2\/pages"}],"about":[{"href":"https:\/\/www.bicyrekkord.com\/en\/wp-json\/wp\/v2\/types\/page"}],"author":[{"embeddable":true,"href":"https:\/\/www.bicyrekkord.com\/en\/wp-json\/wp\/v2\/users\/1"}],"replies":[{"embeddable":true,"href":"https:\/\/www.bicyrekkord.com\/en\/wp-json\/wp\/v2\/comments?post=238281"}],"version-history":[{"count":1,"href":"https:\/\/www.bicyrekkord.com\/en\/wp-json\/wp\/v2\/pages\/238281\/revisions"}],"predecessor-version":[{"id":238283,"href":"https:\/\/www.bicyrekkord.com\/en\/wp-json\/wp\/v2\/pages\/238281\/revisions\/238283"}],"wp:attachment":[{"href":"https:\/\/www.bicyrekkord.com\/en\/wp-json\/wp\/v2\/media?parent=238281"}],"curies":[{"name":"wp","href":"https:\/\/api.w.org\/{rel}","templated":true}]}}