{"id":238403,"date":"2024-05-02T18:36:00","date_gmt":"2024-05-02T23:36:00","guid":{"rendered":"https:\/\/www.bicyrekkord.com\/producto\/accelerator-with-whistle-switch-3-speeds-lights-and-directional-indicators\/"},"modified":"2024-05-02T18:36:00","modified_gmt":"2024-05-02T23:36:00","slug":"accelerator-with-whistle-switch-3-speeds-lights-and-directional-indicators","status":"publish","type":"product","link":"https:\/\/www.bicyrekkord.com\/en\/producto\/accelerator-with-whistle-switch-3-speeds-lights-and-directional-indicators\/","title":{"rendered":"Accelerator with whistle switch, 3 speeds, lights and directional indicators"},"content":{"rendered":"","protected":false},"excerpt":{"rendered":"<p>Accelerator with switch for whistle, lights and 3 speeds.<b>Compatible with electric vehicles from 12V and up. <strong>The throttle receives 5V independent of the voltage your electric vehicle drives.<\/strong><\/b><\/p>\n<p>Your purchase includes the two controls shown in the photo.<\/p>\n<p>Easy installation, suitable for most brushless electric vehicles with two wheels and electric bicycle cabs.<\/p>\n","protected":false},"featured_media":238017,"comment_status":"open","ping_status":"closed","template":"","meta":[],"product_brand":[],"product_cat":[83],"product_tag":[],"class_list":{"0":"post-238403","1":"product","2":"type-product","3":"status-publish","4":"has-post-thumbnail","6":"product_cat-accelerators","7":"product_shipping_class-free-shipping","9":"first","10":"instock","11":"shipping-taxable","12":"purchasable","13":"product-type-simple"},"yoast_head":"<!-- This site is optimized with the Yoast SEO plugin v27.4 - https:\/\/yoast.com\/product\/yoast-seo-wordpress\/ -->\n<title>Accelerator with whistle switch, 3 speeds, lights and directional indicators | BICYREKKORD<\/title>\n<meta name=\"robots\" content=\"index, follow, max-snippet:-1, max-image-preview:large, max-video-preview:-1\" \/>\n<link rel=\"canonical\" href=\"https:\/\/www.bicyrekkord.com\/en\/producto\/accelerator-with-whistle-switch-3-speeds-lights-and-directional-indicators\/\" \/>\n<meta property=\"og:locale\" content=\"en_US\" \/>\n<meta property=\"og:type\" content=\"article\" \/>\n<meta property=\"og:title\" content=\"Accelerator with whistle switch, 3 speeds, lights and directional indicators | BICYREKKORD\" \/>\n<meta property=\"og:description\" content=\"Accelerator with switch for whistle, lights and 3 speeds.Compatible with electric vehicles from 12V and up. The throttle receives 5V independent of the voltage your electric vehicle drives. Your purchase includes the two controls shown in the photo. Easy installation, suitable for most brushless electric vehicles with two wheels and electric bicycle cabs.\" \/>\n<meta property=\"og:url\" content=\"https:\/\/www.bicyrekkord.com\/en\/producto\/accelerator-with-whistle-switch-3-speeds-lights-and-directional-indicators\/\" \/>\n<meta property=\"og:site_name\" content=\"BICYREKKORD\" \/>\n<meta property=\"article:publisher\" content=\"https:\/\/www.facebook.com\/BicyRekkord\/\" \/>\n<meta property=\"og:image\" content=\"https:\/\/www.bicyrekkord.com\/wp-content\/uploads\/2024\/05\/Acelerador-con-interruptor-para-pito-3-velocidades-luces-y-direccionales.jpg\" \/>\n\t<meta property=\"og:image:width\" content=\"875\" \/>\n\t<meta property=\"og:image:height\" content=\"875\" \/>\n\t<meta property=\"og:image:type\" content=\"image\/jpeg\" \/>\n<meta name=\"twitter:card\" content=\"summary_large_image\" \/>\n<meta name=\"twitter:site\" content=\"@BICYREKKORD\" \/>\n<script type=\"application\/ld+json\" class=\"yoast-schema-graph\">{\"@context\":\"https:\\\/\\\/schema.org\",\"@graph\":[{\"@type\":\"WebPage\",\"@id\":\"https:\\\/\\\/www.bicyrekkord.com\\\/en\\\/producto\\\/accelerator-with-whistle-switch-3-speeds-lights-and-directional-indicators\\\/\",\"url\":\"https:\\\/\\\/www.bicyrekkord.com\\\/en\\\/producto\\\/accelerator-with-whistle-switch-3-speeds-lights-and-directional-indicators\\\/\",\"name\":\"Accelerator with whistle switch, 3 speeds, lights and directional indicators | BICYREKKORD\",\"isPartOf\":{\"@id\":\"https:\\\/\\\/www.bicyrekkord.com\\\/en\\\/#website\"},\"primaryImageOfPage\":{\"@id\":\"https:\\\/\\\/www.bicyrekkord.com\\\/en\\\/producto\\\/accelerator-with-whistle-switch-3-speeds-lights-and-directional-indicators\\\/#primaryimage\"},\"image\":{\"@id\":\"https:\\\/\\\/www.bicyrekkord.com\\\/en\\\/producto\\\/accelerator-with-whistle-switch-3-speeds-lights-and-directional-indicators\\\/#primaryimage\"},\"thumbnailUrl\":\"https:\\\/\\\/www.bicyrekkord.com\\\/wp-content\\\/uploads\\\/2024\\\/05\\\/Acelerador-con-interruptor-para-pito-3-velocidades-luces-y-direccionales.jpg\",\"datePublished\":\"2024-05-02T23:36:00+00:00\",\"breadcrumb\":{\"@id\":\"https:\\\/\\\/www.bicyrekkord.com\\\/en\\\/producto\\\/accelerator-with-whistle-switch-3-speeds-lights-and-directional-indicators\\\/#breadcrumb\"},\"inLanguage\":\"en-US\",\"potentialAction\":[{\"@type\":\"ReadAction\",\"target\":[\"https:\\\/\\\/www.bicyrekkord.com\\\/en\\\/producto\\\/accelerator-with-whistle-switch-3-speeds-lights-and-directional-indicators\\\/\"]}]},{\"@type\":\"ImageObject\",\"inLanguage\":\"en-US\",\"@id\":\"https:\\\/\\\/www.bicyrekkord.com\\\/en\\\/producto\\\/accelerator-with-whistle-switch-3-speeds-lights-and-directional-indicators\\\/#primaryimage\",\"url\":\"https:\\\/\\\/www.bicyrekkord.com\\\/wp-content\\\/uploads\\\/2024\\\/05\\\/Acelerador-con-interruptor-para-pito-3-velocidades-luces-y-direccionales.jpg\",\"contentUrl\":\"https:\\\/\\\/www.bicyrekkord.com\\\/wp-content\\\/uploads\\\/2024\\\/05\\\/Acelerador-con-interruptor-para-pito-3-velocidades-luces-y-direccionales.jpg\",\"width\":875,\"height\":875},{\"@type\":\"BreadcrumbList\",\"@id\":\"https:\\\/\\\/www.bicyrekkord.com\\\/en\\\/producto\\\/accelerator-with-whistle-switch-3-speeds-lights-and-directional-indicators\\\/#breadcrumb\",\"itemListElement\":[{\"@type\":\"ListItem\",\"position\":1,\"name\":\"Inicio\",\"item\":\"https:\\\/\\\/www.bicyrekkord.com\\\/en\\\/home\\\/\"},{\"@type\":\"ListItem\",\"position\":2,\"name\":\"Shop\",\"item\":\"https:\\\/\\\/www.bicyrekkord.com\\\/en\\\/shop\\\/\"},{\"@type\":\"ListItem\",\"position\":3,\"name\":\"Accelerator with whistle switch, 3 speeds, lights and directional indicators\"}]},{\"@type\":\"WebSite\",\"@id\":\"https:\\\/\\\/www.bicyrekkord.com\\\/en\\\/#website\",\"url\":\"https:\\\/\\\/www.bicyrekkord.com\\\/en\\\/\",\"name\":\"Repuestos para Veh\u00edculos El\u00e9ctricos | BICYREKKORD\",\"description\":\"L\u00edder en repuestos para veh\u00edculos el\u00e9ctricos\",\"publisher\":{\"@id\":\"https:\\\/\\\/www.bicyrekkord.com\\\/en\\\/#organization\"},\"alternateName\":\"BICYREKKORD\",\"potentialAction\":[{\"@type\":\"SearchAction\",\"target\":{\"@type\":\"EntryPoint\",\"urlTemplate\":\"https:\\\/\\\/www.bicyrekkord.com\\\/en\\\/?s={search_term_string}\"},\"query-input\":{\"@type\":\"PropertyValueSpecification\",\"valueRequired\":true,\"valueName\":\"search_term_string\"}}],\"inLanguage\":\"en-US\"},{\"@type\":\"Organization\",\"@id\":\"https:\\\/\\\/www.bicyrekkord.com\\\/en\\\/#organization\",\"name\":\"BICYREKKORD\",\"alternateName\":\"L\u00edder en repuestos para veh\u00edculos el\u00e9ctricos\",\"url\":\"https:\\\/\\\/www.bicyrekkord.com\\\/en\\\/\",\"logo\":{\"@type\":\"ImageObject\",\"inLanguage\":\"en-US\",\"@id\":\"https:\\\/\\\/www.bicyrekkord.com\\\/en\\\/#\\\/schema\\\/logo\\\/image\\\/\",\"url\":\"https:\\\/\\\/www.bicyrekkord.com\\\/wp-content\\\/uploads\\\/2024\\\/05\\\/LOGO-BRK-12-1-scaled.png\",\"contentUrl\":\"https:\\\/\\\/www.bicyrekkord.com\\\/wp-content\\\/uploads\\\/2024\\\/05\\\/LOGO-BRK-12-1-scaled.png\",\"width\":2560,\"height\":726,\"caption\":\"BICYREKKORD\"},\"image\":{\"@id\":\"https:\\\/\\\/www.bicyrekkord.com\\\/en\\\/#\\\/schema\\\/logo\\\/image\\\/\"},\"sameAs\":[\"https:\\\/\\\/www.facebook.com\\\/BicyRekkord\\\/\",\"https:\\\/\\\/x.com\\\/BICYREKKORD\",\"https:\\\/\\\/www.instagram.com\\\/bicyrekkord\\\/\",\"https:\\\/\\\/www.youtube.com\\\/@Bicyrekkord\"]}]}<\/script>\n<!-- \/ Yoast SEO plugin. -->","yoast_head_json":{"title":"Accelerator with whistle switch, 3 speeds, lights and directional indicators | BICYREKKORD","robots":{"index":"index","follow":"follow","max-snippet":"max-snippet:-1","max-image-preview":"max-image-preview:large","max-video-preview":"max-video-preview:-1"},"canonical":"https:\/\/www.bicyrekkord.com\/en\/producto\/accelerator-with-whistle-switch-3-speeds-lights-and-directional-indicators\/","og_locale":"en_US","og_type":"article","og_title":"Accelerator with whistle switch, 3 speeds, lights and directional indicators | BICYREKKORD","og_description":"Accelerator with switch for whistle, lights and 3 speeds.Compatible with electric vehicles from 12V and up. The throttle receives 5V independent of the voltage your electric vehicle drives. Your purchase includes the two controls shown in the photo. Easy installation, suitable for most brushless electric vehicles with two wheels and electric bicycle cabs.","og_url":"https:\/\/www.bicyrekkord.com\/en\/producto\/accelerator-with-whistle-switch-3-speeds-lights-and-directional-indicators\/","og_site_name":"BICYREKKORD","article_publisher":"https:\/\/www.facebook.com\/BicyRekkord\/","og_image":[{"width":875,"height":875,"url":"https:\/\/www.bicyrekkord.com\/wp-content\/uploads\/2024\/05\/Acelerador-con-interruptor-para-pito-3-velocidades-luces-y-direccionales.jpg","type":"image\/jpeg"}],"twitter_card":"summary_large_image","twitter_site":"@BICYREKKORD","schema":{"@context":"https:\/\/schema.org","@graph":[{"@type":"WebPage","@id":"https:\/\/www.bicyrekkord.com\/en\/producto\/accelerator-with-whistle-switch-3-speeds-lights-and-directional-indicators\/","url":"https:\/\/www.bicyrekkord.com\/en\/producto\/accelerator-with-whistle-switch-3-speeds-lights-and-directional-indicators\/","name":"Accelerator with whistle switch, 3 speeds, lights and directional indicators | BICYREKKORD","isPartOf":{"@id":"https:\/\/www.bicyrekkord.com\/en\/#website"},"primaryImageOfPage":{"@id":"https:\/\/www.bicyrekkord.com\/en\/producto\/accelerator-with-whistle-switch-3-speeds-lights-and-directional-indicators\/#primaryimage"},"image":{"@id":"https:\/\/www.bicyrekkord.com\/en\/producto\/accelerator-with-whistle-switch-3-speeds-lights-and-directional-indicators\/#primaryimage"},"thumbnailUrl":"https:\/\/www.bicyrekkord.com\/wp-content\/uploads\/2024\/05\/Acelerador-con-interruptor-para-pito-3-velocidades-luces-y-direccionales.jpg","datePublished":"2024-05-02T23:36:00+00:00","breadcrumb":{"@id":"https:\/\/www.bicyrekkord.com\/en\/producto\/accelerator-with-whistle-switch-3-speeds-lights-and-directional-indicators\/#breadcrumb"},"inLanguage":"en-US","potentialAction":[{"@type":"ReadAction","target":["https:\/\/www.bicyrekkord.com\/en\/producto\/accelerator-with-whistle-switch-3-speeds-lights-and-directional-indicators\/"]}]},{"@type":"ImageObject","inLanguage":"en-US","@id":"https:\/\/www.bicyrekkord.com\/en\/producto\/accelerator-with-whistle-switch-3-speeds-lights-and-directional-indicators\/#primaryimage","url":"https:\/\/www.bicyrekkord.com\/wp-content\/uploads\/2024\/05\/Acelerador-con-interruptor-para-pito-3-velocidades-luces-y-direccionales.jpg","contentUrl":"https:\/\/www.bicyrekkord.com\/wp-content\/uploads\/2024\/05\/Acelerador-con-interruptor-para-pito-3-velocidades-luces-y-direccionales.jpg","width":875,"height":875},{"@type":"BreadcrumbList","@id":"https:\/\/www.bicyrekkord.com\/en\/producto\/accelerator-with-whistle-switch-3-speeds-lights-and-directional-indicators\/#breadcrumb","itemListElement":[{"@type":"ListItem","position":1,"name":"Inicio","item":"https:\/\/www.bicyrekkord.com\/en\/home\/"},{"@type":"ListItem","position":2,"name":"Shop","item":"https:\/\/www.bicyrekkord.com\/en\/shop\/"},{"@type":"ListItem","position":3,"name":"Accelerator with whistle switch, 3 speeds, lights and directional indicators"}]},{"@type":"WebSite","@id":"https:\/\/www.bicyrekkord.com\/en\/#website","url":"https:\/\/www.bicyrekkord.com\/en\/","name":"Repuestos para Veh\u00edculos El\u00e9ctricos | BICYREKKORD","description":"L\u00edder en repuestos para veh\u00edculos el\u00e9ctricos","publisher":{"@id":"https:\/\/www.bicyrekkord.com\/en\/#organization"},"alternateName":"BICYREKKORD","potentialAction":[{"@type":"SearchAction","target":{"@type":"EntryPoint","urlTemplate":"https:\/\/www.bicyrekkord.com\/en\/?s={search_term_string}"},"query-input":{"@type":"PropertyValueSpecification","valueRequired":true,"valueName":"search_term_string"}}],"inLanguage":"en-US"},{"@type":"Organization","@id":"https:\/\/www.bicyrekkord.com\/en\/#organization","name":"BICYREKKORD","alternateName":"L\u00edder en repuestos para veh\u00edculos el\u00e9ctricos","url":"https:\/\/www.bicyrekkord.com\/en\/","logo":{"@type":"ImageObject","inLanguage":"en-US","@id":"https:\/\/www.bicyrekkord.com\/en\/#\/schema\/logo\/image\/","url":"https:\/\/www.bicyrekkord.com\/wp-content\/uploads\/2024\/05\/LOGO-BRK-12-1-scaled.png","contentUrl":"https:\/\/www.bicyrekkord.com\/wp-content\/uploads\/2024\/05\/LOGO-BRK-12-1-scaled.png","width":2560,"height":726,"caption":"BICYREKKORD"},"image":{"@id":"https:\/\/www.bicyrekkord.com\/en\/#\/schema\/logo\/image\/"},"sameAs":["https:\/\/www.facebook.com\/BicyRekkord\/","https:\/\/x.com\/BICYREKKORD","https:\/\/www.instagram.com\/bicyrekkord\/","https:\/\/www.youtube.com\/@Bicyrekkord"]}]}},"_links":{"self":[{"href":"https:\/\/www.bicyrekkord.com\/en\/wp-json\/wp\/v2\/product\/238403","targetHints":{"allow":["GET"]}}],"collection":[{"href":"https:\/\/www.bicyrekkord.com\/en\/wp-json\/wp\/v2\/product"}],"about":[{"href":"https:\/\/www.bicyrekkord.com\/en\/wp-json\/wp\/v2\/types\/product"}],"replies":[{"embeddable":true,"href":"https:\/\/www.bicyrekkord.com\/en\/wp-json\/wp\/v2\/comments?post=238403"}],"wp:featuredmedia":[{"embeddable":true,"href":"https:\/\/www.bicyrekkord.com\/en\/wp-json\/wp\/v2\/media\/238017"}],"wp:attachment":[{"href":"https:\/\/www.bicyrekkord.com\/en\/wp-json\/wp\/v2\/media?parent=238403"}],"wp:term":[{"taxonomy":"product_brand","embeddable":true,"href":"https:\/\/www.bicyrekkord.com\/en\/wp-json\/wp\/v2\/product_brand?post=238403"},{"taxonomy":"product_cat","embeddable":true,"href":"https:\/\/www.bicyrekkord.com\/en\/wp-json\/wp\/v2\/product_cat?post=238403"},{"taxonomy":"product_tag","embeddable":true,"href":"https:\/\/www.bicyrekkord.com\/en\/wp-json\/wp\/v2\/product_tag?post=238403"}],"curies":[{"name":"wp","href":"https:\/\/api.w.org\/{rel}","templated":true}]}}