{"id":238547,"date":"2024-05-02T18:34:11","date_gmt":"2024-05-02T23:34:11","guid":{"rendered":"https:\/\/www.bicyrekkord.com\/producto\/throttle-and-thumb-brake-electric-scooter\/"},"modified":"2025-07-01T00:07:30","modified_gmt":"2025-07-01T05:07:30","slug":"throttle-and-thumb-brake-electric-scooter","status":"publish","type":"product","link":"https:\/\/www.bicyrekkord.com\/en\/producto\/throttle-and-thumb-brake-electric-scooter\/","title":{"rendered":"Throttle and Thumb Brake Electric Scooter"},"content":{"rendered":"","protected":false},"excerpt":{"rendered":"<p>Throttle and thumb brake for electric scooters, <b>compatible with electric vehicles from 12V onwards. <strong>The throttle reaches 5V independent of the voltage that drives your electric vehicle.<\/strong><\/b><\/p>\n<p>Accelerator compatible with Ninebot scooters.<\/p>\n<p>Brake compatible with Ninebot scooters.<\/p>\n<p><strong>Your purchase includes both controls.<\/strong><\/p>\n<p>Easy installation, suitable for most electric scooters.<\/p>\n<p>&nbsp;<\/p>\n","protected":false},"featured_media":237895,"comment_status":"open","ping_status":"closed","template":"","meta":[],"product_brand":[],"product_cat":[83],"product_tag":[94],"class_list":{"0":"post-238547","1":"product","2":"type-product","3":"status-publish","4":"has-post-thumbnail","6":"product_cat-accelerators","7":"product_tag-spare-parts-for-electric-bicycles","8":"product_shipping_class-cash-on-delivery","10":"first","11":"instock","12":"shipping-taxable","13":"purchasable","14":"product-type-simple"},"yoast_head":"<!-- This site is optimized with the Yoast SEO plugin v27.5 - https:\/\/yoast.com\/product\/yoast-seo-wordpress\/ -->\n<title>Throttle and Thumb Brake Electric Scooter | BICYREKKORD<\/title>\n<meta name=\"robots\" content=\"index, follow, max-snippet:-1, max-image-preview:large, max-video-preview:-1\" \/>\n<link rel=\"canonical\" href=\"https:\/\/www.bicyrekkord.com\/en\/producto\/throttle-and-thumb-brake-electric-scooter\/\" \/>\n<meta property=\"og:locale\" content=\"en_US\" \/>\n<meta property=\"og:type\" content=\"article\" \/>\n<meta property=\"og:title\" content=\"Throttle and Thumb Brake Electric Scooter | BICYREKKORD\" \/>\n<meta property=\"og:description\" content=\"Throttle and thumb brake for electric scooters, compatible with electric vehicles from 12V onwards. The throttle reaches 5V independent of the voltage that drives your electric vehicle. Accelerator compatible with Ninebot scooters. Brake compatible with Ninebot scooters. Your purchase includes both controls. Easy installation, suitable for most electric scooters. &nbsp;\" \/>\n<meta property=\"og:url\" content=\"https:\/\/www.bicyrekkord.com\/en\/producto\/throttle-and-thumb-brake-electric-scooter\/\" \/>\n<meta property=\"og:site_name\" content=\"BICYREKKORD\" \/>\n<meta property=\"article:publisher\" content=\"https:\/\/www.facebook.com\/BicyRekkord\/\" \/>\n<meta property=\"article:modified_time\" content=\"2025-07-01T05:07:30+00:00\" \/>\n<meta property=\"og:image\" content=\"https:\/\/www.bicyrekkord.com\/wp-content\/uploads\/2024\/05\/Acelerador-y-Freno-de-Pulgar-Patineta-Electrica.jpg\" \/>\n\t<meta property=\"og:image:width\" content=\"875\" \/>\n\t<meta property=\"og:image:height\" content=\"875\" \/>\n\t<meta property=\"og:image:type\" content=\"image\/jpeg\" \/>\n<meta name=\"twitter:card\" content=\"summary_large_image\" \/>\n<meta name=\"twitter:site\" content=\"@BICYREKKORD\" \/>\n<script type=\"application\/ld+json\" class=\"yoast-schema-graph\">{\"@context\":\"https:\\\/\\\/schema.org\",\"@graph\":[{\"@type\":\"WebPage\",\"@id\":\"https:\\\/\\\/www.bicyrekkord.com\\\/en\\\/producto\\\/throttle-and-thumb-brake-electric-scooter\\\/\",\"url\":\"https:\\\/\\\/www.bicyrekkord.com\\\/en\\\/producto\\\/throttle-and-thumb-brake-electric-scooter\\\/\",\"name\":\"Throttle and Thumb Brake Electric Scooter | BICYREKKORD\",\"isPartOf\":{\"@id\":\"https:\\\/\\\/www.bicyrekkord.com\\\/en\\\/#website\"},\"primaryImageOfPage\":{\"@id\":\"https:\\\/\\\/www.bicyrekkord.com\\\/en\\\/producto\\\/throttle-and-thumb-brake-electric-scooter\\\/#primaryimage\"},\"image\":{\"@id\":\"https:\\\/\\\/www.bicyrekkord.com\\\/en\\\/producto\\\/throttle-and-thumb-brake-electric-scooter\\\/#primaryimage\"},\"thumbnailUrl\":\"https:\\\/\\\/www.bicyrekkord.com\\\/wp-content\\\/uploads\\\/2024\\\/05\\\/Acelerador-y-Freno-de-Pulgar-Patineta-Electrica.jpg\",\"datePublished\":\"2024-05-02T23:34:11+00:00\",\"dateModified\":\"2025-07-01T05:07:30+00:00\",\"breadcrumb\":{\"@id\":\"https:\\\/\\\/www.bicyrekkord.com\\\/en\\\/producto\\\/throttle-and-thumb-brake-electric-scooter\\\/#breadcrumb\"},\"inLanguage\":\"en-US\",\"potentialAction\":[{\"@type\":\"ReadAction\",\"target\":[\"https:\\\/\\\/www.bicyrekkord.com\\\/en\\\/producto\\\/throttle-and-thumb-brake-electric-scooter\\\/\"]}]},{\"@type\":\"ImageObject\",\"inLanguage\":\"en-US\",\"@id\":\"https:\\\/\\\/www.bicyrekkord.com\\\/en\\\/producto\\\/throttle-and-thumb-brake-electric-scooter\\\/#primaryimage\",\"url\":\"https:\\\/\\\/www.bicyrekkord.com\\\/wp-content\\\/uploads\\\/2024\\\/05\\\/Acelerador-y-Freno-de-Pulgar-Patineta-Electrica.jpg\",\"contentUrl\":\"https:\\\/\\\/www.bicyrekkord.com\\\/wp-content\\\/uploads\\\/2024\\\/05\\\/Acelerador-y-Freno-de-Pulgar-Patineta-Electrica.jpg\",\"width\":875,\"height\":875},{\"@type\":\"BreadcrumbList\",\"@id\":\"https:\\\/\\\/www.bicyrekkord.com\\\/en\\\/producto\\\/throttle-and-thumb-brake-electric-scooter\\\/#breadcrumb\",\"itemListElement\":[{\"@type\":\"ListItem\",\"position\":1,\"name\":\"Inicio\",\"item\":\"https:\\\/\\\/www.bicyrekkord.com\\\/en\\\/home\\\/\"},{\"@type\":\"ListItem\",\"position\":2,\"name\":\"Shop\",\"item\":\"https:\\\/\\\/www.bicyrekkord.com\\\/en\\\/shop\\\/\"},{\"@type\":\"ListItem\",\"position\":3,\"name\":\"Throttle and Thumb Brake Electric Scooter\"}]},{\"@type\":\"WebSite\",\"@id\":\"https:\\\/\\\/www.bicyrekkord.com\\\/en\\\/#website\",\"url\":\"https:\\\/\\\/www.bicyrekkord.com\\\/en\\\/\",\"name\":\"Repuestos para Veh\u00edculos El\u00e9ctricos | BICYREKKORD\",\"description\":\"L\u00edder en repuestos para veh\u00edculos el\u00e9ctricos\",\"publisher\":{\"@id\":\"https:\\\/\\\/www.bicyrekkord.com\\\/en\\\/#organization\"},\"alternateName\":\"BICYREKKORD\",\"potentialAction\":[{\"@type\":\"SearchAction\",\"target\":{\"@type\":\"EntryPoint\",\"urlTemplate\":\"https:\\\/\\\/www.bicyrekkord.com\\\/en\\\/?s={search_term_string}\"},\"query-input\":{\"@type\":\"PropertyValueSpecification\",\"valueRequired\":true,\"valueName\":\"search_term_string\"}}],\"inLanguage\":\"en-US\"},{\"@type\":\"Organization\",\"@id\":\"https:\\\/\\\/www.bicyrekkord.com\\\/en\\\/#organization\",\"name\":\"BICYREKKORD\",\"alternateName\":\"L\u00edder en repuestos para veh\u00edculos el\u00e9ctricos\",\"url\":\"https:\\\/\\\/www.bicyrekkord.com\\\/en\\\/\",\"logo\":{\"@type\":\"ImageObject\",\"inLanguage\":\"en-US\",\"@id\":\"https:\\\/\\\/www.bicyrekkord.com\\\/en\\\/#\\\/schema\\\/logo\\\/image\\\/\",\"url\":\"https:\\\/\\\/www.bicyrekkord.com\\\/wp-content\\\/uploads\\\/2024\\\/05\\\/LOGO-BRK-12-1-scaled.png\",\"contentUrl\":\"https:\\\/\\\/www.bicyrekkord.com\\\/wp-content\\\/uploads\\\/2024\\\/05\\\/LOGO-BRK-12-1-scaled.png\",\"width\":2560,\"height\":726,\"caption\":\"BICYREKKORD\"},\"image\":{\"@id\":\"https:\\\/\\\/www.bicyrekkord.com\\\/en\\\/#\\\/schema\\\/logo\\\/image\\\/\"},\"sameAs\":[\"https:\\\/\\\/www.facebook.com\\\/BicyRekkord\\\/\",\"https:\\\/\\\/x.com\\\/BICYREKKORD\",\"https:\\\/\\\/www.instagram.com\\\/bicyrekkord\\\/\",\"https:\\\/\\\/www.youtube.com\\\/@Bicyrekkord\"]}]}<\/script>\n<!-- \/ Yoast SEO plugin. -->","yoast_head_json":{"title":"Throttle and Thumb Brake Electric Scooter | BICYREKKORD","robots":{"index":"index","follow":"follow","max-snippet":"max-snippet:-1","max-image-preview":"max-image-preview:large","max-video-preview":"max-video-preview:-1"},"canonical":"https:\/\/www.bicyrekkord.com\/en\/producto\/throttle-and-thumb-brake-electric-scooter\/","og_locale":"en_US","og_type":"article","og_title":"Throttle and Thumb Brake Electric Scooter | BICYREKKORD","og_description":"Throttle and thumb brake for electric scooters, compatible with electric vehicles from 12V onwards. The throttle reaches 5V independent of the voltage that drives your electric vehicle. Accelerator compatible with Ninebot scooters. Brake compatible with Ninebot scooters. Your purchase includes both controls. Easy installation, suitable for most electric scooters. &nbsp;","og_url":"https:\/\/www.bicyrekkord.com\/en\/producto\/throttle-and-thumb-brake-electric-scooter\/","og_site_name":"BICYREKKORD","article_publisher":"https:\/\/www.facebook.com\/BicyRekkord\/","article_modified_time":"2025-07-01T05:07:30+00:00","og_image":[{"width":875,"height":875,"url":"https:\/\/www.bicyrekkord.com\/wp-content\/uploads\/2024\/05\/Acelerador-y-Freno-de-Pulgar-Patineta-Electrica.jpg","type":"image\/jpeg"}],"twitter_card":"summary_large_image","twitter_site":"@BICYREKKORD","schema":{"@context":"https:\/\/schema.org","@graph":[{"@type":"WebPage","@id":"https:\/\/www.bicyrekkord.com\/en\/producto\/throttle-and-thumb-brake-electric-scooter\/","url":"https:\/\/www.bicyrekkord.com\/en\/producto\/throttle-and-thumb-brake-electric-scooter\/","name":"Throttle and Thumb Brake Electric Scooter | BICYREKKORD","isPartOf":{"@id":"https:\/\/www.bicyrekkord.com\/en\/#website"},"primaryImageOfPage":{"@id":"https:\/\/www.bicyrekkord.com\/en\/producto\/throttle-and-thumb-brake-electric-scooter\/#primaryimage"},"image":{"@id":"https:\/\/www.bicyrekkord.com\/en\/producto\/throttle-and-thumb-brake-electric-scooter\/#primaryimage"},"thumbnailUrl":"https:\/\/www.bicyrekkord.com\/wp-content\/uploads\/2024\/05\/Acelerador-y-Freno-de-Pulgar-Patineta-Electrica.jpg","datePublished":"2024-05-02T23:34:11+00:00","dateModified":"2025-07-01T05:07:30+00:00","breadcrumb":{"@id":"https:\/\/www.bicyrekkord.com\/en\/producto\/throttle-and-thumb-brake-electric-scooter\/#breadcrumb"},"inLanguage":"en-US","potentialAction":[{"@type":"ReadAction","target":["https:\/\/www.bicyrekkord.com\/en\/producto\/throttle-and-thumb-brake-electric-scooter\/"]}]},{"@type":"ImageObject","inLanguage":"en-US","@id":"https:\/\/www.bicyrekkord.com\/en\/producto\/throttle-and-thumb-brake-electric-scooter\/#primaryimage","url":"https:\/\/www.bicyrekkord.com\/wp-content\/uploads\/2024\/05\/Acelerador-y-Freno-de-Pulgar-Patineta-Electrica.jpg","contentUrl":"https:\/\/www.bicyrekkord.com\/wp-content\/uploads\/2024\/05\/Acelerador-y-Freno-de-Pulgar-Patineta-Electrica.jpg","width":875,"height":875},{"@type":"BreadcrumbList","@id":"https:\/\/www.bicyrekkord.com\/en\/producto\/throttle-and-thumb-brake-electric-scooter\/#breadcrumb","itemListElement":[{"@type":"ListItem","position":1,"name":"Inicio","item":"https:\/\/www.bicyrekkord.com\/en\/home\/"},{"@type":"ListItem","position":2,"name":"Shop","item":"https:\/\/www.bicyrekkord.com\/en\/shop\/"},{"@type":"ListItem","position":3,"name":"Throttle and Thumb Brake Electric Scooter"}]},{"@type":"WebSite","@id":"https:\/\/www.bicyrekkord.com\/en\/#website","url":"https:\/\/www.bicyrekkord.com\/en\/","name":"Repuestos para Veh\u00edculos El\u00e9ctricos | BICYREKKORD","description":"L\u00edder en repuestos para veh\u00edculos el\u00e9ctricos","publisher":{"@id":"https:\/\/www.bicyrekkord.com\/en\/#organization"},"alternateName":"BICYREKKORD","potentialAction":[{"@type":"SearchAction","target":{"@type":"EntryPoint","urlTemplate":"https:\/\/www.bicyrekkord.com\/en\/?s={search_term_string}"},"query-input":{"@type":"PropertyValueSpecification","valueRequired":true,"valueName":"search_term_string"}}],"inLanguage":"en-US"},{"@type":"Organization","@id":"https:\/\/www.bicyrekkord.com\/en\/#organization","name":"BICYREKKORD","alternateName":"L\u00edder en repuestos para veh\u00edculos el\u00e9ctricos","url":"https:\/\/www.bicyrekkord.com\/en\/","logo":{"@type":"ImageObject","inLanguage":"en-US","@id":"https:\/\/www.bicyrekkord.com\/en\/#\/schema\/logo\/image\/","url":"https:\/\/www.bicyrekkord.com\/wp-content\/uploads\/2024\/05\/LOGO-BRK-12-1-scaled.png","contentUrl":"https:\/\/www.bicyrekkord.com\/wp-content\/uploads\/2024\/05\/LOGO-BRK-12-1-scaled.png","width":2560,"height":726,"caption":"BICYREKKORD"},"image":{"@id":"https:\/\/www.bicyrekkord.com\/en\/#\/schema\/logo\/image\/"},"sameAs":["https:\/\/www.facebook.com\/BicyRekkord\/","https:\/\/x.com\/BICYREKKORD","https:\/\/www.instagram.com\/bicyrekkord\/","https:\/\/www.youtube.com\/@Bicyrekkord"]}]}},"_links":{"self":[{"href":"https:\/\/www.bicyrekkord.com\/en\/wp-json\/wp\/v2\/product\/238547","targetHints":{"allow":["GET"]}}],"collection":[{"href":"https:\/\/www.bicyrekkord.com\/en\/wp-json\/wp\/v2\/product"}],"about":[{"href":"https:\/\/www.bicyrekkord.com\/en\/wp-json\/wp\/v2\/types\/product"}],"replies":[{"embeddable":true,"href":"https:\/\/www.bicyrekkord.com\/en\/wp-json\/wp\/v2\/comments?post=238547"}],"wp:featuredmedia":[{"embeddable":true,"href":"https:\/\/www.bicyrekkord.com\/en\/wp-json\/wp\/v2\/media\/237895"}],"wp:attachment":[{"href":"https:\/\/www.bicyrekkord.com\/en\/wp-json\/wp\/v2\/media?parent=238547"}],"wp:term":[{"taxonomy":"product_brand","embeddable":true,"href":"https:\/\/www.bicyrekkord.com\/en\/wp-json\/wp\/v2\/product_brand?post=238547"},{"taxonomy":"product_cat","embeddable":true,"href":"https:\/\/www.bicyrekkord.com\/en\/wp-json\/wp\/v2\/product_cat?post=238547"},{"taxonomy":"product_tag","embeddable":true,"href":"https:\/\/www.bicyrekkord.com\/en\/wp-json\/wp\/v2\/product_tag?post=238547"}],"curies":[{"name":"wp","href":"https:\/\/api.w.org\/{rel}","templated":true}]}}