{"id":238687,"date":"2024-05-02T18:30:53","date_gmt":"2024-05-02T23:30:53","guid":{"rendered":"https:\/\/www.bicyrekkord.com\/producto\/brake-band-100mm-trasero-with-key-and-bell\/"},"modified":"2024-05-02T18:30:53","modified_gmt":"2024-05-02T23:30:53","slug":"brake-band-100mm-trasero-with-key-and-bell","status":"publish","type":"product","link":"https:\/\/www.bicyrekkord.com\/en\/producto\/brake-band-100mm-trasero-with-key-and-bell\/","title":{"rendered":"Brake Band 100mm-Trasero with key and bell"},"content":{"rendered":"","protected":false},"excerpt":{"rendered":"<p>Ideal brake for electric bicycles.<\/p>\n","protected":false},"featured_media":237653,"comment_status":"open","ping_status":"closed","template":"","meta":[],"product_brand":[],"product_cat":[111,110],"product_tag":[],"class_list":{"0":"post-238687","1":"product","2":"type-product","3":"status-publish","4":"has-post-thumbnail","6":"product_cat-brakes","7":"product_cat-braking-system","8":"product_shipping_class-cash-on-delivery","10":"first","11":"instock","12":"sale","13":"shipping-taxable","14":"purchasable","15":"product-type-simple"},"yoast_head":"<!-- This site is optimized with the Yoast SEO plugin v27.4 - https:\/\/yoast.com\/product\/yoast-seo-wordpress\/ -->\n<title>Brake Band 100mm-Trasero with key and bell | BICYREKKORD<\/title>\n<meta name=\"robots\" content=\"index, follow, max-snippet:-1, max-image-preview:large, max-video-preview:-1\" \/>\n<link rel=\"canonical\" href=\"https:\/\/www.bicyrekkord.com\/en\/producto\/brake-band-100mm-trasero-with-key-and-bell\/\" \/>\n<meta property=\"og:locale\" content=\"en_US\" \/>\n<meta property=\"og:type\" content=\"article\" \/>\n<meta property=\"og:title\" content=\"Brake Band 100mm-Trasero with key and bell | BICYREKKORD\" \/>\n<meta property=\"og:description\" content=\"Ideal brake for electric bicycles.\" \/>\n<meta property=\"og:url\" content=\"https:\/\/www.bicyrekkord.com\/en\/producto\/brake-band-100mm-trasero-with-key-and-bell\/\" \/>\n<meta property=\"og:site_name\" content=\"BICYREKKORD\" \/>\n<meta property=\"article:publisher\" content=\"https:\/\/www.facebook.com\/BicyRekkord\/\" \/>\n<meta property=\"og:image\" content=\"https:\/\/www.bicyrekkord.com\/wp-content\/uploads\/2024\/05\/Freno-con-llave-trasero.jpg\" \/>\n\t<meta property=\"og:image:width\" content=\"875\" \/>\n\t<meta property=\"og:image:height\" content=\"875\" \/>\n\t<meta property=\"og:image:type\" content=\"image\/jpeg\" \/>\n<meta name=\"twitter:card\" content=\"summary_large_image\" \/>\n<meta name=\"twitter:site\" content=\"@BICYREKKORD\" \/>\n<script type=\"application\/ld+json\" class=\"yoast-schema-graph\">{\"@context\":\"https:\\\/\\\/schema.org\",\"@graph\":[{\"@type\":\"WebPage\",\"@id\":\"https:\\\/\\\/www.bicyrekkord.com\\\/en\\\/producto\\\/brake-band-100mm-trasero-with-key-and-bell\\\/\",\"url\":\"https:\\\/\\\/www.bicyrekkord.com\\\/en\\\/producto\\\/brake-band-100mm-trasero-with-key-and-bell\\\/\",\"name\":\"Brake Band 100mm-Trasero with key and bell | BICYREKKORD\",\"isPartOf\":{\"@id\":\"https:\\\/\\\/www.bicyrekkord.com\\\/en\\\/#website\"},\"primaryImageOfPage\":{\"@id\":\"https:\\\/\\\/www.bicyrekkord.com\\\/en\\\/producto\\\/brake-band-100mm-trasero-with-key-and-bell\\\/#primaryimage\"},\"image\":{\"@id\":\"https:\\\/\\\/www.bicyrekkord.com\\\/en\\\/producto\\\/brake-band-100mm-trasero-with-key-and-bell\\\/#primaryimage\"},\"thumbnailUrl\":\"https:\\\/\\\/www.bicyrekkord.com\\\/wp-content\\\/uploads\\\/2024\\\/05\\\/Freno-con-llave-trasero.jpg\",\"datePublished\":\"2024-05-02T23:30:53+00:00\",\"breadcrumb\":{\"@id\":\"https:\\\/\\\/www.bicyrekkord.com\\\/en\\\/producto\\\/brake-band-100mm-trasero-with-key-and-bell\\\/#breadcrumb\"},\"inLanguage\":\"en-US\",\"potentialAction\":[{\"@type\":\"ReadAction\",\"target\":[\"https:\\\/\\\/www.bicyrekkord.com\\\/en\\\/producto\\\/brake-band-100mm-trasero-with-key-and-bell\\\/\"]}]},{\"@type\":\"ImageObject\",\"inLanguage\":\"en-US\",\"@id\":\"https:\\\/\\\/www.bicyrekkord.com\\\/en\\\/producto\\\/brake-band-100mm-trasero-with-key-and-bell\\\/#primaryimage\",\"url\":\"https:\\\/\\\/www.bicyrekkord.com\\\/wp-content\\\/uploads\\\/2024\\\/05\\\/Freno-con-llave-trasero.jpg\",\"contentUrl\":\"https:\\\/\\\/www.bicyrekkord.com\\\/wp-content\\\/uploads\\\/2024\\\/05\\\/Freno-con-llave-trasero.jpg\",\"width\":875,\"height\":875},{\"@type\":\"BreadcrumbList\",\"@id\":\"https:\\\/\\\/www.bicyrekkord.com\\\/en\\\/producto\\\/brake-band-100mm-trasero-with-key-and-bell\\\/#breadcrumb\",\"itemListElement\":[{\"@type\":\"ListItem\",\"position\":1,\"name\":\"Inicio\",\"item\":\"https:\\\/\\\/www.bicyrekkord.com\\\/en\\\/home\\\/\"},{\"@type\":\"ListItem\",\"position\":2,\"name\":\"Shop\",\"item\":\"https:\\\/\\\/www.bicyrekkord.com\\\/en\\\/shop\\\/\"},{\"@type\":\"ListItem\",\"position\":3,\"name\":\"Brake Band 100mm-Trasero with key and bell\"}]},{\"@type\":\"WebSite\",\"@id\":\"https:\\\/\\\/www.bicyrekkord.com\\\/en\\\/#website\",\"url\":\"https:\\\/\\\/www.bicyrekkord.com\\\/en\\\/\",\"name\":\"Repuestos para Veh\u00edculos El\u00e9ctricos | BICYREKKORD\",\"description\":\"L\u00edder en repuestos para veh\u00edculos el\u00e9ctricos\",\"publisher\":{\"@id\":\"https:\\\/\\\/www.bicyrekkord.com\\\/en\\\/#organization\"},\"alternateName\":\"BICYREKKORD\",\"potentialAction\":[{\"@type\":\"SearchAction\",\"target\":{\"@type\":\"EntryPoint\",\"urlTemplate\":\"https:\\\/\\\/www.bicyrekkord.com\\\/en\\\/?s={search_term_string}\"},\"query-input\":{\"@type\":\"PropertyValueSpecification\",\"valueRequired\":true,\"valueName\":\"search_term_string\"}}],\"inLanguage\":\"en-US\"},{\"@type\":\"Organization\",\"@id\":\"https:\\\/\\\/www.bicyrekkord.com\\\/en\\\/#organization\",\"name\":\"BICYREKKORD\",\"alternateName\":\"L\u00edder en repuestos para veh\u00edculos el\u00e9ctricos\",\"url\":\"https:\\\/\\\/www.bicyrekkord.com\\\/en\\\/\",\"logo\":{\"@type\":\"ImageObject\",\"inLanguage\":\"en-US\",\"@id\":\"https:\\\/\\\/www.bicyrekkord.com\\\/en\\\/#\\\/schema\\\/logo\\\/image\\\/\",\"url\":\"https:\\\/\\\/www.bicyrekkord.com\\\/wp-content\\\/uploads\\\/2024\\\/05\\\/LOGO-BRK-12-1-scaled.png\",\"contentUrl\":\"https:\\\/\\\/www.bicyrekkord.com\\\/wp-content\\\/uploads\\\/2024\\\/05\\\/LOGO-BRK-12-1-scaled.png\",\"width\":2560,\"height\":726,\"caption\":\"BICYREKKORD\"},\"image\":{\"@id\":\"https:\\\/\\\/www.bicyrekkord.com\\\/en\\\/#\\\/schema\\\/logo\\\/image\\\/\"},\"sameAs\":[\"https:\\\/\\\/www.facebook.com\\\/BicyRekkord\\\/\",\"https:\\\/\\\/x.com\\\/BICYREKKORD\",\"https:\\\/\\\/www.instagram.com\\\/bicyrekkord\\\/\",\"https:\\\/\\\/www.youtube.com\\\/@Bicyrekkord\"]}]}<\/script>\n<!-- \/ Yoast SEO plugin. -->","yoast_head_json":{"title":"Brake Band 100mm-Trasero with key and bell | BICYREKKORD","robots":{"index":"index","follow":"follow","max-snippet":"max-snippet:-1","max-image-preview":"max-image-preview:large","max-video-preview":"max-video-preview:-1"},"canonical":"https:\/\/www.bicyrekkord.com\/en\/producto\/brake-band-100mm-trasero-with-key-and-bell\/","og_locale":"en_US","og_type":"article","og_title":"Brake Band 100mm-Trasero with key and bell | BICYREKKORD","og_description":"Ideal brake for electric bicycles.","og_url":"https:\/\/www.bicyrekkord.com\/en\/producto\/brake-band-100mm-trasero-with-key-and-bell\/","og_site_name":"BICYREKKORD","article_publisher":"https:\/\/www.facebook.com\/BicyRekkord\/","og_image":[{"width":875,"height":875,"url":"https:\/\/www.bicyrekkord.com\/wp-content\/uploads\/2024\/05\/Freno-con-llave-trasero.jpg","type":"image\/jpeg"}],"twitter_card":"summary_large_image","twitter_site":"@BICYREKKORD","schema":{"@context":"https:\/\/schema.org","@graph":[{"@type":"WebPage","@id":"https:\/\/www.bicyrekkord.com\/en\/producto\/brake-band-100mm-trasero-with-key-and-bell\/","url":"https:\/\/www.bicyrekkord.com\/en\/producto\/brake-band-100mm-trasero-with-key-and-bell\/","name":"Brake Band 100mm-Trasero with key and bell | BICYREKKORD","isPartOf":{"@id":"https:\/\/www.bicyrekkord.com\/en\/#website"},"primaryImageOfPage":{"@id":"https:\/\/www.bicyrekkord.com\/en\/producto\/brake-band-100mm-trasero-with-key-and-bell\/#primaryimage"},"image":{"@id":"https:\/\/www.bicyrekkord.com\/en\/producto\/brake-band-100mm-trasero-with-key-and-bell\/#primaryimage"},"thumbnailUrl":"https:\/\/www.bicyrekkord.com\/wp-content\/uploads\/2024\/05\/Freno-con-llave-trasero.jpg","datePublished":"2024-05-02T23:30:53+00:00","breadcrumb":{"@id":"https:\/\/www.bicyrekkord.com\/en\/producto\/brake-band-100mm-trasero-with-key-and-bell\/#breadcrumb"},"inLanguage":"en-US","potentialAction":[{"@type":"ReadAction","target":["https:\/\/www.bicyrekkord.com\/en\/producto\/brake-band-100mm-trasero-with-key-and-bell\/"]}]},{"@type":"ImageObject","inLanguage":"en-US","@id":"https:\/\/www.bicyrekkord.com\/en\/producto\/brake-band-100mm-trasero-with-key-and-bell\/#primaryimage","url":"https:\/\/www.bicyrekkord.com\/wp-content\/uploads\/2024\/05\/Freno-con-llave-trasero.jpg","contentUrl":"https:\/\/www.bicyrekkord.com\/wp-content\/uploads\/2024\/05\/Freno-con-llave-trasero.jpg","width":875,"height":875},{"@type":"BreadcrumbList","@id":"https:\/\/www.bicyrekkord.com\/en\/producto\/brake-band-100mm-trasero-with-key-and-bell\/#breadcrumb","itemListElement":[{"@type":"ListItem","position":1,"name":"Inicio","item":"https:\/\/www.bicyrekkord.com\/en\/home\/"},{"@type":"ListItem","position":2,"name":"Shop","item":"https:\/\/www.bicyrekkord.com\/en\/shop\/"},{"@type":"ListItem","position":3,"name":"Brake Band 100mm-Trasero with key and bell"}]},{"@type":"WebSite","@id":"https:\/\/www.bicyrekkord.com\/en\/#website","url":"https:\/\/www.bicyrekkord.com\/en\/","name":"Repuestos para Veh\u00edculos El\u00e9ctricos | BICYREKKORD","description":"L\u00edder en repuestos para veh\u00edculos el\u00e9ctricos","publisher":{"@id":"https:\/\/www.bicyrekkord.com\/en\/#organization"},"alternateName":"BICYREKKORD","potentialAction":[{"@type":"SearchAction","target":{"@type":"EntryPoint","urlTemplate":"https:\/\/www.bicyrekkord.com\/en\/?s={search_term_string}"},"query-input":{"@type":"PropertyValueSpecification","valueRequired":true,"valueName":"search_term_string"}}],"inLanguage":"en-US"},{"@type":"Organization","@id":"https:\/\/www.bicyrekkord.com\/en\/#organization","name":"BICYREKKORD","alternateName":"L\u00edder en repuestos para veh\u00edculos el\u00e9ctricos","url":"https:\/\/www.bicyrekkord.com\/en\/","logo":{"@type":"ImageObject","inLanguage":"en-US","@id":"https:\/\/www.bicyrekkord.com\/en\/#\/schema\/logo\/image\/","url":"https:\/\/www.bicyrekkord.com\/wp-content\/uploads\/2024\/05\/LOGO-BRK-12-1-scaled.png","contentUrl":"https:\/\/www.bicyrekkord.com\/wp-content\/uploads\/2024\/05\/LOGO-BRK-12-1-scaled.png","width":2560,"height":726,"caption":"BICYREKKORD"},"image":{"@id":"https:\/\/www.bicyrekkord.com\/en\/#\/schema\/logo\/image\/"},"sameAs":["https:\/\/www.facebook.com\/BicyRekkord\/","https:\/\/x.com\/BICYREKKORD","https:\/\/www.instagram.com\/bicyrekkord\/","https:\/\/www.youtube.com\/@Bicyrekkord"]}]}},"_links":{"self":[{"href":"https:\/\/www.bicyrekkord.com\/en\/wp-json\/wp\/v2\/product\/238687","targetHints":{"allow":["GET"]}}],"collection":[{"href":"https:\/\/www.bicyrekkord.com\/en\/wp-json\/wp\/v2\/product"}],"about":[{"href":"https:\/\/www.bicyrekkord.com\/en\/wp-json\/wp\/v2\/types\/product"}],"replies":[{"embeddable":true,"href":"https:\/\/www.bicyrekkord.com\/en\/wp-json\/wp\/v2\/comments?post=238687"}],"wp:featuredmedia":[{"embeddable":true,"href":"https:\/\/www.bicyrekkord.com\/en\/wp-json\/wp\/v2\/media\/237653"}],"wp:attachment":[{"href":"https:\/\/www.bicyrekkord.com\/en\/wp-json\/wp\/v2\/media?parent=238687"}],"wp:term":[{"taxonomy":"product_brand","embeddable":true,"href":"https:\/\/www.bicyrekkord.com\/en\/wp-json\/wp\/v2\/product_brand?post=238687"},{"taxonomy":"product_cat","embeddable":true,"href":"https:\/\/www.bicyrekkord.com\/en\/wp-json\/wp\/v2\/product_cat?post=238687"},{"taxonomy":"product_tag","embeddable":true,"href":"https:\/\/www.bicyrekkord.com\/en\/wp-json\/wp\/v2\/product_tag?post=238687"}],"curies":[{"name":"wp","href":"https:\/\/api.w.org\/{rel}","templated":true}]}}