{"id":238820,"date":"2024-05-02T18:38:16","date_gmt":"2024-05-02T23:38:16","guid":{"rendered":"https:\/\/www.bicyrekkord.com\/producto\/lead-gel-battery-12v-38ah\/"},"modified":"2024-05-02T18:38:16","modified_gmt":"2024-05-02T23:38:16","slug":"lead-gel-battery-12v-38ah","status":"publish","type":"product","link":"https:\/\/www.bicyrekkord.com\/en\/producto\/lead-gel-battery-12v-38ah\/","title":{"rendered":"Lead Gel Battery 12V 38AH"},"content":{"rendered":"","protected":false},"excerpt":{"rendered":"<p>12V Lead\/Gel battery with 38AH capacity, specially designed for use in two-wheeled electric vehicles such as electric bicycles, electric mopeds, electric mopeds, electric scooters, electric motorcycles; and three-wheeled electric tricycles or electric bicycle cabs, covering a wide range of electric vehicles.<\/p>\n<p>This battery is characterized by being maintenance-free, eliminating the need to refill water or check acid. Its lead\/gel technology ensures reliable and safe operation, providing a stable and long-lasting power source for your electrical devices. <\/p>\n<p>* The published price is for each module and does not include installation.<\/p>\n<p>* Colors and\/or designs are subject to change without notice, which will not affect performance or capacity.<\/p>\n<p>* Warranty applies only if installed in one of our authorized repair shops.<\/p>\n","protected":false},"featured_media":238161,"comment_status":"closed","ping_status":"closed","template":"","meta":[],"product_brand":[],"product_cat":[149],"product_tag":[],"class_list":{"0":"post-238820","1":"product","2":"type-product","3":"status-publish","4":"has-post-thumbnail","6":"product_cat-batteries","8":"first","9":"instock","10":"shipping-taxable","11":"purchasable","12":"product-type-simple"},"yoast_head":"<!-- This site is optimized with the Yoast SEO plugin v27.5 - https:\/\/yoast.com\/product\/yoast-seo-wordpress\/ -->\n<title>Lead Gel Battery 12V 38AH | BICYREKKORD<\/title>\n<meta name=\"robots\" content=\"index, follow, max-snippet:-1, max-image-preview:large, max-video-preview:-1\" \/>\n<link rel=\"canonical\" href=\"https:\/\/www.bicyrekkord.com\/en\/producto\/lead-gel-battery-12v-38ah\/\" \/>\n<meta property=\"og:locale\" content=\"en_US\" \/>\n<meta property=\"og:type\" content=\"article\" \/>\n<meta property=\"og:title\" content=\"Lead Gel Battery 12V 38AH | BICYREKKORD\" \/>\n<meta property=\"og:description\" content=\"12V Lead\/Gel battery with 38AH capacity, specially designed for use in two-wheeled electric vehicles such as electric bicycles, electric mopeds, electric mopeds, electric scooters, electric motorcycles; and three-wheeled electric tricycles or electric bicycle cabs, covering a wide range of electric vehicles. This battery is characterized by being maintenance-free, eliminating the need to refill water or check acid. Its lead\/gel technology ensures reliable and safe operation, providing a stable and long-lasting power source for your electrical devices.  * The published price is for each module and does not include installation. * Colors and\/or designs are subject to change without notice, which will not affect performance or capacity. * Warranty applies only if installed in one of our authorized repair shops.\" \/>\n<meta property=\"og:url\" content=\"https:\/\/www.bicyrekkord.com\/en\/producto\/lead-gel-battery-12v-38ah\/\" \/>\n<meta property=\"og:site_name\" content=\"BICYREKKORD\" \/>\n<meta property=\"article:publisher\" content=\"https:\/\/www.facebook.com\/BicyRekkord\/\" \/>\n<meta property=\"og:image\" content=\"https:\/\/www.bicyrekkord.com\/wp-content\/uploads\/2024\/05\/Bateria-Plomo-Gel-12V-38AH.jpg\" \/>\n\t<meta property=\"og:image:width\" content=\"875\" \/>\n\t<meta property=\"og:image:height\" content=\"875\" \/>\n\t<meta property=\"og:image:type\" content=\"image\/jpeg\" \/>\n<meta name=\"twitter:card\" content=\"summary_large_image\" \/>\n<meta name=\"twitter:site\" content=\"@BICYREKKORD\" \/>\n<script type=\"application\/ld+json\" class=\"yoast-schema-graph\">{\"@context\":\"https:\\\/\\\/schema.org\",\"@graph\":[{\"@type\":\"WebPage\",\"@id\":\"https:\\\/\\\/www.bicyrekkord.com\\\/en\\\/producto\\\/lead-gel-battery-12v-38ah\\\/\",\"url\":\"https:\\\/\\\/www.bicyrekkord.com\\\/en\\\/producto\\\/lead-gel-battery-12v-38ah\\\/\",\"name\":\"Lead Gel Battery 12V 38AH | BICYREKKORD\",\"isPartOf\":{\"@id\":\"https:\\\/\\\/www.bicyrekkord.com\\\/en\\\/#website\"},\"primaryImageOfPage\":{\"@id\":\"https:\\\/\\\/www.bicyrekkord.com\\\/en\\\/producto\\\/lead-gel-battery-12v-38ah\\\/#primaryimage\"},\"image\":{\"@id\":\"https:\\\/\\\/www.bicyrekkord.com\\\/en\\\/producto\\\/lead-gel-battery-12v-38ah\\\/#primaryimage\"},\"thumbnailUrl\":\"https:\\\/\\\/www.bicyrekkord.com\\\/wp-content\\\/uploads\\\/2024\\\/05\\\/Bateria-Plomo-Gel-12V-38AH.jpg\",\"datePublished\":\"2024-05-02T23:38:16+00:00\",\"breadcrumb\":{\"@id\":\"https:\\\/\\\/www.bicyrekkord.com\\\/en\\\/producto\\\/lead-gel-battery-12v-38ah\\\/#breadcrumb\"},\"inLanguage\":\"en-US\",\"potentialAction\":[{\"@type\":\"ReadAction\",\"target\":[\"https:\\\/\\\/www.bicyrekkord.com\\\/en\\\/producto\\\/lead-gel-battery-12v-38ah\\\/\"]}]},{\"@type\":\"ImageObject\",\"inLanguage\":\"en-US\",\"@id\":\"https:\\\/\\\/www.bicyrekkord.com\\\/en\\\/producto\\\/lead-gel-battery-12v-38ah\\\/#primaryimage\",\"url\":\"https:\\\/\\\/www.bicyrekkord.com\\\/wp-content\\\/uploads\\\/2024\\\/05\\\/Bateria-Plomo-Gel-12V-38AH.jpg\",\"contentUrl\":\"https:\\\/\\\/www.bicyrekkord.com\\\/wp-content\\\/uploads\\\/2024\\\/05\\\/Bateria-Plomo-Gel-12V-38AH.jpg\",\"width\":875,\"height\":875},{\"@type\":\"BreadcrumbList\",\"@id\":\"https:\\\/\\\/www.bicyrekkord.com\\\/en\\\/producto\\\/lead-gel-battery-12v-38ah\\\/#breadcrumb\",\"itemListElement\":[{\"@type\":\"ListItem\",\"position\":1,\"name\":\"Inicio\",\"item\":\"https:\\\/\\\/www.bicyrekkord.com\\\/en\\\/home\\\/\"},{\"@type\":\"ListItem\",\"position\":2,\"name\":\"Shop\",\"item\":\"https:\\\/\\\/www.bicyrekkord.com\\\/en\\\/shop\\\/\"},{\"@type\":\"ListItem\",\"position\":3,\"name\":\"Lead Gel Battery 12V 38AH\"}]},{\"@type\":\"WebSite\",\"@id\":\"https:\\\/\\\/www.bicyrekkord.com\\\/en\\\/#website\",\"url\":\"https:\\\/\\\/www.bicyrekkord.com\\\/en\\\/\",\"name\":\"Repuestos para Veh\u00edculos El\u00e9ctricos | BICYREKKORD\",\"description\":\"L\u00edder en repuestos para veh\u00edculos el\u00e9ctricos\",\"publisher\":{\"@id\":\"https:\\\/\\\/www.bicyrekkord.com\\\/en\\\/#organization\"},\"alternateName\":\"BICYREKKORD\",\"potentialAction\":[{\"@type\":\"SearchAction\",\"target\":{\"@type\":\"EntryPoint\",\"urlTemplate\":\"https:\\\/\\\/www.bicyrekkord.com\\\/en\\\/?s={search_term_string}\"},\"query-input\":{\"@type\":\"PropertyValueSpecification\",\"valueRequired\":true,\"valueName\":\"search_term_string\"}}],\"inLanguage\":\"en-US\"},{\"@type\":\"Organization\",\"@id\":\"https:\\\/\\\/www.bicyrekkord.com\\\/en\\\/#organization\",\"name\":\"BICYREKKORD\",\"alternateName\":\"L\u00edder en repuestos para veh\u00edculos el\u00e9ctricos\",\"url\":\"https:\\\/\\\/www.bicyrekkord.com\\\/en\\\/\",\"logo\":{\"@type\":\"ImageObject\",\"inLanguage\":\"en-US\",\"@id\":\"https:\\\/\\\/www.bicyrekkord.com\\\/en\\\/#\\\/schema\\\/logo\\\/image\\\/\",\"url\":\"https:\\\/\\\/www.bicyrekkord.com\\\/wp-content\\\/uploads\\\/2024\\\/05\\\/LOGO-BRK-12-1-scaled.png\",\"contentUrl\":\"https:\\\/\\\/www.bicyrekkord.com\\\/wp-content\\\/uploads\\\/2024\\\/05\\\/LOGO-BRK-12-1-scaled.png\",\"width\":2560,\"height\":726,\"caption\":\"BICYREKKORD\"},\"image\":{\"@id\":\"https:\\\/\\\/www.bicyrekkord.com\\\/en\\\/#\\\/schema\\\/logo\\\/image\\\/\"},\"sameAs\":[\"https:\\\/\\\/www.facebook.com\\\/BicyRekkord\\\/\",\"https:\\\/\\\/x.com\\\/BICYREKKORD\",\"https:\\\/\\\/www.instagram.com\\\/bicyrekkord\\\/\",\"https:\\\/\\\/www.youtube.com\\\/@Bicyrekkord\"]}]}<\/script>\n<!-- \/ Yoast SEO plugin. -->","yoast_head_json":{"title":"Lead Gel Battery 12V 38AH | BICYREKKORD","robots":{"index":"index","follow":"follow","max-snippet":"max-snippet:-1","max-image-preview":"max-image-preview:large","max-video-preview":"max-video-preview:-1"},"canonical":"https:\/\/www.bicyrekkord.com\/en\/producto\/lead-gel-battery-12v-38ah\/","og_locale":"en_US","og_type":"article","og_title":"Lead Gel Battery 12V 38AH | BICYREKKORD","og_description":"12V Lead\/Gel battery with 38AH capacity, specially designed for use in two-wheeled electric vehicles such as electric bicycles, electric mopeds, electric mopeds, electric scooters, electric motorcycles; and three-wheeled electric tricycles or electric bicycle cabs, covering a wide range of electric vehicles. This battery is characterized by being maintenance-free, eliminating the need to refill water or check acid. Its lead\/gel technology ensures reliable and safe operation, providing a stable and long-lasting power source for your electrical devices.  * The published price is for each module and does not include installation. * Colors and\/or designs are subject to change without notice, which will not affect performance or capacity. * Warranty applies only if installed in one of our authorized repair shops.","og_url":"https:\/\/www.bicyrekkord.com\/en\/producto\/lead-gel-battery-12v-38ah\/","og_site_name":"BICYREKKORD","article_publisher":"https:\/\/www.facebook.com\/BicyRekkord\/","og_image":[{"width":875,"height":875,"url":"https:\/\/www.bicyrekkord.com\/wp-content\/uploads\/2024\/05\/Bateria-Plomo-Gel-12V-38AH.jpg","type":"image\/jpeg"}],"twitter_card":"summary_large_image","twitter_site":"@BICYREKKORD","schema":{"@context":"https:\/\/schema.org","@graph":[{"@type":"WebPage","@id":"https:\/\/www.bicyrekkord.com\/en\/producto\/lead-gel-battery-12v-38ah\/","url":"https:\/\/www.bicyrekkord.com\/en\/producto\/lead-gel-battery-12v-38ah\/","name":"Lead Gel Battery 12V 38AH | BICYREKKORD","isPartOf":{"@id":"https:\/\/www.bicyrekkord.com\/en\/#website"},"primaryImageOfPage":{"@id":"https:\/\/www.bicyrekkord.com\/en\/producto\/lead-gel-battery-12v-38ah\/#primaryimage"},"image":{"@id":"https:\/\/www.bicyrekkord.com\/en\/producto\/lead-gel-battery-12v-38ah\/#primaryimage"},"thumbnailUrl":"https:\/\/www.bicyrekkord.com\/wp-content\/uploads\/2024\/05\/Bateria-Plomo-Gel-12V-38AH.jpg","datePublished":"2024-05-02T23:38:16+00:00","breadcrumb":{"@id":"https:\/\/www.bicyrekkord.com\/en\/producto\/lead-gel-battery-12v-38ah\/#breadcrumb"},"inLanguage":"en-US","potentialAction":[{"@type":"ReadAction","target":["https:\/\/www.bicyrekkord.com\/en\/producto\/lead-gel-battery-12v-38ah\/"]}]},{"@type":"ImageObject","inLanguage":"en-US","@id":"https:\/\/www.bicyrekkord.com\/en\/producto\/lead-gel-battery-12v-38ah\/#primaryimage","url":"https:\/\/www.bicyrekkord.com\/wp-content\/uploads\/2024\/05\/Bateria-Plomo-Gel-12V-38AH.jpg","contentUrl":"https:\/\/www.bicyrekkord.com\/wp-content\/uploads\/2024\/05\/Bateria-Plomo-Gel-12V-38AH.jpg","width":875,"height":875},{"@type":"BreadcrumbList","@id":"https:\/\/www.bicyrekkord.com\/en\/producto\/lead-gel-battery-12v-38ah\/#breadcrumb","itemListElement":[{"@type":"ListItem","position":1,"name":"Inicio","item":"https:\/\/www.bicyrekkord.com\/en\/home\/"},{"@type":"ListItem","position":2,"name":"Shop","item":"https:\/\/www.bicyrekkord.com\/en\/shop\/"},{"@type":"ListItem","position":3,"name":"Lead Gel Battery 12V 38AH"}]},{"@type":"WebSite","@id":"https:\/\/www.bicyrekkord.com\/en\/#website","url":"https:\/\/www.bicyrekkord.com\/en\/","name":"Repuestos para Veh\u00edculos El\u00e9ctricos | BICYREKKORD","description":"L\u00edder en repuestos para veh\u00edculos el\u00e9ctricos","publisher":{"@id":"https:\/\/www.bicyrekkord.com\/en\/#organization"},"alternateName":"BICYREKKORD","potentialAction":[{"@type":"SearchAction","target":{"@type":"EntryPoint","urlTemplate":"https:\/\/www.bicyrekkord.com\/en\/?s={search_term_string}"},"query-input":{"@type":"PropertyValueSpecification","valueRequired":true,"valueName":"search_term_string"}}],"inLanguage":"en-US"},{"@type":"Organization","@id":"https:\/\/www.bicyrekkord.com\/en\/#organization","name":"BICYREKKORD","alternateName":"L\u00edder en repuestos para veh\u00edculos el\u00e9ctricos","url":"https:\/\/www.bicyrekkord.com\/en\/","logo":{"@type":"ImageObject","inLanguage":"en-US","@id":"https:\/\/www.bicyrekkord.com\/en\/#\/schema\/logo\/image\/","url":"https:\/\/www.bicyrekkord.com\/wp-content\/uploads\/2024\/05\/LOGO-BRK-12-1-scaled.png","contentUrl":"https:\/\/www.bicyrekkord.com\/wp-content\/uploads\/2024\/05\/LOGO-BRK-12-1-scaled.png","width":2560,"height":726,"caption":"BICYREKKORD"},"image":{"@id":"https:\/\/www.bicyrekkord.com\/en\/#\/schema\/logo\/image\/"},"sameAs":["https:\/\/www.facebook.com\/BicyRekkord\/","https:\/\/x.com\/BICYREKKORD","https:\/\/www.instagram.com\/bicyrekkord\/","https:\/\/www.youtube.com\/@Bicyrekkord"]}]}},"_links":{"self":[{"href":"https:\/\/www.bicyrekkord.com\/en\/wp-json\/wp\/v2\/product\/238820","targetHints":{"allow":["GET"]}}],"collection":[{"href":"https:\/\/www.bicyrekkord.com\/en\/wp-json\/wp\/v2\/product"}],"about":[{"href":"https:\/\/www.bicyrekkord.com\/en\/wp-json\/wp\/v2\/types\/product"}],"replies":[{"embeddable":true,"href":"https:\/\/www.bicyrekkord.com\/en\/wp-json\/wp\/v2\/comments?post=238820"}],"wp:featuredmedia":[{"embeddable":true,"href":"https:\/\/www.bicyrekkord.com\/en\/wp-json\/wp\/v2\/media\/238161"}],"wp:attachment":[{"href":"https:\/\/www.bicyrekkord.com\/en\/wp-json\/wp\/v2\/media?parent=238820"}],"wp:term":[{"taxonomy":"product_brand","embeddable":true,"href":"https:\/\/www.bicyrekkord.com\/en\/wp-json\/wp\/v2\/product_brand?post=238820"},{"taxonomy":"product_cat","embeddable":true,"href":"https:\/\/www.bicyrekkord.com\/en\/wp-json\/wp\/v2\/product_cat?post=238820"},{"taxonomy":"product_tag","embeddable":true,"href":"https:\/\/www.bicyrekkord.com\/en\/wp-json\/wp\/v2\/product_tag?post=238820"}],"curies":[{"name":"wp","href":"https:\/\/api.w.org\/{rel}","templated":true}]}}