{"id":239545,"date":"2026-03-03T19:57:47","date_gmt":"2026-03-04T00:57:47","guid":{"rendered":"https:\/\/www.bicyrekkord.com\/?post_type=product&#038;p=239545"},"modified":"2026-03-03T20:13:56","modified_gmt":"2026-03-04T01:13:56","slug":"charger-for-lead-gel-battery-36v-12a-copia","status":"publish","type":"product","link":"https:\/\/www.bicyrekkord.com\/en\/producto\/charger-for-lead-gel-battery-36v-12a-copia\/","title":{"rendered":"48V-1,2A Lead\/Gel Battery Charger, Waterproof (Not Submersible)"},"content":{"rendered":"","protected":false},"excerpt":{"rendered":"<p data-start=\"147\" data-end=\"480\">The <strong data-start=\"150\" data-end=\"240\">48V-1.2A Lead-Gel Battery Charger with Fan, Waterproof (Non-Submersible)<\/strong> is designed for charging batteries used in <strong data-start=\"295\" data-end=\"359\">light electric personal mobility vehicles (LMPVs)<\/strong>, such as <strong data-start=\"366\" data-end=\"479\">electric bicycles, electric scooters, electric skateboards, electric scooters and other personal electric vehicles that are suitable for the voltage and amperage of this charger.<\/strong><\/p>\n<p data-start=\"482\" data-end=\"733\">Delivers a stable <strong>48V-1.2A<\/strong> output, suitable for <strong data-start=\"562\" data-end=\"575\">GEL \/ AGM<\/strong> battery systems, common in urban electric vehicles. It incorporates an <strong data-start=\"628\" data-end=\"650\">internal fan<\/strong> to help dissipate heat during charging and improve the stability of the equipment. <\/p>\n<p data-start=\"735\" data-end=\"942\">Thanks to its <strong data-start=\"749\" data-end=\"773\">internal components<\/strong>, the charger can withstand <strong data-start=\"802\" data-end=\"835\">rain and splashing water<\/strong> and is therefore suitable for outdoor use. <strong data-start=\"879\" data-end=\"942\">It should not be submerged or exposed to direct jets of water.<\/strong><\/p>\n","protected":false},"featured_media":239551,"comment_status":"open","ping_status":"closed","template":"","meta":[],"product_brand":[],"product_cat":[101],"product_tag":[],"class_list":{"0":"post-239545","1":"product","2":"type-product","3":"status-publish","4":"has-post-thumbnail","6":"product_cat-chargers","7":"product_shipping_class-cash-on-delivery","9":"first","10":"instock","11":"shipping-taxable","12":"purchasable","13":"product-type-simple"},"yoast_head":"<!-- This site is optimized with the Yoast SEO plugin v27.4 - https:\/\/yoast.com\/product\/yoast-seo-wordpress\/ -->\n<title>48V-1,2A Lead\/Gel Battery Charger, Waterproof (Not Submersible) | BICYREKKORD<\/title>\n<meta name=\"robots\" content=\"index, follow, max-snippet:-1, max-image-preview:large, max-video-preview:-1\" \/>\n<link rel=\"canonical\" href=\"https:\/\/www.bicyrekkord.com\/en\/producto\/charger-for-lead-gel-battery-36v-12a-copia\/\" \/>\n<meta property=\"og:locale\" content=\"en_US\" \/>\n<meta property=\"og:type\" content=\"article\" \/>\n<meta property=\"og:title\" content=\"48V-1,2A Lead\/Gel Battery Charger, Waterproof (Not Submersible) | BICYREKKORD\" \/>\n<meta property=\"og:description\" content=\"The 48V-1.2A Lead-Gel Battery Charger with Fan, Waterproof (Non-Submersible) is designed for charging batteries used in light electric personal mobility vehicles (LMPVs), such as electric bicycles, electric scooters, electric skateboards, electric scooters and other personal electric vehicles that are suitable for the voltage and amperage of this charger. Delivers a stable 48V-1.2A output, suitable for GEL \/ AGM battery systems, common in urban electric vehicles. It incorporates an internal fan to help dissipate heat during charging and improve the stability of the equipment. Thanks to its internal components, the charger can withstand rain and splashing water and is therefore suitable for outdoor use. It should not be submerged or exposed to direct jets of water.\" \/>\n<meta property=\"og:url\" content=\"https:\/\/www.bicyrekkord.com\/en\/producto\/charger-for-lead-gel-battery-36v-12a-copia\/\" \/>\n<meta property=\"og:site_name\" content=\"BICYREKKORD\" \/>\n<meta property=\"article:publisher\" content=\"https:\/\/www.facebook.com\/BicyRekkord\/\" \/>\n<meta property=\"article:modified_time\" content=\"2026-03-04T01:13:56+00:00\" \/>\n<meta property=\"og:image\" content=\"https:\/\/www.bicyrekkord.com\/wp-content\/uploads\/2026\/03\/Cargadores-Impermeables-frente-1.webp\" \/>\n\t<meta property=\"og:image:width\" content=\"875\" \/>\n\t<meta property=\"og:image:height\" content=\"875\" \/>\n\t<meta property=\"og:image:type\" content=\"image\/webp\" \/>\n<meta name=\"twitter:card\" content=\"summary_large_image\" \/>\n<meta name=\"twitter:site\" content=\"@BICYREKKORD\" \/>\n<script type=\"application\/ld+json\" class=\"yoast-schema-graph\">{\"@context\":\"https:\\\/\\\/schema.org\",\"@graph\":[{\"@type\":\"WebPage\",\"@id\":\"https:\\\/\\\/www.bicyrekkord.com\\\/en\\\/producto\\\/charger-for-lead-gel-battery-36v-12a-copia\\\/\",\"url\":\"https:\\\/\\\/www.bicyrekkord.com\\\/en\\\/producto\\\/charger-for-lead-gel-battery-36v-12a-copia\\\/\",\"name\":\"48V-1,2A Lead\\\/Gel Battery Charger, Waterproof (Not Submersible) | BICYREKKORD\",\"isPartOf\":{\"@id\":\"https:\\\/\\\/www.bicyrekkord.com\\\/en\\\/#website\"},\"primaryImageOfPage\":{\"@id\":\"https:\\\/\\\/www.bicyrekkord.com\\\/en\\\/producto\\\/charger-for-lead-gel-battery-36v-12a-copia\\\/#primaryimage\"},\"image\":{\"@id\":\"https:\\\/\\\/www.bicyrekkord.com\\\/en\\\/producto\\\/charger-for-lead-gel-battery-36v-12a-copia\\\/#primaryimage\"},\"thumbnailUrl\":\"https:\\\/\\\/www.bicyrekkord.com\\\/wp-content\\\/uploads\\\/2026\\\/03\\\/Cargadores-Impermeables-frente-1.webp\",\"datePublished\":\"2026-03-04T00:57:47+00:00\",\"dateModified\":\"2026-03-04T01:13:56+00:00\",\"breadcrumb\":{\"@id\":\"https:\\\/\\\/www.bicyrekkord.com\\\/en\\\/producto\\\/charger-for-lead-gel-battery-36v-12a-copia\\\/#breadcrumb\"},\"inLanguage\":\"en-US\",\"potentialAction\":[{\"@type\":\"ReadAction\",\"target\":[\"https:\\\/\\\/www.bicyrekkord.com\\\/en\\\/producto\\\/charger-for-lead-gel-battery-36v-12a-copia\\\/\"]}]},{\"@type\":\"ImageObject\",\"inLanguage\":\"en-US\",\"@id\":\"https:\\\/\\\/www.bicyrekkord.com\\\/en\\\/producto\\\/charger-for-lead-gel-battery-36v-12a-copia\\\/#primaryimage\",\"url\":\"https:\\\/\\\/www.bicyrekkord.com\\\/wp-content\\\/uploads\\\/2026\\\/03\\\/Cargadores-Impermeables-frente-1.webp\",\"contentUrl\":\"https:\\\/\\\/www.bicyrekkord.com\\\/wp-content\\\/uploads\\\/2026\\\/03\\\/Cargadores-Impermeables-frente-1.webp\",\"width\":875,\"height\":875},{\"@type\":\"BreadcrumbList\",\"@id\":\"https:\\\/\\\/www.bicyrekkord.com\\\/en\\\/producto\\\/charger-for-lead-gel-battery-36v-12a-copia\\\/#breadcrumb\",\"itemListElement\":[{\"@type\":\"ListItem\",\"position\":1,\"name\":\"Inicio\",\"item\":\"https:\\\/\\\/www.bicyrekkord.com\\\/en\\\/home\\\/\"},{\"@type\":\"ListItem\",\"position\":2,\"name\":\"Shop\",\"item\":\"https:\\\/\\\/www.bicyrekkord.com\\\/en\\\/shop\\\/\"},{\"@type\":\"ListItem\",\"position\":3,\"name\":\"48V-1,2A Lead\\\/Gel Battery Charger, Waterproof (Not Submersible)\"}]},{\"@type\":\"WebSite\",\"@id\":\"https:\\\/\\\/www.bicyrekkord.com\\\/en\\\/#website\",\"url\":\"https:\\\/\\\/www.bicyrekkord.com\\\/en\\\/\",\"name\":\"Repuestos para Veh\u00edculos El\u00e9ctricos | BICYREKKORD\",\"description\":\"L\u00edder en repuestos para veh\u00edculos el\u00e9ctricos\",\"publisher\":{\"@id\":\"https:\\\/\\\/www.bicyrekkord.com\\\/en\\\/#organization\"},\"alternateName\":\"BICYREKKORD\",\"potentialAction\":[{\"@type\":\"SearchAction\",\"target\":{\"@type\":\"EntryPoint\",\"urlTemplate\":\"https:\\\/\\\/www.bicyrekkord.com\\\/en\\\/?s={search_term_string}\"},\"query-input\":{\"@type\":\"PropertyValueSpecification\",\"valueRequired\":true,\"valueName\":\"search_term_string\"}}],\"inLanguage\":\"en-US\"},{\"@type\":\"Organization\",\"@id\":\"https:\\\/\\\/www.bicyrekkord.com\\\/en\\\/#organization\",\"name\":\"BICYREKKORD\",\"alternateName\":\"L\u00edder en repuestos para veh\u00edculos el\u00e9ctricos\",\"url\":\"https:\\\/\\\/www.bicyrekkord.com\\\/en\\\/\",\"logo\":{\"@type\":\"ImageObject\",\"inLanguage\":\"en-US\",\"@id\":\"https:\\\/\\\/www.bicyrekkord.com\\\/en\\\/#\\\/schema\\\/logo\\\/image\\\/\",\"url\":\"https:\\\/\\\/www.bicyrekkord.com\\\/wp-content\\\/uploads\\\/2024\\\/05\\\/LOGO-BRK-12-1-scaled.png\",\"contentUrl\":\"https:\\\/\\\/www.bicyrekkord.com\\\/wp-content\\\/uploads\\\/2024\\\/05\\\/LOGO-BRK-12-1-scaled.png\",\"width\":2560,\"height\":726,\"caption\":\"BICYREKKORD\"},\"image\":{\"@id\":\"https:\\\/\\\/www.bicyrekkord.com\\\/en\\\/#\\\/schema\\\/logo\\\/image\\\/\"},\"sameAs\":[\"https:\\\/\\\/www.facebook.com\\\/BicyRekkord\\\/\",\"https:\\\/\\\/x.com\\\/BICYREKKORD\",\"https:\\\/\\\/www.instagram.com\\\/bicyrekkord\\\/\",\"https:\\\/\\\/www.youtube.com\\\/@Bicyrekkord\"]}]}<\/script>\n<!-- \/ Yoast SEO plugin. -->","yoast_head_json":{"title":"48V-1,2A Lead\/Gel Battery Charger, Waterproof (Not Submersible) | BICYREKKORD","robots":{"index":"index","follow":"follow","max-snippet":"max-snippet:-1","max-image-preview":"max-image-preview:large","max-video-preview":"max-video-preview:-1"},"canonical":"https:\/\/www.bicyrekkord.com\/en\/producto\/charger-for-lead-gel-battery-36v-12a-copia\/","og_locale":"en_US","og_type":"article","og_title":"48V-1,2A Lead\/Gel Battery Charger, Waterproof (Not Submersible) | BICYREKKORD","og_description":"The 48V-1.2A Lead-Gel Battery Charger with Fan, Waterproof (Non-Submersible) is designed for charging batteries used in light electric personal mobility vehicles (LMPVs), such as electric bicycles, electric scooters, electric skateboards, electric scooters and other personal electric vehicles that are suitable for the voltage and amperage of this charger. Delivers a stable 48V-1.2A output, suitable for GEL \/ AGM battery systems, common in urban electric vehicles. It incorporates an internal fan to help dissipate heat during charging and improve the stability of the equipment. Thanks to its internal components, the charger can withstand rain and splashing water and is therefore suitable for outdoor use. It should not be submerged or exposed to direct jets of water.","og_url":"https:\/\/www.bicyrekkord.com\/en\/producto\/charger-for-lead-gel-battery-36v-12a-copia\/","og_site_name":"BICYREKKORD","article_publisher":"https:\/\/www.facebook.com\/BicyRekkord\/","article_modified_time":"2026-03-04T01:13:56+00:00","og_image":[{"width":875,"height":875,"url":"https:\/\/www.bicyrekkord.com\/wp-content\/uploads\/2026\/03\/Cargadores-Impermeables-frente-1.webp","type":"image\/webp"}],"twitter_card":"summary_large_image","twitter_site":"@BICYREKKORD","schema":{"@context":"https:\/\/schema.org","@graph":[{"@type":"WebPage","@id":"https:\/\/www.bicyrekkord.com\/en\/producto\/charger-for-lead-gel-battery-36v-12a-copia\/","url":"https:\/\/www.bicyrekkord.com\/en\/producto\/charger-for-lead-gel-battery-36v-12a-copia\/","name":"48V-1,2A Lead\/Gel Battery Charger, Waterproof (Not Submersible) | BICYREKKORD","isPartOf":{"@id":"https:\/\/www.bicyrekkord.com\/en\/#website"},"primaryImageOfPage":{"@id":"https:\/\/www.bicyrekkord.com\/en\/producto\/charger-for-lead-gel-battery-36v-12a-copia\/#primaryimage"},"image":{"@id":"https:\/\/www.bicyrekkord.com\/en\/producto\/charger-for-lead-gel-battery-36v-12a-copia\/#primaryimage"},"thumbnailUrl":"https:\/\/www.bicyrekkord.com\/wp-content\/uploads\/2026\/03\/Cargadores-Impermeables-frente-1.webp","datePublished":"2026-03-04T00:57:47+00:00","dateModified":"2026-03-04T01:13:56+00:00","breadcrumb":{"@id":"https:\/\/www.bicyrekkord.com\/en\/producto\/charger-for-lead-gel-battery-36v-12a-copia\/#breadcrumb"},"inLanguage":"en-US","potentialAction":[{"@type":"ReadAction","target":["https:\/\/www.bicyrekkord.com\/en\/producto\/charger-for-lead-gel-battery-36v-12a-copia\/"]}]},{"@type":"ImageObject","inLanguage":"en-US","@id":"https:\/\/www.bicyrekkord.com\/en\/producto\/charger-for-lead-gel-battery-36v-12a-copia\/#primaryimage","url":"https:\/\/www.bicyrekkord.com\/wp-content\/uploads\/2026\/03\/Cargadores-Impermeables-frente-1.webp","contentUrl":"https:\/\/www.bicyrekkord.com\/wp-content\/uploads\/2026\/03\/Cargadores-Impermeables-frente-1.webp","width":875,"height":875},{"@type":"BreadcrumbList","@id":"https:\/\/www.bicyrekkord.com\/en\/producto\/charger-for-lead-gel-battery-36v-12a-copia\/#breadcrumb","itemListElement":[{"@type":"ListItem","position":1,"name":"Inicio","item":"https:\/\/www.bicyrekkord.com\/en\/home\/"},{"@type":"ListItem","position":2,"name":"Shop","item":"https:\/\/www.bicyrekkord.com\/en\/shop\/"},{"@type":"ListItem","position":3,"name":"48V-1,2A Lead\/Gel Battery Charger, Waterproof (Not Submersible)"}]},{"@type":"WebSite","@id":"https:\/\/www.bicyrekkord.com\/en\/#website","url":"https:\/\/www.bicyrekkord.com\/en\/","name":"Repuestos para Veh\u00edculos El\u00e9ctricos | BICYREKKORD","description":"L\u00edder en repuestos para veh\u00edculos el\u00e9ctricos","publisher":{"@id":"https:\/\/www.bicyrekkord.com\/en\/#organization"},"alternateName":"BICYREKKORD","potentialAction":[{"@type":"SearchAction","target":{"@type":"EntryPoint","urlTemplate":"https:\/\/www.bicyrekkord.com\/en\/?s={search_term_string}"},"query-input":{"@type":"PropertyValueSpecification","valueRequired":true,"valueName":"search_term_string"}}],"inLanguage":"en-US"},{"@type":"Organization","@id":"https:\/\/www.bicyrekkord.com\/en\/#organization","name":"BICYREKKORD","alternateName":"L\u00edder en repuestos para veh\u00edculos el\u00e9ctricos","url":"https:\/\/www.bicyrekkord.com\/en\/","logo":{"@type":"ImageObject","inLanguage":"en-US","@id":"https:\/\/www.bicyrekkord.com\/en\/#\/schema\/logo\/image\/","url":"https:\/\/www.bicyrekkord.com\/wp-content\/uploads\/2024\/05\/LOGO-BRK-12-1-scaled.png","contentUrl":"https:\/\/www.bicyrekkord.com\/wp-content\/uploads\/2024\/05\/LOGO-BRK-12-1-scaled.png","width":2560,"height":726,"caption":"BICYREKKORD"},"image":{"@id":"https:\/\/www.bicyrekkord.com\/en\/#\/schema\/logo\/image\/"},"sameAs":["https:\/\/www.facebook.com\/BicyRekkord\/","https:\/\/x.com\/BICYREKKORD","https:\/\/www.instagram.com\/bicyrekkord\/","https:\/\/www.youtube.com\/@Bicyrekkord"]}]}},"_links":{"self":[{"href":"https:\/\/www.bicyrekkord.com\/en\/wp-json\/wp\/v2\/product\/239545","targetHints":{"allow":["GET"]}}],"collection":[{"href":"https:\/\/www.bicyrekkord.com\/en\/wp-json\/wp\/v2\/product"}],"about":[{"href":"https:\/\/www.bicyrekkord.com\/en\/wp-json\/wp\/v2\/types\/product"}],"replies":[{"embeddable":true,"href":"https:\/\/www.bicyrekkord.com\/en\/wp-json\/wp\/v2\/comments?post=239545"}],"wp:featuredmedia":[{"embeddable":true,"href":"https:\/\/www.bicyrekkord.com\/en\/wp-json\/wp\/v2\/media\/239551"}],"wp:attachment":[{"href":"https:\/\/www.bicyrekkord.com\/en\/wp-json\/wp\/v2\/media?parent=239545"}],"wp:term":[{"taxonomy":"product_brand","embeddable":true,"href":"https:\/\/www.bicyrekkord.com\/en\/wp-json\/wp\/v2\/product_brand?post=239545"},{"taxonomy":"product_cat","embeddable":true,"href":"https:\/\/www.bicyrekkord.com\/en\/wp-json\/wp\/v2\/product_cat?post=239545"},{"taxonomy":"product_tag","embeddable":true,"href":"https:\/\/www.bicyrekkord.com\/en\/wp-json\/wp\/v2\/product_tag?post=239545"}],"curies":[{"name":"wp","href":"https:\/\/api.w.org\/{rel}","templated":true}]}}