{"id":239577,"date":"2026-03-03T20:36:45","date_gmt":"2026-03-04T01:36:45","guid":{"rendered":"https:\/\/www.bicyrekkord.com\/?post_type=product&#038;p=239577"},"modified":"2026-03-03T20:39:15","modified_gmt":"2026-03-04T01:39:15","slug":"charger-for-lead-gel-battery-36v-12a-copia-2","status":"publish","type":"product","link":"https:\/\/www.bicyrekkord.com\/en\/producto\/charger-for-lead-gel-battery-36v-12a-copia-2\/","title":{"rendered":"Charger for Lead\/Gel Battery 24V-1,2A"},"content":{"rendered":"","protected":false},"excerpt":{"rendered":"<p data-start=\"30\" data-end=\"334\">The <strong data-start=\"33\" data-end=\"94\">24V-1.2A Lead-Gel Battery Charger with Fan<\/strong> is designed for charging batteries used in <strong data-start=\"149\" data-end=\"213\">light electric personal mobility vehicles (VELMPU)<\/strong>, such as <strong data-start=\"220\" data-end=\"333\">electric bicycles, electric scooters, electric skateboards, electric scooters and other personal electric vehicles<\/strong>.<\/p>\n<p data-start=\"336\" data-end=\"641\">Provides a stable <strong>24V-1.2A<\/strong> output, suitable for <strong data-start=\"409\" data-end=\"448\">sealed lead-acid GEL or AGM<\/strong> batteries, common in urban electric mobility systems. It incorporates an <strong data-start=\"511\" data-end=\"533\">internal fan<\/strong>, which helps dissipate heat during the charging process and improves the stability and durability of the equipment. <\/p>\n<p data-start=\"643\" data-end=\"839\">This charger is designed for <strong data-start=\"676\" data-end=\"718\">indoor use or protected locations<\/strong>, so it<strong data-start=\"731\" data-end=\"766\">is &#8220;not waterproof or submersible&#8221;<\/strong>. It is recommended to use it in a dry and ventilated place during charging. <\/p>\n","protected":false},"featured_media":239573,"comment_status":"open","ping_status":"closed","template":"","meta":[],"product_brand":[],"product_cat":[101],"product_tag":[],"class_list":{"0":"post-239577","1":"product","2":"type-product","3":"status-publish","4":"has-post-thumbnail","6":"product_cat-chargers","7":"product_shipping_class-cash-on-delivery","9":"first","10":"instock","11":"shipping-taxable","12":"purchasable","13":"product-type-simple"},"yoast_head":"<!-- This site is optimized with the Yoast SEO plugin v27.5 - https:\/\/yoast.com\/product\/yoast-seo-wordpress\/ -->\n<title>Charger for Lead\/Gel Battery 24V-1,2A | BICYREKKORD<\/title>\n<meta name=\"robots\" content=\"index, follow, max-snippet:-1, max-image-preview:large, max-video-preview:-1\" \/>\n<link rel=\"canonical\" href=\"https:\/\/www.bicyrekkord.com\/en\/producto\/charger-for-lead-gel-battery-36v-12a-copia-2\/\" \/>\n<meta property=\"og:locale\" content=\"en_US\" \/>\n<meta property=\"og:type\" content=\"article\" \/>\n<meta property=\"og:title\" content=\"Charger for Lead\/Gel Battery 24V-1,2A | BICYREKKORD\" \/>\n<meta property=\"og:description\" content=\"The 24V-1.2A Lead-Gel Battery Charger with Fan is designed for charging batteries used in light electric personal mobility vehicles (VELMPU), such as electric bicycles, electric scooters, electric skateboards, electric scooters and other personal electric vehicles. Provides a stable 24V-1.2A output, suitable for sealed lead-acid GEL or AGM batteries, common in urban electric mobility systems. It incorporates an internal fan, which helps dissipate heat during the charging process and improves the stability and durability of the equipment. This charger is designed for indoor use or protected locations, so itis &quot;not waterproof or submersible&quot;. It is recommended to use it in a dry and ventilated place during charging.\" \/>\n<meta property=\"og:url\" content=\"https:\/\/www.bicyrekkord.com\/en\/producto\/charger-for-lead-gel-battery-36v-12a-copia-2\/\" \/>\n<meta property=\"og:site_name\" content=\"BICYREKKORD\" \/>\n<meta property=\"article:publisher\" content=\"https:\/\/www.facebook.com\/BicyRekkord\/\" \/>\n<meta property=\"article:modified_time\" content=\"2026-03-04T01:39:15+00:00\" \/>\n<meta property=\"og:image\" content=\"https:\/\/www.bicyrekkord.com\/wp-content\/uploads\/2024\/05\/Cargador-Plomo-Gel-36v_12ah-Naranja.webp\" \/>\n\t<meta property=\"og:image:width\" content=\"875\" \/>\n\t<meta property=\"og:image:height\" content=\"875\" \/>\n\t<meta property=\"og:image:type\" content=\"image\/webp\" \/>\n<meta name=\"twitter:card\" content=\"summary_large_image\" \/>\n<meta name=\"twitter:site\" content=\"@BICYREKKORD\" \/>\n<script type=\"application\/ld+json\" class=\"yoast-schema-graph\">{\"@context\":\"https:\\\/\\\/schema.org\",\"@graph\":[{\"@type\":\"WebPage\",\"@id\":\"https:\\\/\\\/www.bicyrekkord.com\\\/en\\\/producto\\\/charger-for-lead-gel-battery-36v-12a-copia-2\\\/\",\"url\":\"https:\\\/\\\/www.bicyrekkord.com\\\/en\\\/producto\\\/charger-for-lead-gel-battery-36v-12a-copia-2\\\/\",\"name\":\"Charger for Lead\\\/Gel Battery 24V-1,2A | BICYREKKORD\",\"isPartOf\":{\"@id\":\"https:\\\/\\\/www.bicyrekkord.com\\\/en\\\/#website\"},\"primaryImageOfPage\":{\"@id\":\"https:\\\/\\\/www.bicyrekkord.com\\\/en\\\/producto\\\/charger-for-lead-gel-battery-36v-12a-copia-2\\\/#primaryimage\"},\"image\":{\"@id\":\"https:\\\/\\\/www.bicyrekkord.com\\\/en\\\/producto\\\/charger-for-lead-gel-battery-36v-12a-copia-2\\\/#primaryimage\"},\"thumbnailUrl\":\"https:\\\/\\\/www.bicyrekkord.com\\\/wp-content\\\/uploads\\\/2024\\\/05\\\/Cargador-Plomo-Gel-36v_12ah-Naranja.webp\",\"datePublished\":\"2026-03-04T01:36:45+00:00\",\"dateModified\":\"2026-03-04T01:39:15+00:00\",\"breadcrumb\":{\"@id\":\"https:\\\/\\\/www.bicyrekkord.com\\\/en\\\/producto\\\/charger-for-lead-gel-battery-36v-12a-copia-2\\\/#breadcrumb\"},\"inLanguage\":\"en-US\",\"potentialAction\":[{\"@type\":\"ReadAction\",\"target\":[\"https:\\\/\\\/www.bicyrekkord.com\\\/en\\\/producto\\\/charger-for-lead-gel-battery-36v-12a-copia-2\\\/\"]}]},{\"@type\":\"ImageObject\",\"inLanguage\":\"en-US\",\"@id\":\"https:\\\/\\\/www.bicyrekkord.com\\\/en\\\/producto\\\/charger-for-lead-gel-battery-36v-12a-copia-2\\\/#primaryimage\",\"url\":\"https:\\\/\\\/www.bicyrekkord.com\\\/wp-content\\\/uploads\\\/2024\\\/05\\\/Cargador-Plomo-Gel-36v_12ah-Naranja.webp\",\"contentUrl\":\"https:\\\/\\\/www.bicyrekkord.com\\\/wp-content\\\/uploads\\\/2024\\\/05\\\/Cargador-Plomo-Gel-36v_12ah-Naranja.webp\",\"width\":875,\"height\":875},{\"@type\":\"BreadcrumbList\",\"@id\":\"https:\\\/\\\/www.bicyrekkord.com\\\/en\\\/producto\\\/charger-for-lead-gel-battery-36v-12a-copia-2\\\/#breadcrumb\",\"itemListElement\":[{\"@type\":\"ListItem\",\"position\":1,\"name\":\"Inicio\",\"item\":\"https:\\\/\\\/www.bicyrekkord.com\\\/en\\\/home\\\/\"},{\"@type\":\"ListItem\",\"position\":2,\"name\":\"Shop\",\"item\":\"https:\\\/\\\/www.bicyrekkord.com\\\/en\\\/shop\\\/\"},{\"@type\":\"ListItem\",\"position\":3,\"name\":\"Charger for Lead\\\/Gel Battery 24V-1,2A\"}]},{\"@type\":\"WebSite\",\"@id\":\"https:\\\/\\\/www.bicyrekkord.com\\\/en\\\/#website\",\"url\":\"https:\\\/\\\/www.bicyrekkord.com\\\/en\\\/\",\"name\":\"Repuestos para Veh\u00edculos El\u00e9ctricos | BICYREKKORD\",\"description\":\"L\u00edder en repuestos para veh\u00edculos el\u00e9ctricos\",\"publisher\":{\"@id\":\"https:\\\/\\\/www.bicyrekkord.com\\\/en\\\/#organization\"},\"alternateName\":\"BICYREKKORD\",\"potentialAction\":[{\"@type\":\"SearchAction\",\"target\":{\"@type\":\"EntryPoint\",\"urlTemplate\":\"https:\\\/\\\/www.bicyrekkord.com\\\/en\\\/?s={search_term_string}\"},\"query-input\":{\"@type\":\"PropertyValueSpecification\",\"valueRequired\":true,\"valueName\":\"search_term_string\"}}],\"inLanguage\":\"en-US\"},{\"@type\":\"Organization\",\"@id\":\"https:\\\/\\\/www.bicyrekkord.com\\\/en\\\/#organization\",\"name\":\"BICYREKKORD\",\"alternateName\":\"L\u00edder en repuestos para veh\u00edculos el\u00e9ctricos\",\"url\":\"https:\\\/\\\/www.bicyrekkord.com\\\/en\\\/\",\"logo\":{\"@type\":\"ImageObject\",\"inLanguage\":\"en-US\",\"@id\":\"https:\\\/\\\/www.bicyrekkord.com\\\/en\\\/#\\\/schema\\\/logo\\\/image\\\/\",\"url\":\"https:\\\/\\\/www.bicyrekkord.com\\\/wp-content\\\/uploads\\\/2024\\\/05\\\/LOGO-BRK-12-1-scaled.png\",\"contentUrl\":\"https:\\\/\\\/www.bicyrekkord.com\\\/wp-content\\\/uploads\\\/2024\\\/05\\\/LOGO-BRK-12-1-scaled.png\",\"width\":2560,\"height\":726,\"caption\":\"BICYREKKORD\"},\"image\":{\"@id\":\"https:\\\/\\\/www.bicyrekkord.com\\\/en\\\/#\\\/schema\\\/logo\\\/image\\\/\"},\"sameAs\":[\"https:\\\/\\\/www.facebook.com\\\/BicyRekkord\\\/\",\"https:\\\/\\\/x.com\\\/BICYREKKORD\",\"https:\\\/\\\/www.instagram.com\\\/bicyrekkord\\\/\",\"https:\\\/\\\/www.youtube.com\\\/@Bicyrekkord\"]}]}<\/script>\n<!-- \/ Yoast SEO plugin. -->","yoast_head_json":{"title":"Charger for Lead\/Gel Battery 24V-1,2A | BICYREKKORD","robots":{"index":"index","follow":"follow","max-snippet":"max-snippet:-1","max-image-preview":"max-image-preview:large","max-video-preview":"max-video-preview:-1"},"canonical":"https:\/\/www.bicyrekkord.com\/en\/producto\/charger-for-lead-gel-battery-36v-12a-copia-2\/","og_locale":"en_US","og_type":"article","og_title":"Charger for Lead\/Gel Battery 24V-1,2A | BICYREKKORD","og_description":"The 24V-1.2A Lead-Gel Battery Charger with Fan is designed for charging batteries used in light electric personal mobility vehicles (VELMPU), such as electric bicycles, electric scooters, electric skateboards, electric scooters and other personal electric vehicles. Provides a stable 24V-1.2A output, suitable for sealed lead-acid GEL or AGM batteries, common in urban electric mobility systems. It incorporates an internal fan, which helps dissipate heat during the charging process and improves the stability and durability of the equipment. This charger is designed for indoor use or protected locations, so itis \"not waterproof or submersible\". It is recommended to use it in a dry and ventilated place during charging.","og_url":"https:\/\/www.bicyrekkord.com\/en\/producto\/charger-for-lead-gel-battery-36v-12a-copia-2\/","og_site_name":"BICYREKKORD","article_publisher":"https:\/\/www.facebook.com\/BicyRekkord\/","article_modified_time":"2026-03-04T01:39:15+00:00","og_image":[{"width":875,"height":875,"url":"https:\/\/www.bicyrekkord.com\/wp-content\/uploads\/2024\/05\/Cargador-Plomo-Gel-36v_12ah-Naranja.webp","type":"image\/webp"}],"twitter_card":"summary_large_image","twitter_site":"@BICYREKKORD","schema":{"@context":"https:\/\/schema.org","@graph":[{"@type":"WebPage","@id":"https:\/\/www.bicyrekkord.com\/en\/producto\/charger-for-lead-gel-battery-36v-12a-copia-2\/","url":"https:\/\/www.bicyrekkord.com\/en\/producto\/charger-for-lead-gel-battery-36v-12a-copia-2\/","name":"Charger for Lead\/Gel Battery 24V-1,2A | BICYREKKORD","isPartOf":{"@id":"https:\/\/www.bicyrekkord.com\/en\/#website"},"primaryImageOfPage":{"@id":"https:\/\/www.bicyrekkord.com\/en\/producto\/charger-for-lead-gel-battery-36v-12a-copia-2\/#primaryimage"},"image":{"@id":"https:\/\/www.bicyrekkord.com\/en\/producto\/charger-for-lead-gel-battery-36v-12a-copia-2\/#primaryimage"},"thumbnailUrl":"https:\/\/www.bicyrekkord.com\/wp-content\/uploads\/2024\/05\/Cargador-Plomo-Gel-36v_12ah-Naranja.webp","datePublished":"2026-03-04T01:36:45+00:00","dateModified":"2026-03-04T01:39:15+00:00","breadcrumb":{"@id":"https:\/\/www.bicyrekkord.com\/en\/producto\/charger-for-lead-gel-battery-36v-12a-copia-2\/#breadcrumb"},"inLanguage":"en-US","potentialAction":[{"@type":"ReadAction","target":["https:\/\/www.bicyrekkord.com\/en\/producto\/charger-for-lead-gel-battery-36v-12a-copia-2\/"]}]},{"@type":"ImageObject","inLanguage":"en-US","@id":"https:\/\/www.bicyrekkord.com\/en\/producto\/charger-for-lead-gel-battery-36v-12a-copia-2\/#primaryimage","url":"https:\/\/www.bicyrekkord.com\/wp-content\/uploads\/2024\/05\/Cargador-Plomo-Gel-36v_12ah-Naranja.webp","contentUrl":"https:\/\/www.bicyrekkord.com\/wp-content\/uploads\/2024\/05\/Cargador-Plomo-Gel-36v_12ah-Naranja.webp","width":875,"height":875},{"@type":"BreadcrumbList","@id":"https:\/\/www.bicyrekkord.com\/en\/producto\/charger-for-lead-gel-battery-36v-12a-copia-2\/#breadcrumb","itemListElement":[{"@type":"ListItem","position":1,"name":"Inicio","item":"https:\/\/www.bicyrekkord.com\/en\/home\/"},{"@type":"ListItem","position":2,"name":"Shop","item":"https:\/\/www.bicyrekkord.com\/en\/shop\/"},{"@type":"ListItem","position":3,"name":"Charger for Lead\/Gel Battery 24V-1,2A"}]},{"@type":"WebSite","@id":"https:\/\/www.bicyrekkord.com\/en\/#website","url":"https:\/\/www.bicyrekkord.com\/en\/","name":"Repuestos para Veh\u00edculos El\u00e9ctricos | BICYREKKORD","description":"L\u00edder en repuestos para veh\u00edculos el\u00e9ctricos","publisher":{"@id":"https:\/\/www.bicyrekkord.com\/en\/#organization"},"alternateName":"BICYREKKORD","potentialAction":[{"@type":"SearchAction","target":{"@type":"EntryPoint","urlTemplate":"https:\/\/www.bicyrekkord.com\/en\/?s={search_term_string}"},"query-input":{"@type":"PropertyValueSpecification","valueRequired":true,"valueName":"search_term_string"}}],"inLanguage":"en-US"},{"@type":"Organization","@id":"https:\/\/www.bicyrekkord.com\/en\/#organization","name":"BICYREKKORD","alternateName":"L\u00edder en repuestos para veh\u00edculos el\u00e9ctricos","url":"https:\/\/www.bicyrekkord.com\/en\/","logo":{"@type":"ImageObject","inLanguage":"en-US","@id":"https:\/\/www.bicyrekkord.com\/en\/#\/schema\/logo\/image\/","url":"https:\/\/www.bicyrekkord.com\/wp-content\/uploads\/2024\/05\/LOGO-BRK-12-1-scaled.png","contentUrl":"https:\/\/www.bicyrekkord.com\/wp-content\/uploads\/2024\/05\/LOGO-BRK-12-1-scaled.png","width":2560,"height":726,"caption":"BICYREKKORD"},"image":{"@id":"https:\/\/www.bicyrekkord.com\/en\/#\/schema\/logo\/image\/"},"sameAs":["https:\/\/www.facebook.com\/BicyRekkord\/","https:\/\/x.com\/BICYREKKORD","https:\/\/www.instagram.com\/bicyrekkord\/","https:\/\/www.youtube.com\/@Bicyrekkord"]}]}},"_links":{"self":[{"href":"https:\/\/www.bicyrekkord.com\/en\/wp-json\/wp\/v2\/product\/239577","targetHints":{"allow":["GET"]}}],"collection":[{"href":"https:\/\/www.bicyrekkord.com\/en\/wp-json\/wp\/v2\/product"}],"about":[{"href":"https:\/\/www.bicyrekkord.com\/en\/wp-json\/wp\/v2\/types\/product"}],"replies":[{"embeddable":true,"href":"https:\/\/www.bicyrekkord.com\/en\/wp-json\/wp\/v2\/comments?post=239577"}],"wp:featuredmedia":[{"embeddable":true,"href":"https:\/\/www.bicyrekkord.com\/en\/wp-json\/wp\/v2\/media\/239573"}],"wp:attachment":[{"href":"https:\/\/www.bicyrekkord.com\/en\/wp-json\/wp\/v2\/media?parent=239577"}],"wp:term":[{"taxonomy":"product_brand","embeddable":true,"href":"https:\/\/www.bicyrekkord.com\/en\/wp-json\/wp\/v2\/product_brand?post=239577"},{"taxonomy":"product_cat","embeddable":true,"href":"https:\/\/www.bicyrekkord.com\/en\/wp-json\/wp\/v2\/product_cat?post=239577"},{"taxonomy":"product_tag","embeddable":true,"href":"https:\/\/www.bicyrekkord.com\/en\/wp-json\/wp\/v2\/product_tag?post=239577"}],"curies":[{"name":"wp","href":"https:\/\/api.w.org\/{rel}","templated":true}]}}