{"id":238520,"date":"2024-05-02T18:34:56","date_gmt":"2024-05-02T23:34:56","guid":{"rendered":"https:\/\/www.bicyrekkord.com\/producto\/accelerateur-avec-interrupteur-fixe-feux-et-3-vitesses\/"},"modified":"2025-07-01T00:07:30","modified_gmt":"2025-07-01T05:07:30","slug":"accelerateur-avec-interrupteur-fixe-feux-et-3-vitesses","status":"publish","type":"product","link":"https:\/\/www.bicyrekkord.com\/fr\/producto\/accelerateur-avec-interrupteur-fixe-feux-et-3-vitesses\/","title":{"rendered":"Acc\u00e9l\u00e9rateur avec interrupteur fixe, feux et 3 vitesses"},"content":{"rendered":"","protected":false},"excerpt":{"rendered":"<p>Acc\u00e9l\u00e9rateur avec interrupteur pour l&#8217;arr\u00eat, les feux et 3 vitesses.<b>Compatible avec les v\u00e9hicules \u00e9lectriques \u00e0 partir de 12V. <strong>L&#8217;acc\u00e9l\u00e9rateur est aliment\u00e9 en 5V ind\u00e9pendamment de la tension de votre v\u00e9hicule \u00e9lectrique.<\/strong><\/b> <\/p>\n<p>Votre achat comprend les deux t\u00e9l\u00e9commandes montr\u00e9es sur la photo (droite avec tous les interrupteurs et gauche compl\u00e9mentaire).<\/p>\n<p>Installation facile, convient \u00e0 la plupart des v\u00e9hicules \u00e9lectriques \u00e0 deux roues sans balais et aux v\u00e9los-taxis \u00e9lectriques.<\/p>\n","protected":false},"featured_media":237924,"comment_status":"open","ping_status":"closed","template":"","meta":[],"product_brand":[],"product_cat":[84],"product_tag":[],"class_list":{"0":"post-238520","1":"product","2":"type-product","3":"status-publish","4":"has-post-thumbnail","6":"product_cat-accelerateurs","7":"product_shipping_class-livraison-gratuite","9":"first","10":"instock","11":"shipping-taxable","12":"purchasable","13":"product-type-simple"},"yoast_head":"<!-- This site is optimized with the Yoast SEO plugin v27.4 - https:\/\/yoast.com\/product\/yoast-seo-wordpress\/ -->\n<title>Acc\u00e9l\u00e9rateur avec interrupteur fixe, feux et 3 vitesses | BICYREKKORD<\/title>\n<meta name=\"robots\" content=\"index, follow, max-snippet:-1, max-image-preview:large, max-video-preview:-1\" \/>\n<link rel=\"canonical\" href=\"https:\/\/www.bicyrekkord.com\/fr\/producto\/accelerateur-avec-interrupteur-fixe-feux-et-3-vitesses\/\" \/>\n<meta property=\"og:locale\" content=\"fr_FR\" \/>\n<meta property=\"og:type\" content=\"article\" \/>\n<meta property=\"og:title\" content=\"Acc\u00e9l\u00e9rateur avec interrupteur fixe, feux et 3 vitesses | BICYREKKORD\" \/>\n<meta property=\"og:description\" content=\"Acc\u00e9l\u00e9rateur avec interrupteur pour l&#039;arr\u00eat, les feux et 3 vitesses.Compatible avec les v\u00e9hicules \u00e9lectriques \u00e0 partir de 12V. L&#039;acc\u00e9l\u00e9rateur est aliment\u00e9 en 5V ind\u00e9pendamment de la tension de votre v\u00e9hicule \u00e9lectrique.  Votre achat comprend les deux t\u00e9l\u00e9commandes montr\u00e9es sur la photo (droite avec tous les interrupteurs et gauche compl\u00e9mentaire). Installation facile, convient \u00e0 la plupart des v\u00e9hicules \u00e9lectriques \u00e0 deux roues sans balais et aux v\u00e9los-taxis \u00e9lectriques.\" \/>\n<meta property=\"og:url\" content=\"https:\/\/www.bicyrekkord.com\/fr\/producto\/accelerateur-avec-interrupteur-fixe-feux-et-3-vitesses\/\" \/>\n<meta property=\"og:site_name\" content=\"BICYREKKORD\" \/>\n<meta property=\"article:publisher\" content=\"https:\/\/www.facebook.com\/BicyRekkord\/\" \/>\n<meta property=\"article:modified_time\" content=\"2025-07-01T05:07:30+00:00\" \/>\n<meta property=\"og:image\" content=\"https:\/\/www.bicyrekkord.com\/wp-content\/uploads\/2024\/05\/Acelerador-con-interruptor-estacionarias-luces-y-3-velocidades.jpg\" \/>\n\t<meta property=\"og:image:width\" content=\"875\" \/>\n\t<meta property=\"og:image:height\" content=\"875\" \/>\n\t<meta property=\"og:image:type\" content=\"image\/jpeg\" \/>\n<meta name=\"twitter:card\" content=\"summary_large_image\" \/>\n<meta name=\"twitter:site\" content=\"@BICYREKKORD\" \/>\n<script type=\"application\/ld+json\" class=\"yoast-schema-graph\">{\"@context\":\"https:\\\/\\\/schema.org\",\"@graph\":[{\"@type\":\"WebPage\",\"@id\":\"https:\\\/\\\/www.bicyrekkord.com\\\/fr\\\/producto\\\/accelerateur-avec-interrupteur-fixe-feux-et-3-vitesses\\\/\",\"url\":\"https:\\\/\\\/www.bicyrekkord.com\\\/fr\\\/producto\\\/accelerateur-avec-interrupteur-fixe-feux-et-3-vitesses\\\/\",\"name\":\"Acc\u00e9l\u00e9rateur avec interrupteur fixe, feux et 3 vitesses | BICYREKKORD\",\"isPartOf\":{\"@id\":\"https:\\\/\\\/www.bicyrekkord.com\\\/fr\\\/#website\"},\"primaryImageOfPage\":{\"@id\":\"https:\\\/\\\/www.bicyrekkord.com\\\/fr\\\/producto\\\/accelerateur-avec-interrupteur-fixe-feux-et-3-vitesses\\\/#primaryimage\"},\"image\":{\"@id\":\"https:\\\/\\\/www.bicyrekkord.com\\\/fr\\\/producto\\\/accelerateur-avec-interrupteur-fixe-feux-et-3-vitesses\\\/#primaryimage\"},\"thumbnailUrl\":\"https:\\\/\\\/www.bicyrekkord.com\\\/wp-content\\\/uploads\\\/2024\\\/05\\\/Acelerador-con-interruptor-estacionarias-luces-y-3-velocidades.jpg\",\"datePublished\":\"2024-05-02T23:34:56+00:00\",\"dateModified\":\"2025-07-01T05:07:30+00:00\",\"breadcrumb\":{\"@id\":\"https:\\\/\\\/www.bicyrekkord.com\\\/fr\\\/producto\\\/accelerateur-avec-interrupteur-fixe-feux-et-3-vitesses\\\/#breadcrumb\"},\"inLanguage\":\"fr-FR\",\"potentialAction\":[{\"@type\":\"ReadAction\",\"target\":[\"https:\\\/\\\/www.bicyrekkord.com\\\/fr\\\/producto\\\/accelerateur-avec-interrupteur-fixe-feux-et-3-vitesses\\\/\"]}]},{\"@type\":\"ImageObject\",\"inLanguage\":\"fr-FR\",\"@id\":\"https:\\\/\\\/www.bicyrekkord.com\\\/fr\\\/producto\\\/accelerateur-avec-interrupteur-fixe-feux-et-3-vitesses\\\/#primaryimage\",\"url\":\"https:\\\/\\\/www.bicyrekkord.com\\\/wp-content\\\/uploads\\\/2024\\\/05\\\/Acelerador-con-interruptor-estacionarias-luces-y-3-velocidades.jpg\",\"contentUrl\":\"https:\\\/\\\/www.bicyrekkord.com\\\/wp-content\\\/uploads\\\/2024\\\/05\\\/Acelerador-con-interruptor-estacionarias-luces-y-3-velocidades.jpg\",\"width\":875,\"height\":875},{\"@type\":\"BreadcrumbList\",\"@id\":\"https:\\\/\\\/www.bicyrekkord.com\\\/fr\\\/producto\\\/accelerateur-avec-interrupteur-fixe-feux-et-3-vitesses\\\/#breadcrumb\",\"itemListElement\":[{\"@type\":\"ListItem\",\"position\":1,\"name\":\"Accueil\",\"item\":\"https:\\\/\\\/www.bicyrekkord.com\\\/fr\\\/accueil\\\/\"},{\"@type\":\"ListItem\",\"position\":2,\"name\":\"Boutique\",\"item\":\"https:\\\/\\\/www.bicyrekkord.com\\\/fr\\\/boutique\\\/\"},{\"@type\":\"ListItem\",\"position\":3,\"name\":\"Acc\u00e9l\u00e9rateur avec interrupteur fixe, feux et 3 vitesses\"}]},{\"@type\":\"WebSite\",\"@id\":\"https:\\\/\\\/www.bicyrekkord.com\\\/fr\\\/#website\",\"url\":\"https:\\\/\\\/www.bicyrekkord.com\\\/fr\\\/\",\"name\":\"Repuestos para Veh\u00edculos El\u00e9ctricos | BICYREKKORD\",\"description\":\"L\u00edder en repuestos para veh\u00edculos el\u00e9ctricos\",\"publisher\":{\"@id\":\"https:\\\/\\\/www.bicyrekkord.com\\\/fr\\\/#organization\"},\"alternateName\":\"BICYREKKORD\",\"potentialAction\":[{\"@type\":\"SearchAction\",\"target\":{\"@type\":\"EntryPoint\",\"urlTemplate\":\"https:\\\/\\\/www.bicyrekkord.com\\\/fr\\\/?s={search_term_string}\"},\"query-input\":{\"@type\":\"PropertyValueSpecification\",\"valueRequired\":true,\"valueName\":\"search_term_string\"}}],\"inLanguage\":\"fr-FR\"},{\"@type\":\"Organization\",\"@id\":\"https:\\\/\\\/www.bicyrekkord.com\\\/fr\\\/#organization\",\"name\":\"BICYREKKORD\",\"alternateName\":\"L\u00edder en repuestos para veh\u00edculos el\u00e9ctricos\",\"url\":\"https:\\\/\\\/www.bicyrekkord.com\\\/fr\\\/\",\"logo\":{\"@type\":\"ImageObject\",\"inLanguage\":\"fr-FR\",\"@id\":\"https:\\\/\\\/www.bicyrekkord.com\\\/fr\\\/#\\\/schema\\\/logo\\\/image\\\/\",\"url\":\"https:\\\/\\\/www.bicyrekkord.com\\\/wp-content\\\/uploads\\\/2024\\\/05\\\/LOGO-BRK-12-1-scaled.png\",\"contentUrl\":\"https:\\\/\\\/www.bicyrekkord.com\\\/wp-content\\\/uploads\\\/2024\\\/05\\\/LOGO-BRK-12-1-scaled.png\",\"width\":2560,\"height\":726,\"caption\":\"BICYREKKORD\"},\"image\":{\"@id\":\"https:\\\/\\\/www.bicyrekkord.com\\\/fr\\\/#\\\/schema\\\/logo\\\/image\\\/\"},\"sameAs\":[\"https:\\\/\\\/www.facebook.com\\\/BicyRekkord\\\/\",\"https:\\\/\\\/x.com\\\/BICYREKKORD\",\"https:\\\/\\\/www.instagram.com\\\/bicyrekkord\\\/\",\"https:\\\/\\\/www.youtube.com\\\/@Bicyrekkord\"]}]}<\/script>\n<!-- \/ Yoast SEO plugin. -->","yoast_head_json":{"title":"Acc\u00e9l\u00e9rateur avec interrupteur fixe, feux et 3 vitesses | BICYREKKORD","robots":{"index":"index","follow":"follow","max-snippet":"max-snippet:-1","max-image-preview":"max-image-preview:large","max-video-preview":"max-video-preview:-1"},"canonical":"https:\/\/www.bicyrekkord.com\/fr\/producto\/accelerateur-avec-interrupteur-fixe-feux-et-3-vitesses\/","og_locale":"fr_FR","og_type":"article","og_title":"Acc\u00e9l\u00e9rateur avec interrupteur fixe, feux et 3 vitesses | BICYREKKORD","og_description":"Acc\u00e9l\u00e9rateur avec interrupteur pour l'arr\u00eat, les feux et 3 vitesses.Compatible avec les v\u00e9hicules \u00e9lectriques \u00e0 partir de 12V. L'acc\u00e9l\u00e9rateur est aliment\u00e9 en 5V ind\u00e9pendamment de la tension de votre v\u00e9hicule \u00e9lectrique.  Votre achat comprend les deux t\u00e9l\u00e9commandes montr\u00e9es sur la photo (droite avec tous les interrupteurs et gauche compl\u00e9mentaire). Installation facile, convient \u00e0 la plupart des v\u00e9hicules \u00e9lectriques \u00e0 deux roues sans balais et aux v\u00e9los-taxis \u00e9lectriques.","og_url":"https:\/\/www.bicyrekkord.com\/fr\/producto\/accelerateur-avec-interrupteur-fixe-feux-et-3-vitesses\/","og_site_name":"BICYREKKORD","article_publisher":"https:\/\/www.facebook.com\/BicyRekkord\/","article_modified_time":"2025-07-01T05:07:30+00:00","og_image":[{"width":875,"height":875,"url":"https:\/\/www.bicyrekkord.com\/wp-content\/uploads\/2024\/05\/Acelerador-con-interruptor-estacionarias-luces-y-3-velocidades.jpg","type":"image\/jpeg"}],"twitter_card":"summary_large_image","twitter_site":"@BICYREKKORD","schema":{"@context":"https:\/\/schema.org","@graph":[{"@type":"WebPage","@id":"https:\/\/www.bicyrekkord.com\/fr\/producto\/accelerateur-avec-interrupteur-fixe-feux-et-3-vitesses\/","url":"https:\/\/www.bicyrekkord.com\/fr\/producto\/accelerateur-avec-interrupteur-fixe-feux-et-3-vitesses\/","name":"Acc\u00e9l\u00e9rateur avec interrupteur fixe, feux et 3 vitesses | BICYREKKORD","isPartOf":{"@id":"https:\/\/www.bicyrekkord.com\/fr\/#website"},"primaryImageOfPage":{"@id":"https:\/\/www.bicyrekkord.com\/fr\/producto\/accelerateur-avec-interrupteur-fixe-feux-et-3-vitesses\/#primaryimage"},"image":{"@id":"https:\/\/www.bicyrekkord.com\/fr\/producto\/accelerateur-avec-interrupteur-fixe-feux-et-3-vitesses\/#primaryimage"},"thumbnailUrl":"https:\/\/www.bicyrekkord.com\/wp-content\/uploads\/2024\/05\/Acelerador-con-interruptor-estacionarias-luces-y-3-velocidades.jpg","datePublished":"2024-05-02T23:34:56+00:00","dateModified":"2025-07-01T05:07:30+00:00","breadcrumb":{"@id":"https:\/\/www.bicyrekkord.com\/fr\/producto\/accelerateur-avec-interrupteur-fixe-feux-et-3-vitesses\/#breadcrumb"},"inLanguage":"fr-FR","potentialAction":[{"@type":"ReadAction","target":["https:\/\/www.bicyrekkord.com\/fr\/producto\/accelerateur-avec-interrupteur-fixe-feux-et-3-vitesses\/"]}]},{"@type":"ImageObject","inLanguage":"fr-FR","@id":"https:\/\/www.bicyrekkord.com\/fr\/producto\/accelerateur-avec-interrupteur-fixe-feux-et-3-vitesses\/#primaryimage","url":"https:\/\/www.bicyrekkord.com\/wp-content\/uploads\/2024\/05\/Acelerador-con-interruptor-estacionarias-luces-y-3-velocidades.jpg","contentUrl":"https:\/\/www.bicyrekkord.com\/wp-content\/uploads\/2024\/05\/Acelerador-con-interruptor-estacionarias-luces-y-3-velocidades.jpg","width":875,"height":875},{"@type":"BreadcrumbList","@id":"https:\/\/www.bicyrekkord.com\/fr\/producto\/accelerateur-avec-interrupteur-fixe-feux-et-3-vitesses\/#breadcrumb","itemListElement":[{"@type":"ListItem","position":1,"name":"Accueil","item":"https:\/\/www.bicyrekkord.com\/fr\/accueil\/"},{"@type":"ListItem","position":2,"name":"Boutique","item":"https:\/\/www.bicyrekkord.com\/fr\/boutique\/"},{"@type":"ListItem","position":3,"name":"Acc\u00e9l\u00e9rateur avec interrupteur fixe, feux et 3 vitesses"}]},{"@type":"WebSite","@id":"https:\/\/www.bicyrekkord.com\/fr\/#website","url":"https:\/\/www.bicyrekkord.com\/fr\/","name":"Repuestos para Veh\u00edculos El\u00e9ctricos | BICYREKKORD","description":"L\u00edder en repuestos para veh\u00edculos el\u00e9ctricos","publisher":{"@id":"https:\/\/www.bicyrekkord.com\/fr\/#organization"},"alternateName":"BICYREKKORD","potentialAction":[{"@type":"SearchAction","target":{"@type":"EntryPoint","urlTemplate":"https:\/\/www.bicyrekkord.com\/fr\/?s={search_term_string}"},"query-input":{"@type":"PropertyValueSpecification","valueRequired":true,"valueName":"search_term_string"}}],"inLanguage":"fr-FR"},{"@type":"Organization","@id":"https:\/\/www.bicyrekkord.com\/fr\/#organization","name":"BICYREKKORD","alternateName":"L\u00edder en repuestos para veh\u00edculos el\u00e9ctricos","url":"https:\/\/www.bicyrekkord.com\/fr\/","logo":{"@type":"ImageObject","inLanguage":"fr-FR","@id":"https:\/\/www.bicyrekkord.com\/fr\/#\/schema\/logo\/image\/","url":"https:\/\/www.bicyrekkord.com\/wp-content\/uploads\/2024\/05\/LOGO-BRK-12-1-scaled.png","contentUrl":"https:\/\/www.bicyrekkord.com\/wp-content\/uploads\/2024\/05\/LOGO-BRK-12-1-scaled.png","width":2560,"height":726,"caption":"BICYREKKORD"},"image":{"@id":"https:\/\/www.bicyrekkord.com\/fr\/#\/schema\/logo\/image\/"},"sameAs":["https:\/\/www.facebook.com\/BicyRekkord\/","https:\/\/x.com\/BICYREKKORD","https:\/\/www.instagram.com\/bicyrekkord\/","https:\/\/www.youtube.com\/@Bicyrekkord"]}]}},"_links":{"self":[{"href":"https:\/\/www.bicyrekkord.com\/fr\/wp-json\/wp\/v2\/product\/238520","targetHints":{"allow":["GET"]}}],"collection":[{"href":"https:\/\/www.bicyrekkord.com\/fr\/wp-json\/wp\/v2\/product"}],"about":[{"href":"https:\/\/www.bicyrekkord.com\/fr\/wp-json\/wp\/v2\/types\/product"}],"replies":[{"embeddable":true,"href":"https:\/\/www.bicyrekkord.com\/fr\/wp-json\/wp\/v2\/comments?post=238520"}],"wp:featuredmedia":[{"embeddable":true,"href":"https:\/\/www.bicyrekkord.com\/fr\/wp-json\/wp\/v2\/media\/237924"}],"wp:attachment":[{"href":"https:\/\/www.bicyrekkord.com\/fr\/wp-json\/wp\/v2\/media?parent=238520"}],"wp:term":[{"taxonomy":"product_brand","embeddable":true,"href":"https:\/\/www.bicyrekkord.com\/fr\/wp-json\/wp\/v2\/product_brand?post=238520"},{"taxonomy":"product_cat","embeddable":true,"href":"https:\/\/www.bicyrekkord.com\/fr\/wp-json\/wp\/v2\/product_cat?post=238520"},{"taxonomy":"product_tag","embeddable":true,"href":"https:\/\/www.bicyrekkord.com\/fr\/wp-json\/wp\/v2\/product_tag?post=238520"}],"curies":[{"name":"wp","href":"https:\/\/api.w.org\/{rel}","templated":true}]}}