{"id":238545,"date":"2024-05-02T18:34:11","date_gmt":"2024-05-02T23:34:11","guid":{"rendered":"https:\/\/www.bicyrekkord.com\/producto\/scooter-electrique-avec-accelerateur-et-frein-a-main\/"},"modified":"2025-07-01T00:07:30","modified_gmt":"2025-07-01T05:07:30","slug":"scooter-electrique-avec-accelerateur-et-frein-a-main","status":"publish","type":"product","link":"https:\/\/www.bicyrekkord.com\/fr\/producto\/scooter-electrique-avec-accelerateur-et-frein-a-main\/","title":{"rendered":"Scooter \u00e9lectrique avec acc\u00e9l\u00e9rateur et frein \u00e0 main"},"content":{"rendered":"","protected":false},"excerpt":{"rendered":"<p>Acc\u00e9l\u00e9rateur et frein pour scooter \u00e9lectrique, <b>compatible avec les v\u00e9hicules \u00e9lectriques \u00e0 partir de 12V. <strong>L&#8217;acc\u00e9l\u00e9rateur est 5V ind\u00e9pendant de la tension de votre v\u00e9hicule \u00e9lectrique.<\/strong><\/b><\/p>\n<p>Acc\u00e9l\u00e9rateur compatible avec les scooters Ninebot.<\/p>\n<p>Frein compatible avec les scooters Ninebot.<\/p>\n<p><strong>Votre achat comprend les deux commandes.<\/strong><\/p>\n<p>Installation facile, convient \u00e0 la plupart des scooters \u00e9lectriques.<\/p>\n<p>&nbsp;<\/p>\n","protected":false},"featured_media":237896,"comment_status":"open","ping_status":"closed","template":"","meta":[],"product_brand":[],"product_cat":[84],"product_tag":[92],"class_list":{"0":"post-238545","1":"product","2":"type-product","3":"status-publish","4":"has-post-thumbnail","6":"product_cat-accelerateurs","7":"product_tag-pieces-detachees-pour-velos-electriques","8":"product_shipping_class-contre-remboursement","10":"first","11":"instock","12":"shipping-taxable","13":"purchasable","14":"product-type-simple"},"yoast_head":"<!-- This site is optimized with the Yoast SEO plugin v27.5 - https:\/\/yoast.com\/product\/yoast-seo-wordpress\/ -->\n<title>Scooter \u00e9lectrique avec acc\u00e9l\u00e9rateur et frein \u00e0 main | BICYREKKORD<\/title>\n<meta name=\"robots\" content=\"index, follow, max-snippet:-1, max-image-preview:large, max-video-preview:-1\" \/>\n<link rel=\"canonical\" href=\"https:\/\/www.bicyrekkord.com\/fr\/producto\/scooter-electrique-avec-accelerateur-et-frein-a-main\/\" \/>\n<meta property=\"og:locale\" content=\"fr_FR\" \/>\n<meta property=\"og:type\" content=\"article\" \/>\n<meta property=\"og:title\" content=\"Scooter \u00e9lectrique avec acc\u00e9l\u00e9rateur et frein \u00e0 main | BICYREKKORD\" \/>\n<meta property=\"og:description\" content=\"Acc\u00e9l\u00e9rateur et frein pour scooter \u00e9lectrique, compatible avec les v\u00e9hicules \u00e9lectriques \u00e0 partir de 12V. L&#039;acc\u00e9l\u00e9rateur est 5V ind\u00e9pendant de la tension de votre v\u00e9hicule \u00e9lectrique. Acc\u00e9l\u00e9rateur compatible avec les scooters Ninebot. Frein compatible avec les scooters Ninebot. Votre achat comprend les deux commandes. Installation facile, convient \u00e0 la plupart des scooters \u00e9lectriques. &nbsp;\" \/>\n<meta property=\"og:url\" content=\"https:\/\/www.bicyrekkord.com\/fr\/producto\/scooter-electrique-avec-accelerateur-et-frein-a-main\/\" \/>\n<meta property=\"og:site_name\" content=\"BICYREKKORD\" \/>\n<meta property=\"article:publisher\" content=\"https:\/\/www.facebook.com\/BicyRekkord\/\" \/>\n<meta property=\"article:modified_time\" content=\"2025-07-01T05:07:30+00:00\" \/>\n<meta property=\"og:image\" content=\"https:\/\/www.bicyrekkord.com\/wp-content\/uploads\/2024\/05\/Acelerador-y-Freno-de-Pulgar-Patineta-Electrica.jpg\" \/>\n\t<meta property=\"og:image:width\" content=\"875\" \/>\n\t<meta property=\"og:image:height\" content=\"875\" \/>\n\t<meta property=\"og:image:type\" content=\"image\/jpeg\" \/>\n<meta name=\"twitter:card\" content=\"summary_large_image\" \/>\n<meta name=\"twitter:site\" content=\"@BICYREKKORD\" \/>\n<script type=\"application\/ld+json\" class=\"yoast-schema-graph\">{\"@context\":\"https:\\\/\\\/schema.org\",\"@graph\":[{\"@type\":\"WebPage\",\"@id\":\"https:\\\/\\\/www.bicyrekkord.com\\\/fr\\\/producto\\\/scooter-electrique-avec-accelerateur-et-frein-a-main\\\/\",\"url\":\"https:\\\/\\\/www.bicyrekkord.com\\\/fr\\\/producto\\\/scooter-electrique-avec-accelerateur-et-frein-a-main\\\/\",\"name\":\"Scooter \u00e9lectrique avec acc\u00e9l\u00e9rateur et frein \u00e0 main | BICYREKKORD\",\"isPartOf\":{\"@id\":\"https:\\\/\\\/www.bicyrekkord.com\\\/fr\\\/#website\"},\"primaryImageOfPage\":{\"@id\":\"https:\\\/\\\/www.bicyrekkord.com\\\/fr\\\/producto\\\/scooter-electrique-avec-accelerateur-et-frein-a-main\\\/#primaryimage\"},\"image\":{\"@id\":\"https:\\\/\\\/www.bicyrekkord.com\\\/fr\\\/producto\\\/scooter-electrique-avec-accelerateur-et-frein-a-main\\\/#primaryimage\"},\"thumbnailUrl\":\"https:\\\/\\\/www.bicyrekkord.com\\\/wp-content\\\/uploads\\\/2024\\\/05\\\/Acelerador-y-Freno-de-Pulgar-Patineta-Electrica.jpg\",\"datePublished\":\"2024-05-02T23:34:11+00:00\",\"dateModified\":\"2025-07-01T05:07:30+00:00\",\"breadcrumb\":{\"@id\":\"https:\\\/\\\/www.bicyrekkord.com\\\/fr\\\/producto\\\/scooter-electrique-avec-accelerateur-et-frein-a-main\\\/#breadcrumb\"},\"inLanguage\":\"fr-FR\",\"potentialAction\":[{\"@type\":\"ReadAction\",\"target\":[\"https:\\\/\\\/www.bicyrekkord.com\\\/fr\\\/producto\\\/scooter-electrique-avec-accelerateur-et-frein-a-main\\\/\"]}]},{\"@type\":\"ImageObject\",\"inLanguage\":\"fr-FR\",\"@id\":\"https:\\\/\\\/www.bicyrekkord.com\\\/fr\\\/producto\\\/scooter-electrique-avec-accelerateur-et-frein-a-main\\\/#primaryimage\",\"url\":\"https:\\\/\\\/www.bicyrekkord.com\\\/wp-content\\\/uploads\\\/2024\\\/05\\\/Acelerador-y-Freno-de-Pulgar-Patineta-Electrica.jpg\",\"contentUrl\":\"https:\\\/\\\/www.bicyrekkord.com\\\/wp-content\\\/uploads\\\/2024\\\/05\\\/Acelerador-y-Freno-de-Pulgar-Patineta-Electrica.jpg\",\"width\":875,\"height\":875},{\"@type\":\"BreadcrumbList\",\"@id\":\"https:\\\/\\\/www.bicyrekkord.com\\\/fr\\\/producto\\\/scooter-electrique-avec-accelerateur-et-frein-a-main\\\/#breadcrumb\",\"itemListElement\":[{\"@type\":\"ListItem\",\"position\":1,\"name\":\"Accueil\",\"item\":\"https:\\\/\\\/www.bicyrekkord.com\\\/fr\\\/accueil\\\/\"},{\"@type\":\"ListItem\",\"position\":2,\"name\":\"Boutique\",\"item\":\"https:\\\/\\\/www.bicyrekkord.com\\\/fr\\\/boutique\\\/\"},{\"@type\":\"ListItem\",\"position\":3,\"name\":\"Scooter \u00e9lectrique avec acc\u00e9l\u00e9rateur et frein \u00e0 main\"}]},{\"@type\":\"WebSite\",\"@id\":\"https:\\\/\\\/www.bicyrekkord.com\\\/fr\\\/#website\",\"url\":\"https:\\\/\\\/www.bicyrekkord.com\\\/fr\\\/\",\"name\":\"Repuestos para Veh\u00edculos El\u00e9ctricos | BICYREKKORD\",\"description\":\"L\u00edder en repuestos para veh\u00edculos el\u00e9ctricos\",\"publisher\":{\"@id\":\"https:\\\/\\\/www.bicyrekkord.com\\\/fr\\\/#organization\"},\"alternateName\":\"BICYREKKORD\",\"potentialAction\":[{\"@type\":\"SearchAction\",\"target\":{\"@type\":\"EntryPoint\",\"urlTemplate\":\"https:\\\/\\\/www.bicyrekkord.com\\\/fr\\\/?s={search_term_string}\"},\"query-input\":{\"@type\":\"PropertyValueSpecification\",\"valueRequired\":true,\"valueName\":\"search_term_string\"}}],\"inLanguage\":\"fr-FR\"},{\"@type\":\"Organization\",\"@id\":\"https:\\\/\\\/www.bicyrekkord.com\\\/fr\\\/#organization\",\"name\":\"BICYREKKORD\",\"alternateName\":\"L\u00edder en repuestos para veh\u00edculos el\u00e9ctricos\",\"url\":\"https:\\\/\\\/www.bicyrekkord.com\\\/fr\\\/\",\"logo\":{\"@type\":\"ImageObject\",\"inLanguage\":\"fr-FR\",\"@id\":\"https:\\\/\\\/www.bicyrekkord.com\\\/fr\\\/#\\\/schema\\\/logo\\\/image\\\/\",\"url\":\"https:\\\/\\\/www.bicyrekkord.com\\\/wp-content\\\/uploads\\\/2024\\\/05\\\/LOGO-BRK-12-1-scaled.png\",\"contentUrl\":\"https:\\\/\\\/www.bicyrekkord.com\\\/wp-content\\\/uploads\\\/2024\\\/05\\\/LOGO-BRK-12-1-scaled.png\",\"width\":2560,\"height\":726,\"caption\":\"BICYREKKORD\"},\"image\":{\"@id\":\"https:\\\/\\\/www.bicyrekkord.com\\\/fr\\\/#\\\/schema\\\/logo\\\/image\\\/\"},\"sameAs\":[\"https:\\\/\\\/www.facebook.com\\\/BicyRekkord\\\/\",\"https:\\\/\\\/x.com\\\/BICYREKKORD\",\"https:\\\/\\\/www.instagram.com\\\/bicyrekkord\\\/\",\"https:\\\/\\\/www.youtube.com\\\/@Bicyrekkord\"]}]}<\/script>\n<!-- \/ Yoast SEO plugin. -->","yoast_head_json":{"title":"Scooter \u00e9lectrique avec acc\u00e9l\u00e9rateur et frein \u00e0 main | BICYREKKORD","robots":{"index":"index","follow":"follow","max-snippet":"max-snippet:-1","max-image-preview":"max-image-preview:large","max-video-preview":"max-video-preview:-1"},"canonical":"https:\/\/www.bicyrekkord.com\/fr\/producto\/scooter-electrique-avec-accelerateur-et-frein-a-main\/","og_locale":"fr_FR","og_type":"article","og_title":"Scooter \u00e9lectrique avec acc\u00e9l\u00e9rateur et frein \u00e0 main | BICYREKKORD","og_description":"Acc\u00e9l\u00e9rateur et frein pour scooter \u00e9lectrique, compatible avec les v\u00e9hicules \u00e9lectriques \u00e0 partir de 12V. L'acc\u00e9l\u00e9rateur est 5V ind\u00e9pendant de la tension de votre v\u00e9hicule \u00e9lectrique. Acc\u00e9l\u00e9rateur compatible avec les scooters Ninebot. Frein compatible avec les scooters Ninebot. Votre achat comprend les deux commandes. Installation facile, convient \u00e0 la plupart des scooters \u00e9lectriques. &nbsp;","og_url":"https:\/\/www.bicyrekkord.com\/fr\/producto\/scooter-electrique-avec-accelerateur-et-frein-a-main\/","og_site_name":"BICYREKKORD","article_publisher":"https:\/\/www.facebook.com\/BicyRekkord\/","article_modified_time":"2025-07-01T05:07:30+00:00","og_image":[{"width":875,"height":875,"url":"https:\/\/www.bicyrekkord.com\/wp-content\/uploads\/2024\/05\/Acelerador-y-Freno-de-Pulgar-Patineta-Electrica.jpg","type":"image\/jpeg"}],"twitter_card":"summary_large_image","twitter_site":"@BICYREKKORD","schema":{"@context":"https:\/\/schema.org","@graph":[{"@type":"WebPage","@id":"https:\/\/www.bicyrekkord.com\/fr\/producto\/scooter-electrique-avec-accelerateur-et-frein-a-main\/","url":"https:\/\/www.bicyrekkord.com\/fr\/producto\/scooter-electrique-avec-accelerateur-et-frein-a-main\/","name":"Scooter \u00e9lectrique avec acc\u00e9l\u00e9rateur et frein \u00e0 main | BICYREKKORD","isPartOf":{"@id":"https:\/\/www.bicyrekkord.com\/fr\/#website"},"primaryImageOfPage":{"@id":"https:\/\/www.bicyrekkord.com\/fr\/producto\/scooter-electrique-avec-accelerateur-et-frein-a-main\/#primaryimage"},"image":{"@id":"https:\/\/www.bicyrekkord.com\/fr\/producto\/scooter-electrique-avec-accelerateur-et-frein-a-main\/#primaryimage"},"thumbnailUrl":"https:\/\/www.bicyrekkord.com\/wp-content\/uploads\/2024\/05\/Acelerador-y-Freno-de-Pulgar-Patineta-Electrica.jpg","datePublished":"2024-05-02T23:34:11+00:00","dateModified":"2025-07-01T05:07:30+00:00","breadcrumb":{"@id":"https:\/\/www.bicyrekkord.com\/fr\/producto\/scooter-electrique-avec-accelerateur-et-frein-a-main\/#breadcrumb"},"inLanguage":"fr-FR","potentialAction":[{"@type":"ReadAction","target":["https:\/\/www.bicyrekkord.com\/fr\/producto\/scooter-electrique-avec-accelerateur-et-frein-a-main\/"]}]},{"@type":"ImageObject","inLanguage":"fr-FR","@id":"https:\/\/www.bicyrekkord.com\/fr\/producto\/scooter-electrique-avec-accelerateur-et-frein-a-main\/#primaryimage","url":"https:\/\/www.bicyrekkord.com\/wp-content\/uploads\/2024\/05\/Acelerador-y-Freno-de-Pulgar-Patineta-Electrica.jpg","contentUrl":"https:\/\/www.bicyrekkord.com\/wp-content\/uploads\/2024\/05\/Acelerador-y-Freno-de-Pulgar-Patineta-Electrica.jpg","width":875,"height":875},{"@type":"BreadcrumbList","@id":"https:\/\/www.bicyrekkord.com\/fr\/producto\/scooter-electrique-avec-accelerateur-et-frein-a-main\/#breadcrumb","itemListElement":[{"@type":"ListItem","position":1,"name":"Accueil","item":"https:\/\/www.bicyrekkord.com\/fr\/accueil\/"},{"@type":"ListItem","position":2,"name":"Boutique","item":"https:\/\/www.bicyrekkord.com\/fr\/boutique\/"},{"@type":"ListItem","position":3,"name":"Scooter \u00e9lectrique avec acc\u00e9l\u00e9rateur et frein \u00e0 main"}]},{"@type":"WebSite","@id":"https:\/\/www.bicyrekkord.com\/fr\/#website","url":"https:\/\/www.bicyrekkord.com\/fr\/","name":"Repuestos para Veh\u00edculos El\u00e9ctricos | BICYREKKORD","description":"L\u00edder en repuestos para veh\u00edculos el\u00e9ctricos","publisher":{"@id":"https:\/\/www.bicyrekkord.com\/fr\/#organization"},"alternateName":"BICYREKKORD","potentialAction":[{"@type":"SearchAction","target":{"@type":"EntryPoint","urlTemplate":"https:\/\/www.bicyrekkord.com\/fr\/?s={search_term_string}"},"query-input":{"@type":"PropertyValueSpecification","valueRequired":true,"valueName":"search_term_string"}}],"inLanguage":"fr-FR"},{"@type":"Organization","@id":"https:\/\/www.bicyrekkord.com\/fr\/#organization","name":"BICYREKKORD","alternateName":"L\u00edder en repuestos para veh\u00edculos el\u00e9ctricos","url":"https:\/\/www.bicyrekkord.com\/fr\/","logo":{"@type":"ImageObject","inLanguage":"fr-FR","@id":"https:\/\/www.bicyrekkord.com\/fr\/#\/schema\/logo\/image\/","url":"https:\/\/www.bicyrekkord.com\/wp-content\/uploads\/2024\/05\/LOGO-BRK-12-1-scaled.png","contentUrl":"https:\/\/www.bicyrekkord.com\/wp-content\/uploads\/2024\/05\/LOGO-BRK-12-1-scaled.png","width":2560,"height":726,"caption":"BICYREKKORD"},"image":{"@id":"https:\/\/www.bicyrekkord.com\/fr\/#\/schema\/logo\/image\/"},"sameAs":["https:\/\/www.facebook.com\/BicyRekkord\/","https:\/\/x.com\/BICYREKKORD","https:\/\/www.instagram.com\/bicyrekkord\/","https:\/\/www.youtube.com\/@Bicyrekkord"]}]}},"_links":{"self":[{"href":"https:\/\/www.bicyrekkord.com\/fr\/wp-json\/wp\/v2\/product\/238545","targetHints":{"allow":["GET"]}}],"collection":[{"href":"https:\/\/www.bicyrekkord.com\/fr\/wp-json\/wp\/v2\/product"}],"about":[{"href":"https:\/\/www.bicyrekkord.com\/fr\/wp-json\/wp\/v2\/types\/product"}],"replies":[{"embeddable":true,"href":"https:\/\/www.bicyrekkord.com\/fr\/wp-json\/wp\/v2\/comments?post=238545"}],"wp:featuredmedia":[{"embeddable":true,"href":"https:\/\/www.bicyrekkord.com\/fr\/wp-json\/wp\/v2\/media\/237896"}],"wp:attachment":[{"href":"https:\/\/www.bicyrekkord.com\/fr\/wp-json\/wp\/v2\/media?parent=238545"}],"wp:term":[{"taxonomy":"product_brand","embeddable":true,"href":"https:\/\/www.bicyrekkord.com\/fr\/wp-json\/wp\/v2\/product_brand?post=238545"},{"taxonomy":"product_cat","embeddable":true,"href":"https:\/\/www.bicyrekkord.com\/fr\/wp-json\/wp\/v2\/product_cat?post=238545"},{"taxonomy":"product_tag","embeddable":true,"href":"https:\/\/www.bicyrekkord.com\/fr\/wp-json\/wp\/v2\/product_tag?post=238545"}],"curies":[{"name":"wp","href":"https:\/\/api.w.org\/{rel}","templated":true}]}}