{"id":238645,"date":"2024-05-02T18:31:38","date_gmt":"2024-05-02T23:31:38","guid":{"rendered":"https:\/\/www.bicyrekkord.com\/producto\/kit-moteur-turbo-800w-48v-18-rhino\/"},"modified":"2024-05-02T18:31:38","modified_gmt":"2024-05-02T23:31:38","slug":"kit-moteur-turbo-800w-48v-18-rhino","status":"publish","type":"product","link":"https:\/\/www.bicyrekkord.com\/fr\/producto\/kit-moteur-turbo-800w-48v-18-rhino\/","title":{"rendered":"Kit moteur turbo 800W-48V, 18&#8242; Rhino"},"content":{"rendered":"","protected":false},"excerpt":{"rendered":"<p>Comprend : Moteur + contr\u00f4leur 48v\/30a + acc\u00e9l\u00e9rateur conventionnel.<br \/>\n800W Brushless Motor with Excellent Power, 48V, 18`.<br \/>\n120\u00ba, 360rpm, Rated Torque : 20N.m \/ Max Torque : \u226573N.m<br \/>\n QUALITE GARANTIE !<\/p>\n","protected":false},"featured_media":237722,"comment_status":"open","ping_status":"closed","template":"","meta":[],"product_brand":[],"product_cat":[103,104],"product_tag":[],"class_list":{"0":"post-238645","1":"product","2":"type-product","3":"status-publish","4":"has-post-thumbnail","6":"product_cat-moteur-et-composants","7":"product_cat-moteurs","8":"product_shipping_class-contre-remboursement","10":"first","11":"instock","12":"shipping-taxable","13":"purchasable","14":"product-type-simple"},"yoast_head":"<!-- This site is optimized with the Yoast SEO plugin v27.5 - https:\/\/yoast.com\/product\/yoast-seo-wordpress\/ -->\n<title>Kit moteur turbo 800W-48V, 18&#039; Rhino | BICYREKKORD<\/title>\n<meta name=\"robots\" content=\"index, follow, max-snippet:-1, max-image-preview:large, max-video-preview:-1\" \/>\n<link rel=\"canonical\" href=\"https:\/\/www.bicyrekkord.com\/fr\/producto\/kit-moteur-turbo-800w-48v-18-rhino\/\" \/>\n<meta property=\"og:locale\" content=\"fr_FR\" \/>\n<meta property=\"og:type\" content=\"article\" \/>\n<meta property=\"og:title\" content=\"Kit moteur turbo 800W-48V, 18&#039; Rhino | BICYREKKORD\" \/>\n<meta property=\"og:description\" content=\"Comprend : Moteur + contr\u00f4leur 48v\/30a + acc\u00e9l\u00e9rateur conventionnel. 800W Brushless Motor with Excellent Power, 48V, 18`. 120\u00ba, 360rpm, Rated Torque : 20N.m \/ Max Torque : \u226573N.m QUALITE GARANTIE !\" \/>\n<meta property=\"og:url\" content=\"https:\/\/www.bicyrekkord.com\/fr\/producto\/kit-moteur-turbo-800w-48v-18-rhino\/\" \/>\n<meta property=\"og:site_name\" content=\"BICYREKKORD\" \/>\n<meta property=\"article:publisher\" content=\"https:\/\/www.facebook.com\/BicyRekkord\/\" \/>\n<meta property=\"og:image\" content=\"https:\/\/www.bicyrekkord.com\/wp-content\/uploads\/2024\/05\/Kit-Motor-Turbo-500W48V-Rin-18\u00b4.jpg\" \/>\n\t<meta property=\"og:image:width\" content=\"875\" \/>\n\t<meta property=\"og:image:height\" content=\"875\" \/>\n\t<meta property=\"og:image:type\" content=\"image\/jpeg\" \/>\n<meta name=\"twitter:card\" content=\"summary_large_image\" \/>\n<meta name=\"twitter:site\" content=\"@BICYREKKORD\" \/>\n<script type=\"application\/ld+json\" class=\"yoast-schema-graph\">{\"@context\":\"https:\\\/\\\/schema.org\",\"@graph\":[{\"@type\":\"WebPage\",\"@id\":\"https:\\\/\\\/www.bicyrekkord.com\\\/fr\\\/producto\\\/kit-moteur-turbo-800w-48v-18-rhino\\\/\",\"url\":\"https:\\\/\\\/www.bicyrekkord.com\\\/fr\\\/producto\\\/kit-moteur-turbo-800w-48v-18-rhino\\\/\",\"name\":\"Kit moteur turbo 800W-48V, 18' Rhino | BICYREKKORD\",\"isPartOf\":{\"@id\":\"https:\\\/\\\/www.bicyrekkord.com\\\/fr\\\/#website\"},\"primaryImageOfPage\":{\"@id\":\"https:\\\/\\\/www.bicyrekkord.com\\\/fr\\\/producto\\\/kit-moteur-turbo-800w-48v-18-rhino\\\/#primaryimage\"},\"image\":{\"@id\":\"https:\\\/\\\/www.bicyrekkord.com\\\/fr\\\/producto\\\/kit-moteur-turbo-800w-48v-18-rhino\\\/#primaryimage\"},\"thumbnailUrl\":\"https:\\\/\\\/www.bicyrekkord.com\\\/wp-content\\\/uploads\\\/2024\\\/05\\\/Kit-Motor-Turbo-500W48V-Rin-18\u00b4.jpg\",\"datePublished\":\"2024-05-02T23:31:38+00:00\",\"breadcrumb\":{\"@id\":\"https:\\\/\\\/www.bicyrekkord.com\\\/fr\\\/producto\\\/kit-moteur-turbo-800w-48v-18-rhino\\\/#breadcrumb\"},\"inLanguage\":\"fr-FR\",\"potentialAction\":[{\"@type\":\"ReadAction\",\"target\":[\"https:\\\/\\\/www.bicyrekkord.com\\\/fr\\\/producto\\\/kit-moteur-turbo-800w-48v-18-rhino\\\/\"]}]},{\"@type\":\"ImageObject\",\"inLanguage\":\"fr-FR\",\"@id\":\"https:\\\/\\\/www.bicyrekkord.com\\\/fr\\\/producto\\\/kit-moteur-turbo-800w-48v-18-rhino\\\/#primaryimage\",\"url\":\"https:\\\/\\\/www.bicyrekkord.com\\\/wp-content\\\/uploads\\\/2024\\\/05\\\/Kit-Motor-Turbo-500W48V-Rin-18\u00b4.jpg\",\"contentUrl\":\"https:\\\/\\\/www.bicyrekkord.com\\\/wp-content\\\/uploads\\\/2024\\\/05\\\/Kit-Motor-Turbo-500W48V-Rin-18\u00b4.jpg\",\"width\":875,\"height\":875},{\"@type\":\"BreadcrumbList\",\"@id\":\"https:\\\/\\\/www.bicyrekkord.com\\\/fr\\\/producto\\\/kit-moteur-turbo-800w-48v-18-rhino\\\/#breadcrumb\",\"itemListElement\":[{\"@type\":\"ListItem\",\"position\":1,\"name\":\"Accueil\",\"item\":\"https:\\\/\\\/www.bicyrekkord.com\\\/fr\\\/accueil\\\/\"},{\"@type\":\"ListItem\",\"position\":2,\"name\":\"Boutique\",\"item\":\"https:\\\/\\\/www.bicyrekkord.com\\\/fr\\\/boutique\\\/\"},{\"@type\":\"ListItem\",\"position\":3,\"name\":\"Kit moteur turbo 800W-48V, 18&#8242; Rhino\"}]},{\"@type\":\"WebSite\",\"@id\":\"https:\\\/\\\/www.bicyrekkord.com\\\/fr\\\/#website\",\"url\":\"https:\\\/\\\/www.bicyrekkord.com\\\/fr\\\/\",\"name\":\"Repuestos para Veh\u00edculos El\u00e9ctricos | BICYREKKORD\",\"description\":\"L\u00edder en repuestos para veh\u00edculos el\u00e9ctricos\",\"publisher\":{\"@id\":\"https:\\\/\\\/www.bicyrekkord.com\\\/fr\\\/#organization\"},\"alternateName\":\"BICYREKKORD\",\"potentialAction\":[{\"@type\":\"SearchAction\",\"target\":{\"@type\":\"EntryPoint\",\"urlTemplate\":\"https:\\\/\\\/www.bicyrekkord.com\\\/fr\\\/?s={search_term_string}\"},\"query-input\":{\"@type\":\"PropertyValueSpecification\",\"valueRequired\":true,\"valueName\":\"search_term_string\"}}],\"inLanguage\":\"fr-FR\"},{\"@type\":\"Organization\",\"@id\":\"https:\\\/\\\/www.bicyrekkord.com\\\/fr\\\/#organization\",\"name\":\"BICYREKKORD\",\"alternateName\":\"L\u00edder en repuestos para veh\u00edculos el\u00e9ctricos\",\"url\":\"https:\\\/\\\/www.bicyrekkord.com\\\/fr\\\/\",\"logo\":{\"@type\":\"ImageObject\",\"inLanguage\":\"fr-FR\",\"@id\":\"https:\\\/\\\/www.bicyrekkord.com\\\/fr\\\/#\\\/schema\\\/logo\\\/image\\\/\",\"url\":\"https:\\\/\\\/www.bicyrekkord.com\\\/wp-content\\\/uploads\\\/2024\\\/05\\\/LOGO-BRK-12-1-scaled.png\",\"contentUrl\":\"https:\\\/\\\/www.bicyrekkord.com\\\/wp-content\\\/uploads\\\/2024\\\/05\\\/LOGO-BRK-12-1-scaled.png\",\"width\":2560,\"height\":726,\"caption\":\"BICYREKKORD\"},\"image\":{\"@id\":\"https:\\\/\\\/www.bicyrekkord.com\\\/fr\\\/#\\\/schema\\\/logo\\\/image\\\/\"},\"sameAs\":[\"https:\\\/\\\/www.facebook.com\\\/BicyRekkord\\\/\",\"https:\\\/\\\/x.com\\\/BICYREKKORD\",\"https:\\\/\\\/www.instagram.com\\\/bicyrekkord\\\/\",\"https:\\\/\\\/www.youtube.com\\\/@Bicyrekkord\"]}]}<\/script>\n<!-- \/ Yoast SEO plugin. -->","yoast_head_json":{"title":"Kit moteur turbo 800W-48V, 18' Rhino | BICYREKKORD","robots":{"index":"index","follow":"follow","max-snippet":"max-snippet:-1","max-image-preview":"max-image-preview:large","max-video-preview":"max-video-preview:-1"},"canonical":"https:\/\/www.bicyrekkord.com\/fr\/producto\/kit-moteur-turbo-800w-48v-18-rhino\/","og_locale":"fr_FR","og_type":"article","og_title":"Kit moteur turbo 800W-48V, 18' Rhino | BICYREKKORD","og_description":"Comprend : Moteur + contr\u00f4leur 48v\/30a + acc\u00e9l\u00e9rateur conventionnel. 800W Brushless Motor with Excellent Power, 48V, 18`. 120\u00ba, 360rpm, Rated Torque : 20N.m \/ Max Torque : \u226573N.m QUALITE GARANTIE !","og_url":"https:\/\/www.bicyrekkord.com\/fr\/producto\/kit-moteur-turbo-800w-48v-18-rhino\/","og_site_name":"BICYREKKORD","article_publisher":"https:\/\/www.facebook.com\/BicyRekkord\/","og_image":[{"width":875,"height":875,"url":"https:\/\/www.bicyrekkord.com\/wp-content\/uploads\/2024\/05\/Kit-Motor-Turbo-500W48V-Rin-18\u00b4.jpg","type":"image\/jpeg"}],"twitter_card":"summary_large_image","twitter_site":"@BICYREKKORD","schema":{"@context":"https:\/\/schema.org","@graph":[{"@type":"WebPage","@id":"https:\/\/www.bicyrekkord.com\/fr\/producto\/kit-moteur-turbo-800w-48v-18-rhino\/","url":"https:\/\/www.bicyrekkord.com\/fr\/producto\/kit-moteur-turbo-800w-48v-18-rhino\/","name":"Kit moteur turbo 800W-48V, 18' Rhino | BICYREKKORD","isPartOf":{"@id":"https:\/\/www.bicyrekkord.com\/fr\/#website"},"primaryImageOfPage":{"@id":"https:\/\/www.bicyrekkord.com\/fr\/producto\/kit-moteur-turbo-800w-48v-18-rhino\/#primaryimage"},"image":{"@id":"https:\/\/www.bicyrekkord.com\/fr\/producto\/kit-moteur-turbo-800w-48v-18-rhino\/#primaryimage"},"thumbnailUrl":"https:\/\/www.bicyrekkord.com\/wp-content\/uploads\/2024\/05\/Kit-Motor-Turbo-500W48V-Rin-18\u00b4.jpg","datePublished":"2024-05-02T23:31:38+00:00","breadcrumb":{"@id":"https:\/\/www.bicyrekkord.com\/fr\/producto\/kit-moteur-turbo-800w-48v-18-rhino\/#breadcrumb"},"inLanguage":"fr-FR","potentialAction":[{"@type":"ReadAction","target":["https:\/\/www.bicyrekkord.com\/fr\/producto\/kit-moteur-turbo-800w-48v-18-rhino\/"]}]},{"@type":"ImageObject","inLanguage":"fr-FR","@id":"https:\/\/www.bicyrekkord.com\/fr\/producto\/kit-moteur-turbo-800w-48v-18-rhino\/#primaryimage","url":"https:\/\/www.bicyrekkord.com\/wp-content\/uploads\/2024\/05\/Kit-Motor-Turbo-500W48V-Rin-18\u00b4.jpg","contentUrl":"https:\/\/www.bicyrekkord.com\/wp-content\/uploads\/2024\/05\/Kit-Motor-Turbo-500W48V-Rin-18\u00b4.jpg","width":875,"height":875},{"@type":"BreadcrumbList","@id":"https:\/\/www.bicyrekkord.com\/fr\/producto\/kit-moteur-turbo-800w-48v-18-rhino\/#breadcrumb","itemListElement":[{"@type":"ListItem","position":1,"name":"Accueil","item":"https:\/\/www.bicyrekkord.com\/fr\/accueil\/"},{"@type":"ListItem","position":2,"name":"Boutique","item":"https:\/\/www.bicyrekkord.com\/fr\/boutique\/"},{"@type":"ListItem","position":3,"name":"Kit moteur turbo 800W-48V, 18&#8242; Rhino"}]},{"@type":"WebSite","@id":"https:\/\/www.bicyrekkord.com\/fr\/#website","url":"https:\/\/www.bicyrekkord.com\/fr\/","name":"Repuestos para Veh\u00edculos El\u00e9ctricos | BICYREKKORD","description":"L\u00edder en repuestos para veh\u00edculos el\u00e9ctricos","publisher":{"@id":"https:\/\/www.bicyrekkord.com\/fr\/#organization"},"alternateName":"BICYREKKORD","potentialAction":[{"@type":"SearchAction","target":{"@type":"EntryPoint","urlTemplate":"https:\/\/www.bicyrekkord.com\/fr\/?s={search_term_string}"},"query-input":{"@type":"PropertyValueSpecification","valueRequired":true,"valueName":"search_term_string"}}],"inLanguage":"fr-FR"},{"@type":"Organization","@id":"https:\/\/www.bicyrekkord.com\/fr\/#organization","name":"BICYREKKORD","alternateName":"L\u00edder en repuestos para veh\u00edculos el\u00e9ctricos","url":"https:\/\/www.bicyrekkord.com\/fr\/","logo":{"@type":"ImageObject","inLanguage":"fr-FR","@id":"https:\/\/www.bicyrekkord.com\/fr\/#\/schema\/logo\/image\/","url":"https:\/\/www.bicyrekkord.com\/wp-content\/uploads\/2024\/05\/LOGO-BRK-12-1-scaled.png","contentUrl":"https:\/\/www.bicyrekkord.com\/wp-content\/uploads\/2024\/05\/LOGO-BRK-12-1-scaled.png","width":2560,"height":726,"caption":"BICYREKKORD"},"image":{"@id":"https:\/\/www.bicyrekkord.com\/fr\/#\/schema\/logo\/image\/"},"sameAs":["https:\/\/www.facebook.com\/BicyRekkord\/","https:\/\/x.com\/BICYREKKORD","https:\/\/www.instagram.com\/bicyrekkord\/","https:\/\/www.youtube.com\/@Bicyrekkord"]}]}},"_links":{"self":[{"href":"https:\/\/www.bicyrekkord.com\/fr\/wp-json\/wp\/v2\/product\/238645","targetHints":{"allow":["GET"]}}],"collection":[{"href":"https:\/\/www.bicyrekkord.com\/fr\/wp-json\/wp\/v2\/product"}],"about":[{"href":"https:\/\/www.bicyrekkord.com\/fr\/wp-json\/wp\/v2\/types\/product"}],"replies":[{"embeddable":true,"href":"https:\/\/www.bicyrekkord.com\/fr\/wp-json\/wp\/v2\/comments?post=238645"}],"wp:featuredmedia":[{"embeddable":true,"href":"https:\/\/www.bicyrekkord.com\/fr\/wp-json\/wp\/v2\/media\/237722"}],"wp:attachment":[{"href":"https:\/\/www.bicyrekkord.com\/fr\/wp-json\/wp\/v2\/media?parent=238645"}],"wp:term":[{"taxonomy":"product_brand","embeddable":true,"href":"https:\/\/www.bicyrekkord.com\/fr\/wp-json\/wp\/v2\/product_brand?post=238645"},{"taxonomy":"product_cat","embeddable":true,"href":"https:\/\/www.bicyrekkord.com\/fr\/wp-json\/wp\/v2\/product_cat?post=238645"},{"taxonomy":"product_tag","embeddable":true,"href":"https:\/\/www.bicyrekkord.com\/fr\/wp-json\/wp\/v2\/product_tag?post=238645"}],"curies":[{"name":"wp","href":"https:\/\/api.w.org\/{rel}","templated":true}]}}