{"id":238825,"date":"2024-05-02T18:37:52","date_gmt":"2024-05-02T23:37:52","guid":{"rendered":"https:\/\/www.bicyrekkord.com\/producto\/batterie-plomb-gel-12v-15ah\/"},"modified":"2024-05-02T18:37:52","modified_gmt":"2024-05-02T23:37:52","slug":"batterie-plomb-gel-12v-15ah","status":"publish","type":"product","link":"https:\/\/www.bicyrekkord.com\/fr\/producto\/batterie-plomb-gel-12v-15ah\/","title":{"rendered":"Batterie plomb-gel 12V 15AH"},"content":{"rendered":"","protected":false},"excerpt":{"rendered":"<p>Batterie 12V plomb\/gel d&#8217;une capacit\u00e9 de 15AH, sp\u00e9cialement con\u00e7ue pour les v\u00e9hicules \u00e9lectriques \u00e0 deux roues tels que les bicyclettes \u00e9lectriques, les cyclomoteurs \u00e9lectriques, les scooters \u00e9lectriques, les motos \u00e9lectriques ; et les tricycles \u00e9lectriques \u00e0 trois roues ou les v\u00e9los-taxis \u00e9lectriques, couvrant ainsi une large gamme de v\u00e9hicules \u00e9lectriques.<\/p>\n<p>Cette batterie se caract\u00e9rise par le fait qu&#8217;elle ne n\u00e9cessite aucun entretien et qu&#8217;il n&#8217;est pas n\u00e9cessaire de faire l&#8217;appoint d&#8217;eau ou de v\u00e9rifier l&#8217;acide. Sa technologie plomb\/gel garantit un fonctionnement fiable et s\u00fbr, offrant une source d&#8217;\u00e9nergie stable et durable pour vos appareils \u00e9lectriques. <\/p>\n<p>* Le prix publi\u00e9 est celui de chaque module et n&#8217;inclut pas l&#8217;installation.<\/p>\n<p>* Les couleurs et\/ou les dessins sont susceptibles d&#8217;\u00eatre modifi\u00e9s sans pr\u00e9avis, ce qui n&#8217;affectera pas les performances ou les capacit\u00e9s.<\/p>\n<p>* La garantie ne s&#8217;applique que si l&#8217;installation est effectu\u00e9e dans l&#8217;un de nos ateliers agr\u00e9\u00e9s.<\/p>\n","protected":false},"featured_media":238154,"comment_status":"closed","ping_status":"closed","template":"","meta":[],"product_brand":[],"product_cat":[148],"product_tag":[],"class_list":{"0":"post-238825","1":"product","2":"type-product","3":"status-publish","4":"has-post-thumbnail","6":"product_cat-piles","8":"first","9":"instock","10":"shipping-taxable","11":"purchasable","12":"product-type-simple"},"yoast_head":"<!-- This site is optimized with the Yoast SEO plugin v27.5 - https:\/\/yoast.com\/product\/yoast-seo-wordpress\/ -->\n<title>Batterie plomb-gel 12V 15AH | BICYREKKORD<\/title>\n<meta name=\"robots\" content=\"index, follow, max-snippet:-1, max-image-preview:large, max-video-preview:-1\" \/>\n<link rel=\"canonical\" href=\"https:\/\/www.bicyrekkord.com\/fr\/producto\/batterie-plomb-gel-12v-15ah\/\" \/>\n<meta property=\"og:locale\" content=\"fr_FR\" \/>\n<meta property=\"og:type\" content=\"article\" \/>\n<meta property=\"og:title\" content=\"Batterie plomb-gel 12V 15AH | BICYREKKORD\" \/>\n<meta property=\"og:description\" content=\"Batterie 12V plomb\/gel d&#039;une capacit\u00e9 de 15AH, sp\u00e9cialement con\u00e7ue pour les v\u00e9hicules \u00e9lectriques \u00e0 deux roues tels que les bicyclettes \u00e9lectriques, les cyclomoteurs \u00e9lectriques, les scooters \u00e9lectriques, les motos \u00e9lectriques ; et les tricycles \u00e9lectriques \u00e0 trois roues ou les v\u00e9los-taxis \u00e9lectriques, couvrant ainsi une large gamme de v\u00e9hicules \u00e9lectriques. Cette batterie se caract\u00e9rise par le fait qu&#039;elle ne n\u00e9cessite aucun entretien et qu&#039;il n&#039;est pas n\u00e9cessaire de faire l&#039;appoint d&#039;eau ou de v\u00e9rifier l&#039;acide. Sa technologie plomb\/gel garantit un fonctionnement fiable et s\u00fbr, offrant une source d&#039;\u00e9nergie stable et durable pour vos appareils \u00e9lectriques.  * Le prix publi\u00e9 est celui de chaque module et n&#039;inclut pas l&#039;installation. * Les couleurs et\/ou les dessins sont susceptibles d&#039;\u00eatre modifi\u00e9s sans pr\u00e9avis, ce qui n&#039;affectera pas les performances ou les capacit\u00e9s. * La garantie ne s&#039;applique que si l&#039;installation est effectu\u00e9e dans l&#039;un de nos ateliers agr\u00e9\u00e9s.\" \/>\n<meta property=\"og:url\" content=\"https:\/\/www.bicyrekkord.com\/fr\/producto\/batterie-plomb-gel-12v-15ah\/\" \/>\n<meta property=\"og:site_name\" content=\"BICYREKKORD\" \/>\n<meta property=\"article:publisher\" content=\"https:\/\/www.facebook.com\/BicyRekkord\/\" \/>\n<meta property=\"og:image\" content=\"https:\/\/www.bicyrekkord.com\/wp-content\/uploads\/2024\/05\/Bateria-Plomo-Gel-12V-15AH-1.jpg\" \/>\n\t<meta property=\"og:image:width\" content=\"875\" \/>\n\t<meta property=\"og:image:height\" content=\"875\" \/>\n\t<meta property=\"og:image:type\" content=\"image\/jpeg\" \/>\n<meta name=\"twitter:card\" content=\"summary_large_image\" \/>\n<meta name=\"twitter:site\" content=\"@BICYREKKORD\" \/>\n<script type=\"application\/ld+json\" class=\"yoast-schema-graph\">{\"@context\":\"https:\\\/\\\/schema.org\",\"@graph\":[{\"@type\":\"WebPage\",\"@id\":\"https:\\\/\\\/www.bicyrekkord.com\\\/fr\\\/producto\\\/batterie-plomb-gel-12v-15ah\\\/\",\"url\":\"https:\\\/\\\/www.bicyrekkord.com\\\/fr\\\/producto\\\/batterie-plomb-gel-12v-15ah\\\/\",\"name\":\"Batterie plomb-gel 12V 15AH | BICYREKKORD\",\"isPartOf\":{\"@id\":\"https:\\\/\\\/www.bicyrekkord.com\\\/fr\\\/#website\"},\"primaryImageOfPage\":{\"@id\":\"https:\\\/\\\/www.bicyrekkord.com\\\/fr\\\/producto\\\/batterie-plomb-gel-12v-15ah\\\/#primaryimage\"},\"image\":{\"@id\":\"https:\\\/\\\/www.bicyrekkord.com\\\/fr\\\/producto\\\/batterie-plomb-gel-12v-15ah\\\/#primaryimage\"},\"thumbnailUrl\":\"https:\\\/\\\/www.bicyrekkord.com\\\/wp-content\\\/uploads\\\/2024\\\/05\\\/Bateria-Plomo-Gel-12V-15AH-1.jpg\",\"datePublished\":\"2024-05-02T23:37:52+00:00\",\"breadcrumb\":{\"@id\":\"https:\\\/\\\/www.bicyrekkord.com\\\/fr\\\/producto\\\/batterie-plomb-gel-12v-15ah\\\/#breadcrumb\"},\"inLanguage\":\"fr-FR\",\"potentialAction\":[{\"@type\":\"ReadAction\",\"target\":[\"https:\\\/\\\/www.bicyrekkord.com\\\/fr\\\/producto\\\/batterie-plomb-gel-12v-15ah\\\/\"]}]},{\"@type\":\"ImageObject\",\"inLanguage\":\"fr-FR\",\"@id\":\"https:\\\/\\\/www.bicyrekkord.com\\\/fr\\\/producto\\\/batterie-plomb-gel-12v-15ah\\\/#primaryimage\",\"url\":\"https:\\\/\\\/www.bicyrekkord.com\\\/wp-content\\\/uploads\\\/2024\\\/05\\\/Bateria-Plomo-Gel-12V-15AH-1.jpg\",\"contentUrl\":\"https:\\\/\\\/www.bicyrekkord.com\\\/wp-content\\\/uploads\\\/2024\\\/05\\\/Bateria-Plomo-Gel-12V-15AH-1.jpg\",\"width\":875,\"height\":875},{\"@type\":\"BreadcrumbList\",\"@id\":\"https:\\\/\\\/www.bicyrekkord.com\\\/fr\\\/producto\\\/batterie-plomb-gel-12v-15ah\\\/#breadcrumb\",\"itemListElement\":[{\"@type\":\"ListItem\",\"position\":1,\"name\":\"Accueil\",\"item\":\"https:\\\/\\\/www.bicyrekkord.com\\\/fr\\\/accueil\\\/\"},{\"@type\":\"ListItem\",\"position\":2,\"name\":\"Boutique\",\"item\":\"https:\\\/\\\/www.bicyrekkord.com\\\/fr\\\/boutique\\\/\"},{\"@type\":\"ListItem\",\"position\":3,\"name\":\"Batterie plomb-gel 12V 15AH\"}]},{\"@type\":\"WebSite\",\"@id\":\"https:\\\/\\\/www.bicyrekkord.com\\\/fr\\\/#website\",\"url\":\"https:\\\/\\\/www.bicyrekkord.com\\\/fr\\\/\",\"name\":\"Repuestos para Veh\u00edculos El\u00e9ctricos | BICYREKKORD\",\"description\":\"L\u00edder en repuestos para veh\u00edculos el\u00e9ctricos\",\"publisher\":{\"@id\":\"https:\\\/\\\/www.bicyrekkord.com\\\/fr\\\/#organization\"},\"alternateName\":\"BICYREKKORD\",\"potentialAction\":[{\"@type\":\"SearchAction\",\"target\":{\"@type\":\"EntryPoint\",\"urlTemplate\":\"https:\\\/\\\/www.bicyrekkord.com\\\/fr\\\/?s={search_term_string}\"},\"query-input\":{\"@type\":\"PropertyValueSpecification\",\"valueRequired\":true,\"valueName\":\"search_term_string\"}}],\"inLanguage\":\"fr-FR\"},{\"@type\":\"Organization\",\"@id\":\"https:\\\/\\\/www.bicyrekkord.com\\\/fr\\\/#organization\",\"name\":\"BICYREKKORD\",\"alternateName\":\"L\u00edder en repuestos para veh\u00edculos el\u00e9ctricos\",\"url\":\"https:\\\/\\\/www.bicyrekkord.com\\\/fr\\\/\",\"logo\":{\"@type\":\"ImageObject\",\"inLanguage\":\"fr-FR\",\"@id\":\"https:\\\/\\\/www.bicyrekkord.com\\\/fr\\\/#\\\/schema\\\/logo\\\/image\\\/\",\"url\":\"https:\\\/\\\/www.bicyrekkord.com\\\/wp-content\\\/uploads\\\/2024\\\/05\\\/LOGO-BRK-12-1-scaled.png\",\"contentUrl\":\"https:\\\/\\\/www.bicyrekkord.com\\\/wp-content\\\/uploads\\\/2024\\\/05\\\/LOGO-BRK-12-1-scaled.png\",\"width\":2560,\"height\":726,\"caption\":\"BICYREKKORD\"},\"image\":{\"@id\":\"https:\\\/\\\/www.bicyrekkord.com\\\/fr\\\/#\\\/schema\\\/logo\\\/image\\\/\"},\"sameAs\":[\"https:\\\/\\\/www.facebook.com\\\/BicyRekkord\\\/\",\"https:\\\/\\\/x.com\\\/BICYREKKORD\",\"https:\\\/\\\/www.instagram.com\\\/bicyrekkord\\\/\",\"https:\\\/\\\/www.youtube.com\\\/@Bicyrekkord\"]}]}<\/script>\n<!-- \/ Yoast SEO plugin. -->","yoast_head_json":{"title":"Batterie plomb-gel 12V 15AH | BICYREKKORD","robots":{"index":"index","follow":"follow","max-snippet":"max-snippet:-1","max-image-preview":"max-image-preview:large","max-video-preview":"max-video-preview:-1"},"canonical":"https:\/\/www.bicyrekkord.com\/fr\/producto\/batterie-plomb-gel-12v-15ah\/","og_locale":"fr_FR","og_type":"article","og_title":"Batterie plomb-gel 12V 15AH | BICYREKKORD","og_description":"Batterie 12V plomb\/gel d'une capacit\u00e9 de 15AH, sp\u00e9cialement con\u00e7ue pour les v\u00e9hicules \u00e9lectriques \u00e0 deux roues tels que les bicyclettes \u00e9lectriques, les cyclomoteurs \u00e9lectriques, les scooters \u00e9lectriques, les motos \u00e9lectriques ; et les tricycles \u00e9lectriques \u00e0 trois roues ou les v\u00e9los-taxis \u00e9lectriques, couvrant ainsi une large gamme de v\u00e9hicules \u00e9lectriques. Cette batterie se caract\u00e9rise par le fait qu'elle ne n\u00e9cessite aucun entretien et qu'il n'est pas n\u00e9cessaire de faire l'appoint d'eau ou de v\u00e9rifier l'acide. Sa technologie plomb\/gel garantit un fonctionnement fiable et s\u00fbr, offrant une source d'\u00e9nergie stable et durable pour vos appareils \u00e9lectriques.  * Le prix publi\u00e9 est celui de chaque module et n'inclut pas l'installation. * Les couleurs et\/ou les dessins sont susceptibles d'\u00eatre modifi\u00e9s sans pr\u00e9avis, ce qui n'affectera pas les performances ou les capacit\u00e9s. * La garantie ne s'applique que si l'installation est effectu\u00e9e dans l'un de nos ateliers agr\u00e9\u00e9s.","og_url":"https:\/\/www.bicyrekkord.com\/fr\/producto\/batterie-plomb-gel-12v-15ah\/","og_site_name":"BICYREKKORD","article_publisher":"https:\/\/www.facebook.com\/BicyRekkord\/","og_image":[{"width":875,"height":875,"url":"https:\/\/www.bicyrekkord.com\/wp-content\/uploads\/2024\/05\/Bateria-Plomo-Gel-12V-15AH-1.jpg","type":"image\/jpeg"}],"twitter_card":"summary_large_image","twitter_site":"@BICYREKKORD","schema":{"@context":"https:\/\/schema.org","@graph":[{"@type":"WebPage","@id":"https:\/\/www.bicyrekkord.com\/fr\/producto\/batterie-plomb-gel-12v-15ah\/","url":"https:\/\/www.bicyrekkord.com\/fr\/producto\/batterie-plomb-gel-12v-15ah\/","name":"Batterie plomb-gel 12V 15AH | BICYREKKORD","isPartOf":{"@id":"https:\/\/www.bicyrekkord.com\/fr\/#website"},"primaryImageOfPage":{"@id":"https:\/\/www.bicyrekkord.com\/fr\/producto\/batterie-plomb-gel-12v-15ah\/#primaryimage"},"image":{"@id":"https:\/\/www.bicyrekkord.com\/fr\/producto\/batterie-plomb-gel-12v-15ah\/#primaryimage"},"thumbnailUrl":"https:\/\/www.bicyrekkord.com\/wp-content\/uploads\/2024\/05\/Bateria-Plomo-Gel-12V-15AH-1.jpg","datePublished":"2024-05-02T23:37:52+00:00","breadcrumb":{"@id":"https:\/\/www.bicyrekkord.com\/fr\/producto\/batterie-plomb-gel-12v-15ah\/#breadcrumb"},"inLanguage":"fr-FR","potentialAction":[{"@type":"ReadAction","target":["https:\/\/www.bicyrekkord.com\/fr\/producto\/batterie-plomb-gel-12v-15ah\/"]}]},{"@type":"ImageObject","inLanguage":"fr-FR","@id":"https:\/\/www.bicyrekkord.com\/fr\/producto\/batterie-plomb-gel-12v-15ah\/#primaryimage","url":"https:\/\/www.bicyrekkord.com\/wp-content\/uploads\/2024\/05\/Bateria-Plomo-Gel-12V-15AH-1.jpg","contentUrl":"https:\/\/www.bicyrekkord.com\/wp-content\/uploads\/2024\/05\/Bateria-Plomo-Gel-12V-15AH-1.jpg","width":875,"height":875},{"@type":"BreadcrumbList","@id":"https:\/\/www.bicyrekkord.com\/fr\/producto\/batterie-plomb-gel-12v-15ah\/#breadcrumb","itemListElement":[{"@type":"ListItem","position":1,"name":"Accueil","item":"https:\/\/www.bicyrekkord.com\/fr\/accueil\/"},{"@type":"ListItem","position":2,"name":"Boutique","item":"https:\/\/www.bicyrekkord.com\/fr\/boutique\/"},{"@type":"ListItem","position":3,"name":"Batterie plomb-gel 12V 15AH"}]},{"@type":"WebSite","@id":"https:\/\/www.bicyrekkord.com\/fr\/#website","url":"https:\/\/www.bicyrekkord.com\/fr\/","name":"Repuestos para Veh\u00edculos El\u00e9ctricos | BICYREKKORD","description":"L\u00edder en repuestos para veh\u00edculos el\u00e9ctricos","publisher":{"@id":"https:\/\/www.bicyrekkord.com\/fr\/#organization"},"alternateName":"BICYREKKORD","potentialAction":[{"@type":"SearchAction","target":{"@type":"EntryPoint","urlTemplate":"https:\/\/www.bicyrekkord.com\/fr\/?s={search_term_string}"},"query-input":{"@type":"PropertyValueSpecification","valueRequired":true,"valueName":"search_term_string"}}],"inLanguage":"fr-FR"},{"@type":"Organization","@id":"https:\/\/www.bicyrekkord.com\/fr\/#organization","name":"BICYREKKORD","alternateName":"L\u00edder en repuestos para veh\u00edculos el\u00e9ctricos","url":"https:\/\/www.bicyrekkord.com\/fr\/","logo":{"@type":"ImageObject","inLanguage":"fr-FR","@id":"https:\/\/www.bicyrekkord.com\/fr\/#\/schema\/logo\/image\/","url":"https:\/\/www.bicyrekkord.com\/wp-content\/uploads\/2024\/05\/LOGO-BRK-12-1-scaled.png","contentUrl":"https:\/\/www.bicyrekkord.com\/wp-content\/uploads\/2024\/05\/LOGO-BRK-12-1-scaled.png","width":2560,"height":726,"caption":"BICYREKKORD"},"image":{"@id":"https:\/\/www.bicyrekkord.com\/fr\/#\/schema\/logo\/image\/"},"sameAs":["https:\/\/www.facebook.com\/BicyRekkord\/","https:\/\/x.com\/BICYREKKORD","https:\/\/www.instagram.com\/bicyrekkord\/","https:\/\/www.youtube.com\/@Bicyrekkord"]}]}},"_links":{"self":[{"href":"https:\/\/www.bicyrekkord.com\/fr\/wp-json\/wp\/v2\/product\/238825","targetHints":{"allow":["GET"]}}],"collection":[{"href":"https:\/\/www.bicyrekkord.com\/fr\/wp-json\/wp\/v2\/product"}],"about":[{"href":"https:\/\/www.bicyrekkord.com\/fr\/wp-json\/wp\/v2\/types\/product"}],"replies":[{"embeddable":true,"href":"https:\/\/www.bicyrekkord.com\/fr\/wp-json\/wp\/v2\/comments?post=238825"}],"wp:featuredmedia":[{"embeddable":true,"href":"https:\/\/www.bicyrekkord.com\/fr\/wp-json\/wp\/v2\/media\/238154"}],"wp:attachment":[{"href":"https:\/\/www.bicyrekkord.com\/fr\/wp-json\/wp\/v2\/media?parent=238825"}],"wp:term":[{"taxonomy":"product_brand","embeddable":true,"href":"https:\/\/www.bicyrekkord.com\/fr\/wp-json\/wp\/v2\/product_brand?post=238825"},{"taxonomy":"product_cat","embeddable":true,"href":"https:\/\/www.bicyrekkord.com\/fr\/wp-json\/wp\/v2\/product_cat?post=238825"},{"taxonomy":"product_tag","embeddable":true,"href":"https:\/\/www.bicyrekkord.com\/fr\/wp-json\/wp\/v2\/product_tag?post=238825"}],"curies":[{"name":"wp","href":"https:\/\/api.w.org\/{rel}","templated":true}]}}