{"id":239256,"date":"2025-11-19T14:46:44","date_gmt":"2025-11-19T19:46:44","guid":{"rendered":"https:\/\/www.bicyrekkord.com\/?post_type=product&#038;p=239256"},"modified":"2025-12-01T02:49:11","modified_gmt":"2025-12-01T07:49:11","slug":"housse-de-pluie-2-en-1-motard-et-petite-moto-copia","status":"publish","type":"product","link":"https:\/\/www.bicyrekkord.com\/fr\/producto\/housse-de-pluie-2-en-1-motard-et-petite-moto-copia\/","title":{"rendered":"Ensemble d&#8217;imperm\u00e9ables en PVC avec capuche et r\u00e9flecteur, type A"},"content":{"rendered":"","protected":false},"excerpt":{"rendered":"<p data-start=\"231\" data-end=\"293\"><strong data-start=\"231\" data-end=\"293\">Ensemble d&#8217;imperm\u00e9ables en PVC avec capuche et r\u00e9flecteur &#8211; Type A<\/strong><\/p>\n<p data-start=\"295\" data-end=\"580\">Restez au sec sous la pluie gr\u00e2ce \u00e0 cet ensemble imperm\u00e9able en deux parties, con\u00e7u pour offrir une protection et un confort complets lorsque vous conduisez une moto, un v\u00e9lo ou un scooter. Fabriqu\u00e9 en PVC durable, il emp\u00eache les fuites et r\u00e9siste aux fortes pluies sans perdre de sa souplesse. <\/p>\n<p data-start=\"582\" data-end=\"922\">La veste est dot\u00e9e d&#8217;une capuche r\u00e9glable et d&#8217;une coupe large pour faciliter les mouvements. Le dos comporte une bande r\u00e9fl\u00e9chissante haute visibilit\u00e9, id\u00e9ale pour une s\u00e9curit\u00e9 accrue la nuit ou dans des conditions de faible luminosit\u00e9. Le pantalon imperm\u00e9able est dot\u00e9 d&#8217;une ceinture \u00e9lastiqu\u00e9e pour un ajustement confortable et pratique.  <\/p>\n<h3 data-start=\"924\" data-end=\"960\"><strong data-start=\"928\" data-end=\"960\">Caract\u00e9ristiques principales :<\/strong><\/h3>\n<p data-start=\"961\" data-end=\"1485\">\u2705 <strong data-start=\"963\" data-end=\"989\">Mati\u00e8re PVC renforc\u00e9e<\/strong>, \u00e9paisse, r\u00e9sistante et totalement imperm\u00e9able.<br data-start=\"1035\" data-end=\"1038\">\u2705 <strong data-start=\"1040\" data-end=\"1062\">Ensemble 2 pi\u00e8ces :<\/strong> veste avec capuche + pantalon imperm\u00e9able.<br data-start=\"1107\" data-end=\"1110\">\u2705 <strong data-start=\"1112\" data-end=\"1134\">R\u00e9fl\u00e9chissant \u00e0 l&#8217;arri\u00e8re<\/strong> pour une plus grande s\u00e9curit\u00e9 sur la route.<br data-start=\"1166\" data-end=\"1169\">\u2705 <strong data-start=\"1171\" data-end=\"1207\">Veste avec poches avant<\/strong> \u00e0 rabat et boutons-pression, id\u00e9ale pour prot\u00e9ger les petits objets.<br data-start=\"1267\" data-end=\"1270\"><strong data-start=\"1272\" data-end=\"1293\">Capuche r\u00e9glable<\/strong>, parfaite pour les fortes pluies.<br data-start=\"1332\" data-end=\"1335\">\u2705 <strong data-start=\"1337\" data-end=\"1370\">Pantalon avec taille \u00e9lastiqu\u00e9e<\/strong>, confortable et facile \u00e0 enfiler.<br data-start=\"1401\" data-end=\"1404\">\u2705 Id\u00e9al <strong data-start=\"1417\" data-end=\"1484\">pour les motos, les v\u00e9los \u00e9lectriques, les scooters et l&#8217;utilisation quotidienne sous la pluie.<\/strong><\/p>\n<p data-start=\"1487\" data-end=\"1575\">Disponible en noir, \u00e9l\u00e9gant et combinable pour toute activit\u00e9 de plein air.<\/p>\n","protected":false},"featured_media":239264,"comment_status":"open","ping_status":"closed","template":"","meta":[],"product_brand":[],"product_cat":[113],"product_tag":[],"class_list":{"0":"post-239256","1":"product","2":"type-product","3":"status-publish","4":"has-post-thumbnail","6":"product_cat-divers","8":"first","9":"instock","10":"shipping-taxable","11":"purchasable","12":"product-type-simple"},"yoast_head":"<!-- This site is optimized with the Yoast SEO plugin v27.5 - https:\/\/yoast.com\/product\/yoast-seo-wordpress\/ -->\n<title>Ensemble d&#039;imperm\u00e9ables en PVC avec capuche et r\u00e9flecteur, type A | BICYREKKORD<\/title>\n<meta name=\"description\" content=\"Ensemble imperm\u00e9able en PVC de type A avec capuche et bande r\u00e9fl\u00e9chissante. Veste et pantalon 100% imperm\u00e9ables, r\u00e9sistants et s\u00fbrs pour la moto, le v\u00e9lo et l&#039;usage quotidien.\" \/>\n<meta name=\"robots\" content=\"index, follow, max-snippet:-1, max-image-preview:large, max-video-preview:-1\" \/>\n<link rel=\"canonical\" href=\"https:\/\/www.bicyrekkord.com\/fr\/producto\/housse-de-pluie-2-en-1-motard-et-petite-moto-copia\/\" \/>\n<meta property=\"og:locale\" content=\"fr_FR\" \/>\n<meta property=\"og:type\" content=\"article\" \/>\n<meta property=\"og:title\" content=\"Ensemble d&#039;imperm\u00e9ables en PVC avec capuche et r\u00e9flecteur, type A | BICYREKKORD\" \/>\n<meta property=\"og:description\" content=\"Ensemble imperm\u00e9able en PVC de type A avec capuche et bande r\u00e9fl\u00e9chissante. Veste et pantalon 100% imperm\u00e9ables, r\u00e9sistants et s\u00fbrs pour la moto, le v\u00e9lo et l&#039;usage quotidien.\" \/>\n<meta property=\"og:url\" content=\"https:\/\/www.bicyrekkord.com\/fr\/producto\/housse-de-pluie-2-en-1-motard-et-petite-moto-copia\/\" \/>\n<meta property=\"og:site_name\" content=\"BICYREKKORD\" \/>\n<meta property=\"article:publisher\" content=\"https:\/\/www.facebook.com\/BicyRekkord\/\" \/>\n<meta property=\"article:modified_time\" content=\"2025-12-01T07:49:11+00:00\" \/>\n<meta property=\"og:image\" content=\"https:\/\/www.bicyrekkord.com\/wp-content\/uploads\/2025\/11\/Conjunto-Impermeable-PVC-con-Capucha-y-Reflectivo-Tipo-A-3.webp\" \/>\n\t<meta property=\"og:image:width\" content=\"875\" \/>\n\t<meta property=\"og:image:height\" content=\"875\" \/>\n\t<meta property=\"og:image:type\" content=\"image\/webp\" \/>\n<meta name=\"twitter:card\" content=\"summary_large_image\" \/>\n<meta name=\"twitter:site\" content=\"@BICYREKKORD\" \/>\n<script type=\"application\/ld+json\" class=\"yoast-schema-graph\">{\"@context\":\"https:\\\/\\\/schema.org\",\"@graph\":[{\"@type\":\"WebPage\",\"@id\":\"https:\\\/\\\/www.bicyrekkord.com\\\/fr\\\/producto\\\/housse-de-pluie-2-en-1-motard-et-petite-moto-copia\\\/\",\"url\":\"https:\\\/\\\/www.bicyrekkord.com\\\/fr\\\/producto\\\/housse-de-pluie-2-en-1-motard-et-petite-moto-copia\\\/\",\"name\":\"Ensemble d'imperm\u00e9ables en PVC avec capuche et r\u00e9flecteur, type A | BICYREKKORD\",\"isPartOf\":{\"@id\":\"https:\\\/\\\/www.bicyrekkord.com\\\/fr\\\/#website\"},\"primaryImageOfPage\":{\"@id\":\"https:\\\/\\\/www.bicyrekkord.com\\\/fr\\\/producto\\\/housse-de-pluie-2-en-1-motard-et-petite-moto-copia\\\/#primaryimage\"},\"image\":{\"@id\":\"https:\\\/\\\/www.bicyrekkord.com\\\/fr\\\/producto\\\/housse-de-pluie-2-en-1-motard-et-petite-moto-copia\\\/#primaryimage\"},\"thumbnailUrl\":\"https:\\\/\\\/www.bicyrekkord.com\\\/wp-content\\\/uploads\\\/2025\\\/11\\\/Conjunto-Impermeable-PVC-con-Capucha-y-Reflectivo-Tipo-A-3.webp\",\"datePublished\":\"2025-11-19T19:46:44+00:00\",\"dateModified\":\"2025-12-01T07:49:11+00:00\",\"description\":\"Ensemble imperm\u00e9able en PVC de type A avec capuche et bande r\u00e9fl\u00e9chissante. Veste et pantalon 100% imperm\u00e9ables, r\u00e9sistants et s\u00fbrs pour la moto, le v\u00e9lo et l'usage quotidien.\",\"breadcrumb\":{\"@id\":\"https:\\\/\\\/www.bicyrekkord.com\\\/fr\\\/producto\\\/housse-de-pluie-2-en-1-motard-et-petite-moto-copia\\\/#breadcrumb\"},\"inLanguage\":\"fr-FR\",\"potentialAction\":[{\"@type\":\"ReadAction\",\"target\":[\"https:\\\/\\\/www.bicyrekkord.com\\\/fr\\\/producto\\\/housse-de-pluie-2-en-1-motard-et-petite-moto-copia\\\/\"]}]},{\"@type\":\"ImageObject\",\"inLanguage\":\"fr-FR\",\"@id\":\"https:\\\/\\\/www.bicyrekkord.com\\\/fr\\\/producto\\\/housse-de-pluie-2-en-1-motard-et-petite-moto-copia\\\/#primaryimage\",\"url\":\"https:\\\/\\\/www.bicyrekkord.com\\\/wp-content\\\/uploads\\\/2025\\\/11\\\/Conjunto-Impermeable-PVC-con-Capucha-y-Reflectivo-Tipo-A-3.webp\",\"contentUrl\":\"https:\\\/\\\/www.bicyrekkord.com\\\/wp-content\\\/uploads\\\/2025\\\/11\\\/Conjunto-Impermeable-PVC-con-Capucha-y-Reflectivo-Tipo-A-3.webp\",\"width\":875,\"height\":875},{\"@type\":\"BreadcrumbList\",\"@id\":\"https:\\\/\\\/www.bicyrekkord.com\\\/fr\\\/producto\\\/housse-de-pluie-2-en-1-motard-et-petite-moto-copia\\\/#breadcrumb\",\"itemListElement\":[{\"@type\":\"ListItem\",\"position\":1,\"name\":\"Accueil\",\"item\":\"https:\\\/\\\/www.bicyrekkord.com\\\/fr\\\/accueil\\\/\"},{\"@type\":\"ListItem\",\"position\":2,\"name\":\"Boutique\",\"item\":\"https:\\\/\\\/www.bicyrekkord.com\\\/fr\\\/boutique\\\/\"},{\"@type\":\"ListItem\",\"position\":3,\"name\":\"Ensemble d&#8217;imperm\u00e9ables en PVC avec capuche et r\u00e9flecteur, type A\"}]},{\"@type\":\"WebSite\",\"@id\":\"https:\\\/\\\/www.bicyrekkord.com\\\/fr\\\/#website\",\"url\":\"https:\\\/\\\/www.bicyrekkord.com\\\/fr\\\/\",\"name\":\"Repuestos para Veh\u00edculos El\u00e9ctricos | BICYREKKORD\",\"description\":\"L\u00edder en repuestos para veh\u00edculos el\u00e9ctricos\",\"publisher\":{\"@id\":\"https:\\\/\\\/www.bicyrekkord.com\\\/fr\\\/#organization\"},\"alternateName\":\"BICYREKKORD\",\"potentialAction\":[{\"@type\":\"SearchAction\",\"target\":{\"@type\":\"EntryPoint\",\"urlTemplate\":\"https:\\\/\\\/www.bicyrekkord.com\\\/fr\\\/?s={search_term_string}\"},\"query-input\":{\"@type\":\"PropertyValueSpecification\",\"valueRequired\":true,\"valueName\":\"search_term_string\"}}],\"inLanguage\":\"fr-FR\"},{\"@type\":\"Organization\",\"@id\":\"https:\\\/\\\/www.bicyrekkord.com\\\/fr\\\/#organization\",\"name\":\"BICYREKKORD\",\"alternateName\":\"L\u00edder en repuestos para veh\u00edculos el\u00e9ctricos\",\"url\":\"https:\\\/\\\/www.bicyrekkord.com\\\/fr\\\/\",\"logo\":{\"@type\":\"ImageObject\",\"inLanguage\":\"fr-FR\",\"@id\":\"https:\\\/\\\/www.bicyrekkord.com\\\/fr\\\/#\\\/schema\\\/logo\\\/image\\\/\",\"url\":\"https:\\\/\\\/www.bicyrekkord.com\\\/wp-content\\\/uploads\\\/2024\\\/05\\\/LOGO-BRK-12-1-scaled.png\",\"contentUrl\":\"https:\\\/\\\/www.bicyrekkord.com\\\/wp-content\\\/uploads\\\/2024\\\/05\\\/LOGO-BRK-12-1-scaled.png\",\"width\":2560,\"height\":726,\"caption\":\"BICYREKKORD\"},\"image\":{\"@id\":\"https:\\\/\\\/www.bicyrekkord.com\\\/fr\\\/#\\\/schema\\\/logo\\\/image\\\/\"},\"sameAs\":[\"https:\\\/\\\/www.facebook.com\\\/BicyRekkord\\\/\",\"https:\\\/\\\/x.com\\\/BICYREKKORD\",\"https:\\\/\\\/www.instagram.com\\\/bicyrekkord\\\/\",\"https:\\\/\\\/www.youtube.com\\\/@Bicyrekkord\"]}]}<\/script>\n<!-- \/ Yoast SEO plugin. -->","yoast_head_json":{"title":"Ensemble d'imperm\u00e9ables en PVC avec capuche et r\u00e9flecteur, type A | BICYREKKORD","description":"Ensemble imperm\u00e9able en PVC de type A avec capuche et bande r\u00e9fl\u00e9chissante. Veste et pantalon 100% imperm\u00e9ables, r\u00e9sistants et s\u00fbrs pour la moto, le v\u00e9lo et l'usage quotidien.","robots":{"index":"index","follow":"follow","max-snippet":"max-snippet:-1","max-image-preview":"max-image-preview:large","max-video-preview":"max-video-preview:-1"},"canonical":"https:\/\/www.bicyrekkord.com\/fr\/producto\/housse-de-pluie-2-en-1-motard-et-petite-moto-copia\/","og_locale":"fr_FR","og_type":"article","og_title":"Ensemble d'imperm\u00e9ables en PVC avec capuche et r\u00e9flecteur, type A | BICYREKKORD","og_description":"Ensemble imperm\u00e9able en PVC de type A avec capuche et bande r\u00e9fl\u00e9chissante. Veste et pantalon 100% imperm\u00e9ables, r\u00e9sistants et s\u00fbrs pour la moto, le v\u00e9lo et l'usage quotidien.","og_url":"https:\/\/www.bicyrekkord.com\/fr\/producto\/housse-de-pluie-2-en-1-motard-et-petite-moto-copia\/","og_site_name":"BICYREKKORD","article_publisher":"https:\/\/www.facebook.com\/BicyRekkord\/","article_modified_time":"2025-12-01T07:49:11+00:00","og_image":[{"width":875,"height":875,"url":"https:\/\/www.bicyrekkord.com\/wp-content\/uploads\/2025\/11\/Conjunto-Impermeable-PVC-con-Capucha-y-Reflectivo-Tipo-A-3.webp","type":"image\/webp"}],"twitter_card":"summary_large_image","twitter_site":"@BICYREKKORD","schema":{"@context":"https:\/\/schema.org","@graph":[{"@type":"WebPage","@id":"https:\/\/www.bicyrekkord.com\/fr\/producto\/housse-de-pluie-2-en-1-motard-et-petite-moto-copia\/","url":"https:\/\/www.bicyrekkord.com\/fr\/producto\/housse-de-pluie-2-en-1-motard-et-petite-moto-copia\/","name":"Ensemble d'imperm\u00e9ables en PVC avec capuche et r\u00e9flecteur, type A | BICYREKKORD","isPartOf":{"@id":"https:\/\/www.bicyrekkord.com\/fr\/#website"},"primaryImageOfPage":{"@id":"https:\/\/www.bicyrekkord.com\/fr\/producto\/housse-de-pluie-2-en-1-motard-et-petite-moto-copia\/#primaryimage"},"image":{"@id":"https:\/\/www.bicyrekkord.com\/fr\/producto\/housse-de-pluie-2-en-1-motard-et-petite-moto-copia\/#primaryimage"},"thumbnailUrl":"https:\/\/www.bicyrekkord.com\/wp-content\/uploads\/2025\/11\/Conjunto-Impermeable-PVC-con-Capucha-y-Reflectivo-Tipo-A-3.webp","datePublished":"2025-11-19T19:46:44+00:00","dateModified":"2025-12-01T07:49:11+00:00","description":"Ensemble imperm\u00e9able en PVC de type A avec capuche et bande r\u00e9fl\u00e9chissante. Veste et pantalon 100% imperm\u00e9ables, r\u00e9sistants et s\u00fbrs pour la moto, le v\u00e9lo et l'usage quotidien.","breadcrumb":{"@id":"https:\/\/www.bicyrekkord.com\/fr\/producto\/housse-de-pluie-2-en-1-motard-et-petite-moto-copia\/#breadcrumb"},"inLanguage":"fr-FR","potentialAction":[{"@type":"ReadAction","target":["https:\/\/www.bicyrekkord.com\/fr\/producto\/housse-de-pluie-2-en-1-motard-et-petite-moto-copia\/"]}]},{"@type":"ImageObject","inLanguage":"fr-FR","@id":"https:\/\/www.bicyrekkord.com\/fr\/producto\/housse-de-pluie-2-en-1-motard-et-petite-moto-copia\/#primaryimage","url":"https:\/\/www.bicyrekkord.com\/wp-content\/uploads\/2025\/11\/Conjunto-Impermeable-PVC-con-Capucha-y-Reflectivo-Tipo-A-3.webp","contentUrl":"https:\/\/www.bicyrekkord.com\/wp-content\/uploads\/2025\/11\/Conjunto-Impermeable-PVC-con-Capucha-y-Reflectivo-Tipo-A-3.webp","width":875,"height":875},{"@type":"BreadcrumbList","@id":"https:\/\/www.bicyrekkord.com\/fr\/producto\/housse-de-pluie-2-en-1-motard-et-petite-moto-copia\/#breadcrumb","itemListElement":[{"@type":"ListItem","position":1,"name":"Accueil","item":"https:\/\/www.bicyrekkord.com\/fr\/accueil\/"},{"@type":"ListItem","position":2,"name":"Boutique","item":"https:\/\/www.bicyrekkord.com\/fr\/boutique\/"},{"@type":"ListItem","position":3,"name":"Ensemble d&#8217;imperm\u00e9ables en PVC avec capuche et r\u00e9flecteur, type A"}]},{"@type":"WebSite","@id":"https:\/\/www.bicyrekkord.com\/fr\/#website","url":"https:\/\/www.bicyrekkord.com\/fr\/","name":"Repuestos para Veh\u00edculos El\u00e9ctricos | BICYREKKORD","description":"L\u00edder en repuestos para veh\u00edculos el\u00e9ctricos","publisher":{"@id":"https:\/\/www.bicyrekkord.com\/fr\/#organization"},"alternateName":"BICYREKKORD","potentialAction":[{"@type":"SearchAction","target":{"@type":"EntryPoint","urlTemplate":"https:\/\/www.bicyrekkord.com\/fr\/?s={search_term_string}"},"query-input":{"@type":"PropertyValueSpecification","valueRequired":true,"valueName":"search_term_string"}}],"inLanguage":"fr-FR"},{"@type":"Organization","@id":"https:\/\/www.bicyrekkord.com\/fr\/#organization","name":"BICYREKKORD","alternateName":"L\u00edder en repuestos para veh\u00edculos el\u00e9ctricos","url":"https:\/\/www.bicyrekkord.com\/fr\/","logo":{"@type":"ImageObject","inLanguage":"fr-FR","@id":"https:\/\/www.bicyrekkord.com\/fr\/#\/schema\/logo\/image\/","url":"https:\/\/www.bicyrekkord.com\/wp-content\/uploads\/2024\/05\/LOGO-BRK-12-1-scaled.png","contentUrl":"https:\/\/www.bicyrekkord.com\/wp-content\/uploads\/2024\/05\/LOGO-BRK-12-1-scaled.png","width":2560,"height":726,"caption":"BICYREKKORD"},"image":{"@id":"https:\/\/www.bicyrekkord.com\/fr\/#\/schema\/logo\/image\/"},"sameAs":["https:\/\/www.facebook.com\/BicyRekkord\/","https:\/\/x.com\/BICYREKKORD","https:\/\/www.instagram.com\/bicyrekkord\/","https:\/\/www.youtube.com\/@Bicyrekkord"]}]}},"_links":{"self":[{"href":"https:\/\/www.bicyrekkord.com\/fr\/wp-json\/wp\/v2\/product\/239256","targetHints":{"allow":["GET"]}}],"collection":[{"href":"https:\/\/www.bicyrekkord.com\/fr\/wp-json\/wp\/v2\/product"}],"about":[{"href":"https:\/\/www.bicyrekkord.com\/fr\/wp-json\/wp\/v2\/types\/product"}],"replies":[{"embeddable":true,"href":"https:\/\/www.bicyrekkord.com\/fr\/wp-json\/wp\/v2\/comments?post=239256"}],"wp:featuredmedia":[{"embeddable":true,"href":"https:\/\/www.bicyrekkord.com\/fr\/wp-json\/wp\/v2\/media\/239264"}],"wp:attachment":[{"href":"https:\/\/www.bicyrekkord.com\/fr\/wp-json\/wp\/v2\/media?parent=239256"}],"wp:term":[{"taxonomy":"product_brand","embeddable":true,"href":"https:\/\/www.bicyrekkord.com\/fr\/wp-json\/wp\/v2\/product_brand?post=239256"},{"taxonomy":"product_cat","embeddable":true,"href":"https:\/\/www.bicyrekkord.com\/fr\/wp-json\/wp\/v2\/product_cat?post=239256"},{"taxonomy":"product_tag","embeddable":true,"href":"https:\/\/www.bicyrekkord.com\/fr\/wp-json\/wp\/v2\/product_tag?post=239256"}],"curies":[{"name":"wp","href":"https:\/\/api.w.org\/{rel}","templated":true}]}}