{"id":239309,"date":"2025-11-19T22:03:12","date_gmt":"2025-11-20T03:03:12","guid":{"rendered":"https:\/\/www.bicyrekkord.com\/?post_type=product&#038;p=239309"},"modified":"2025-12-01T02:49:11","modified_gmt":"2025-12-01T07:49:11","slug":"45-litre-top-case-pour-velos-et-scooters-electriques-robuste-etanche-et-luxueux-copia-2","status":"publish","type":"product","link":"https:\/\/www.bicyrekkord.com\/fr\/producto\/45-litre-top-case-pour-velos-et-scooters-electriques-robuste-etanche-et-luxueux-copia-2\/","title":{"rendered":"Premium Rectangular Trunk, 45 Litres-Black"},"content":{"rendered":"","protected":false},"excerpt":{"rendered":"<p class=\"\" data-start=\"294\" data-end=\"679\">Optimisez votre espace de chargement avec notre <strong data-start=\"335\" data-end=\"383\">top case de 45 litres pour v\u00e9los<\/strong> et <strong data-start=\"386\" data-end=\"406\">scooters \u00e9lectriques<\/strong>, fabriqu\u00e9 \u00e0 partir de mat\u00e9riaux tr\u00e8s r\u00e9sistants. Le corps de la botte est en <strong data-start=\"486\" data-end=\"493\">ABS<\/strong> (Acrylonitrile Butadi\u00e8ne Styr\u00e8ne), un plastique rigide, l\u00e9ger et durable, tandis que la base est en <strong data-start=\"608\" data-end=\"614\">PP<\/strong> (Polypropyl\u00e8ne), un mat\u00e9riau flexible et r\u00e9sistant aux chocs.<\/p>\n<p class=\"\" data-start=\"681\" data-end=\"956\">Mesurant <strong data-start=\"696\" data-end=\"746\">31 cm de haut, 42 cm de large et 34 cm de profondeur<\/strong>, ce coffre offre un vaste espace de rangement pour les casques, les outils et les objets personnels. De plus, son <strong data-start=\"847\" data-end=\"867\">int\u00e9rieur luxueux<\/strong> prot\u00e8ge vos effets personnels avec style et confort, ce qui est id\u00e9al pour les d\u00e9placements en ville ou les voyages d&#8217;affaires.<\/p>\n<p class=\"\" data-start=\"958\" data-end=\"992\"><strong data-start=\"958\" data-end=\"990\">Caract\u00e9ristiques principales :<\/strong><\/p>\n<ul data-start=\"993\" data-end=\"1254\">\n<li class=\"\" data-start=\"993\" data-end=\"1023\">\n<p class=\"\" data-start=\"995\" data-end=\"1023\">Capacit\u00e9 de <strong data-start=\"1008\" data-end=\"1021\">45 litres<\/strong><\/p>\n<\/li>\n<li class=\"\" data-start=\"1024\" data-end=\"1087\">\n<p class=\"\" data-start=\"1026\" data-end=\"1087\">Fabriqu\u00e9 en <strong data-start=\"1039\" data-end=\"1066\">ABS haute r\u00e9sistance<\/strong> avec support en <strong data-start=\"1079\" data-end=\"1085\">PP<\/strong><\/p>\n<\/li>\n<li class=\"\" data-start=\"1088\" data-end=\"1118\">\n<p class=\"\" data-start=\"1090\" data-end=\"1118\">Int\u00e9rieur rembourr\u00e9 de luxe<\/p>\n<\/li>\n<li class=\"\" data-start=\"1119\" data-end=\"1171\">\n<p class=\"\" data-start=\"1121\" data-end=\"1171\">Mat\u00e9riaux imperm\u00e9ables et r\u00e9sistants aux chocs<\/p>\n<\/li>\n<li class=\"\" data-start=\"1172\" data-end=\"1209\">\n<p class=\"\" data-start=\"1174\" data-end=\"1209\">Verrouillage s\u00fbr et installation facile<\/p>\n<\/li>\n<li class=\"\" data-start=\"1210\" data-end=\"1254\">\n<p class=\"\" data-start=\"1212\" data-end=\"1254\">Id\u00e9al pour les v\u00e9los et les motos \u00e9lectriques<\/p>\n<\/li>\n<\/ul>\n<p class=\"\" data-start=\"1256\" data-end=\"1422\">Id\u00e9al pour <strong data-start=\"1267\" data-end=\"1308\">les v\u00e9los \u00e9lectriques<\/strong> ou les <strong data-start=\"1311\" data-end=\"1347\">scooters \u00e9lectriques<\/strong>.<\/p>\n<p class=\"\" data-start=\"1256\" data-end=\"1422\"><br data-start=\"1348\" data-end=\"1351\">Combinez l&#8217;\u00e9l\u00e9gance, la force et la fonctionnalit\u00e9 dans votre mobilit\u00e9 quotidienne !<\/p>\n","protected":false},"featured_media":239314,"comment_status":"open","ping_status":"closed","template":"","meta":[],"product_brand":[],"product_cat":[113],"product_tag":[],"class_list":{"0":"post-239309","1":"product","2":"type-product","3":"status-publish","4":"has-post-thumbnail","6":"product_cat-divers","7":"product_shipping_class-contre-remboursement","9":"first","10":"instock","11":"shipping-taxable","12":"purchasable","13":"product-type-simple"},"yoast_head":"<!-- This site is optimized with the Yoast SEO plugin v27.5 - https:\/\/yoast.com\/product\/yoast-seo-wordpress\/ -->\n<title>Premium Rectangular Trunk, 45 Litres-Black | BICYREKKORD<\/title>\n<meta name=\"robots\" content=\"index, follow, max-snippet:-1, max-image-preview:large, max-video-preview:-1\" \/>\n<link rel=\"canonical\" href=\"https:\/\/www.bicyrekkord.com\/fr\/producto\/45-litre-top-case-pour-velos-et-scooters-electriques-robuste-etanche-et-luxueux-copia-2\/\" \/>\n<meta property=\"og:locale\" content=\"fr_FR\" \/>\n<meta property=\"og:type\" content=\"article\" \/>\n<meta property=\"og:title\" content=\"Premium Rectangular Trunk, 45 Litres-Black | BICYREKKORD\" \/>\n<meta property=\"og:description\" content=\"Optimisez votre espace de chargement avec notre top case de 45 litres pour v\u00e9los et scooters \u00e9lectriques, fabriqu\u00e9 \u00e0 partir de mat\u00e9riaux tr\u00e8s r\u00e9sistants. Le corps de la botte est en ABS (Acrylonitrile Butadi\u00e8ne Styr\u00e8ne), un plastique rigide, l\u00e9ger et durable, tandis que la base est en PP (Polypropyl\u00e8ne), un mat\u00e9riau flexible et r\u00e9sistant aux chocs. Mesurant 31 cm de haut, 42 cm de large et 34 cm de profondeur, ce coffre offre un vaste espace de rangement pour les casques, les outils et les objets personnels. De plus, son int\u00e9rieur luxueux prot\u00e8ge vos effets personnels avec style et confort, ce qui est id\u00e9al pour les d\u00e9placements en ville ou les voyages d&#039;affaires. Caract\u00e9ristiques principales :   Capacit\u00e9 de 45 litres   Fabriqu\u00e9 en ABS haute r\u00e9sistance avec support en PP   Int\u00e9rieur rembourr\u00e9 de luxe   Mat\u00e9riaux imperm\u00e9ables et r\u00e9sistants aux chocs   Verrouillage s\u00fbr et installation facile   Id\u00e9al pour les v\u00e9los et les motos \u00e9lectriques  Id\u00e9al pour les v\u00e9los \u00e9lectriques ou les scooters \u00e9lectriques. Combinez l&#039;\u00e9l\u00e9gance, la force et la fonctionnalit\u00e9 dans votre mobilit\u00e9 quotidienne !\" \/>\n<meta property=\"og:url\" content=\"https:\/\/www.bicyrekkord.com\/fr\/producto\/45-litre-top-case-pour-velos-et-scooters-electriques-robuste-etanche-et-luxueux-copia-2\/\" \/>\n<meta property=\"og:site_name\" content=\"BICYREKKORD\" \/>\n<meta property=\"article:publisher\" content=\"https:\/\/www.facebook.com\/BicyRekkord\/\" \/>\n<meta property=\"article:modified_time\" content=\"2025-12-01T07:49:11+00:00\" \/>\n<meta property=\"og:image\" content=\"https:\/\/www.bicyrekkord.com\/wp-content\/uploads\/2025\/11\/Baul-Rectangular-Premium-45-Litros-Negro-1.webp\" \/>\n\t<meta property=\"og:image:width\" content=\"875\" \/>\n\t<meta property=\"og:image:height\" content=\"875\" \/>\n\t<meta property=\"og:image:type\" content=\"image\/webp\" \/>\n<meta name=\"twitter:card\" content=\"summary_large_image\" \/>\n<meta name=\"twitter:site\" content=\"@BICYREKKORD\" \/>\n<script type=\"application\/ld+json\" class=\"yoast-schema-graph\">{\"@context\":\"https:\\\/\\\/schema.org\",\"@graph\":[{\"@type\":\"WebPage\",\"@id\":\"https:\\\/\\\/www.bicyrekkord.com\\\/fr\\\/producto\\\/45-litre-top-case-pour-velos-et-scooters-electriques-robuste-etanche-et-luxueux-copia-2\\\/\",\"url\":\"https:\\\/\\\/www.bicyrekkord.com\\\/fr\\\/producto\\\/45-litre-top-case-pour-velos-et-scooters-electriques-robuste-etanche-et-luxueux-copia-2\\\/\",\"name\":\"Premium Rectangular Trunk, 45 Litres-Black | BICYREKKORD\",\"isPartOf\":{\"@id\":\"https:\\\/\\\/www.bicyrekkord.com\\\/fr\\\/#website\"},\"primaryImageOfPage\":{\"@id\":\"https:\\\/\\\/www.bicyrekkord.com\\\/fr\\\/producto\\\/45-litre-top-case-pour-velos-et-scooters-electriques-robuste-etanche-et-luxueux-copia-2\\\/#primaryimage\"},\"image\":{\"@id\":\"https:\\\/\\\/www.bicyrekkord.com\\\/fr\\\/producto\\\/45-litre-top-case-pour-velos-et-scooters-electriques-robuste-etanche-et-luxueux-copia-2\\\/#primaryimage\"},\"thumbnailUrl\":\"https:\\\/\\\/www.bicyrekkord.com\\\/wp-content\\\/uploads\\\/2025\\\/11\\\/Baul-Rectangular-Premium-45-Litros-Negro-1.webp\",\"datePublished\":\"2025-11-20T03:03:12+00:00\",\"dateModified\":\"2025-12-01T07:49:11+00:00\",\"breadcrumb\":{\"@id\":\"https:\\\/\\\/www.bicyrekkord.com\\\/fr\\\/producto\\\/45-litre-top-case-pour-velos-et-scooters-electriques-robuste-etanche-et-luxueux-copia-2\\\/#breadcrumb\"},\"inLanguage\":\"fr-FR\",\"potentialAction\":[{\"@type\":\"ReadAction\",\"target\":[\"https:\\\/\\\/www.bicyrekkord.com\\\/fr\\\/producto\\\/45-litre-top-case-pour-velos-et-scooters-electriques-robuste-etanche-et-luxueux-copia-2\\\/\"]}]},{\"@type\":\"ImageObject\",\"inLanguage\":\"fr-FR\",\"@id\":\"https:\\\/\\\/www.bicyrekkord.com\\\/fr\\\/producto\\\/45-litre-top-case-pour-velos-et-scooters-electriques-robuste-etanche-et-luxueux-copia-2\\\/#primaryimage\",\"url\":\"https:\\\/\\\/www.bicyrekkord.com\\\/wp-content\\\/uploads\\\/2025\\\/11\\\/Baul-Rectangular-Premium-45-Litros-Negro-1.webp\",\"contentUrl\":\"https:\\\/\\\/www.bicyrekkord.com\\\/wp-content\\\/uploads\\\/2025\\\/11\\\/Baul-Rectangular-Premium-45-Litros-Negro-1.webp\",\"width\":875,\"height\":875},{\"@type\":\"BreadcrumbList\",\"@id\":\"https:\\\/\\\/www.bicyrekkord.com\\\/fr\\\/producto\\\/45-litre-top-case-pour-velos-et-scooters-electriques-robuste-etanche-et-luxueux-copia-2\\\/#breadcrumb\",\"itemListElement\":[{\"@type\":\"ListItem\",\"position\":1,\"name\":\"Accueil\",\"item\":\"https:\\\/\\\/www.bicyrekkord.com\\\/fr\\\/accueil\\\/\"},{\"@type\":\"ListItem\",\"position\":2,\"name\":\"Boutique\",\"item\":\"https:\\\/\\\/www.bicyrekkord.com\\\/fr\\\/boutique\\\/\"},{\"@type\":\"ListItem\",\"position\":3,\"name\":\"Premium Rectangular Trunk, 45 Litres-Black\"}]},{\"@type\":\"WebSite\",\"@id\":\"https:\\\/\\\/www.bicyrekkord.com\\\/fr\\\/#website\",\"url\":\"https:\\\/\\\/www.bicyrekkord.com\\\/fr\\\/\",\"name\":\"Repuestos para Veh\u00edculos El\u00e9ctricos | BICYREKKORD\",\"description\":\"L\u00edder en repuestos para veh\u00edculos el\u00e9ctricos\",\"publisher\":{\"@id\":\"https:\\\/\\\/www.bicyrekkord.com\\\/fr\\\/#organization\"},\"alternateName\":\"BICYREKKORD\",\"potentialAction\":[{\"@type\":\"SearchAction\",\"target\":{\"@type\":\"EntryPoint\",\"urlTemplate\":\"https:\\\/\\\/www.bicyrekkord.com\\\/fr\\\/?s={search_term_string}\"},\"query-input\":{\"@type\":\"PropertyValueSpecification\",\"valueRequired\":true,\"valueName\":\"search_term_string\"}}],\"inLanguage\":\"fr-FR\"},{\"@type\":\"Organization\",\"@id\":\"https:\\\/\\\/www.bicyrekkord.com\\\/fr\\\/#organization\",\"name\":\"BICYREKKORD\",\"alternateName\":\"L\u00edder en repuestos para veh\u00edculos el\u00e9ctricos\",\"url\":\"https:\\\/\\\/www.bicyrekkord.com\\\/fr\\\/\",\"logo\":{\"@type\":\"ImageObject\",\"inLanguage\":\"fr-FR\",\"@id\":\"https:\\\/\\\/www.bicyrekkord.com\\\/fr\\\/#\\\/schema\\\/logo\\\/image\\\/\",\"url\":\"https:\\\/\\\/www.bicyrekkord.com\\\/wp-content\\\/uploads\\\/2024\\\/05\\\/LOGO-BRK-12-1-scaled.png\",\"contentUrl\":\"https:\\\/\\\/www.bicyrekkord.com\\\/wp-content\\\/uploads\\\/2024\\\/05\\\/LOGO-BRK-12-1-scaled.png\",\"width\":2560,\"height\":726,\"caption\":\"BICYREKKORD\"},\"image\":{\"@id\":\"https:\\\/\\\/www.bicyrekkord.com\\\/fr\\\/#\\\/schema\\\/logo\\\/image\\\/\"},\"sameAs\":[\"https:\\\/\\\/www.facebook.com\\\/BicyRekkord\\\/\",\"https:\\\/\\\/x.com\\\/BICYREKKORD\",\"https:\\\/\\\/www.instagram.com\\\/bicyrekkord\\\/\",\"https:\\\/\\\/www.youtube.com\\\/@Bicyrekkord\"]}]}<\/script>\n<!-- \/ Yoast SEO plugin. -->","yoast_head_json":{"title":"Premium Rectangular Trunk, 45 Litres-Black | BICYREKKORD","robots":{"index":"index","follow":"follow","max-snippet":"max-snippet:-1","max-image-preview":"max-image-preview:large","max-video-preview":"max-video-preview:-1"},"canonical":"https:\/\/www.bicyrekkord.com\/fr\/producto\/45-litre-top-case-pour-velos-et-scooters-electriques-robuste-etanche-et-luxueux-copia-2\/","og_locale":"fr_FR","og_type":"article","og_title":"Premium Rectangular Trunk, 45 Litres-Black | BICYREKKORD","og_description":"Optimisez votre espace de chargement avec notre top case de 45 litres pour v\u00e9los et scooters \u00e9lectriques, fabriqu\u00e9 \u00e0 partir de mat\u00e9riaux tr\u00e8s r\u00e9sistants. Le corps de la botte est en ABS (Acrylonitrile Butadi\u00e8ne Styr\u00e8ne), un plastique rigide, l\u00e9ger et durable, tandis que la base est en PP (Polypropyl\u00e8ne), un mat\u00e9riau flexible et r\u00e9sistant aux chocs. Mesurant 31 cm de haut, 42 cm de large et 34 cm de profondeur, ce coffre offre un vaste espace de rangement pour les casques, les outils et les objets personnels. De plus, son int\u00e9rieur luxueux prot\u00e8ge vos effets personnels avec style et confort, ce qui est id\u00e9al pour les d\u00e9placements en ville ou les voyages d'affaires. Caract\u00e9ristiques principales :   Capacit\u00e9 de 45 litres   Fabriqu\u00e9 en ABS haute r\u00e9sistance avec support en PP   Int\u00e9rieur rembourr\u00e9 de luxe   Mat\u00e9riaux imperm\u00e9ables et r\u00e9sistants aux chocs   Verrouillage s\u00fbr et installation facile   Id\u00e9al pour les v\u00e9los et les motos \u00e9lectriques  Id\u00e9al pour les v\u00e9los \u00e9lectriques ou les scooters \u00e9lectriques. Combinez l'\u00e9l\u00e9gance, la force et la fonctionnalit\u00e9 dans votre mobilit\u00e9 quotidienne !","og_url":"https:\/\/www.bicyrekkord.com\/fr\/producto\/45-litre-top-case-pour-velos-et-scooters-electriques-robuste-etanche-et-luxueux-copia-2\/","og_site_name":"BICYREKKORD","article_publisher":"https:\/\/www.facebook.com\/BicyRekkord\/","article_modified_time":"2025-12-01T07:49:11+00:00","og_image":[{"width":875,"height":875,"url":"https:\/\/www.bicyrekkord.com\/wp-content\/uploads\/2025\/11\/Baul-Rectangular-Premium-45-Litros-Negro-1.webp","type":"image\/webp"}],"twitter_card":"summary_large_image","twitter_site":"@BICYREKKORD","schema":{"@context":"https:\/\/schema.org","@graph":[{"@type":"WebPage","@id":"https:\/\/www.bicyrekkord.com\/fr\/producto\/45-litre-top-case-pour-velos-et-scooters-electriques-robuste-etanche-et-luxueux-copia-2\/","url":"https:\/\/www.bicyrekkord.com\/fr\/producto\/45-litre-top-case-pour-velos-et-scooters-electriques-robuste-etanche-et-luxueux-copia-2\/","name":"Premium Rectangular Trunk, 45 Litres-Black | BICYREKKORD","isPartOf":{"@id":"https:\/\/www.bicyrekkord.com\/fr\/#website"},"primaryImageOfPage":{"@id":"https:\/\/www.bicyrekkord.com\/fr\/producto\/45-litre-top-case-pour-velos-et-scooters-electriques-robuste-etanche-et-luxueux-copia-2\/#primaryimage"},"image":{"@id":"https:\/\/www.bicyrekkord.com\/fr\/producto\/45-litre-top-case-pour-velos-et-scooters-electriques-robuste-etanche-et-luxueux-copia-2\/#primaryimage"},"thumbnailUrl":"https:\/\/www.bicyrekkord.com\/wp-content\/uploads\/2025\/11\/Baul-Rectangular-Premium-45-Litros-Negro-1.webp","datePublished":"2025-11-20T03:03:12+00:00","dateModified":"2025-12-01T07:49:11+00:00","breadcrumb":{"@id":"https:\/\/www.bicyrekkord.com\/fr\/producto\/45-litre-top-case-pour-velos-et-scooters-electriques-robuste-etanche-et-luxueux-copia-2\/#breadcrumb"},"inLanguage":"fr-FR","potentialAction":[{"@type":"ReadAction","target":["https:\/\/www.bicyrekkord.com\/fr\/producto\/45-litre-top-case-pour-velos-et-scooters-electriques-robuste-etanche-et-luxueux-copia-2\/"]}]},{"@type":"ImageObject","inLanguage":"fr-FR","@id":"https:\/\/www.bicyrekkord.com\/fr\/producto\/45-litre-top-case-pour-velos-et-scooters-electriques-robuste-etanche-et-luxueux-copia-2\/#primaryimage","url":"https:\/\/www.bicyrekkord.com\/wp-content\/uploads\/2025\/11\/Baul-Rectangular-Premium-45-Litros-Negro-1.webp","contentUrl":"https:\/\/www.bicyrekkord.com\/wp-content\/uploads\/2025\/11\/Baul-Rectangular-Premium-45-Litros-Negro-1.webp","width":875,"height":875},{"@type":"BreadcrumbList","@id":"https:\/\/www.bicyrekkord.com\/fr\/producto\/45-litre-top-case-pour-velos-et-scooters-electriques-robuste-etanche-et-luxueux-copia-2\/#breadcrumb","itemListElement":[{"@type":"ListItem","position":1,"name":"Accueil","item":"https:\/\/www.bicyrekkord.com\/fr\/accueil\/"},{"@type":"ListItem","position":2,"name":"Boutique","item":"https:\/\/www.bicyrekkord.com\/fr\/boutique\/"},{"@type":"ListItem","position":3,"name":"Premium Rectangular Trunk, 45 Litres-Black"}]},{"@type":"WebSite","@id":"https:\/\/www.bicyrekkord.com\/fr\/#website","url":"https:\/\/www.bicyrekkord.com\/fr\/","name":"Repuestos para Veh\u00edculos El\u00e9ctricos | BICYREKKORD","description":"L\u00edder en repuestos para veh\u00edculos el\u00e9ctricos","publisher":{"@id":"https:\/\/www.bicyrekkord.com\/fr\/#organization"},"alternateName":"BICYREKKORD","potentialAction":[{"@type":"SearchAction","target":{"@type":"EntryPoint","urlTemplate":"https:\/\/www.bicyrekkord.com\/fr\/?s={search_term_string}"},"query-input":{"@type":"PropertyValueSpecification","valueRequired":true,"valueName":"search_term_string"}}],"inLanguage":"fr-FR"},{"@type":"Organization","@id":"https:\/\/www.bicyrekkord.com\/fr\/#organization","name":"BICYREKKORD","alternateName":"L\u00edder en repuestos para veh\u00edculos el\u00e9ctricos","url":"https:\/\/www.bicyrekkord.com\/fr\/","logo":{"@type":"ImageObject","inLanguage":"fr-FR","@id":"https:\/\/www.bicyrekkord.com\/fr\/#\/schema\/logo\/image\/","url":"https:\/\/www.bicyrekkord.com\/wp-content\/uploads\/2024\/05\/LOGO-BRK-12-1-scaled.png","contentUrl":"https:\/\/www.bicyrekkord.com\/wp-content\/uploads\/2024\/05\/LOGO-BRK-12-1-scaled.png","width":2560,"height":726,"caption":"BICYREKKORD"},"image":{"@id":"https:\/\/www.bicyrekkord.com\/fr\/#\/schema\/logo\/image\/"},"sameAs":["https:\/\/www.facebook.com\/BicyRekkord\/","https:\/\/x.com\/BICYREKKORD","https:\/\/www.instagram.com\/bicyrekkord\/","https:\/\/www.youtube.com\/@Bicyrekkord"]}]}},"_links":{"self":[{"href":"https:\/\/www.bicyrekkord.com\/fr\/wp-json\/wp\/v2\/product\/239309","targetHints":{"allow":["GET"]}}],"collection":[{"href":"https:\/\/www.bicyrekkord.com\/fr\/wp-json\/wp\/v2\/product"}],"about":[{"href":"https:\/\/www.bicyrekkord.com\/fr\/wp-json\/wp\/v2\/types\/product"}],"replies":[{"embeddable":true,"href":"https:\/\/www.bicyrekkord.com\/fr\/wp-json\/wp\/v2\/comments?post=239309"}],"wp:featuredmedia":[{"embeddable":true,"href":"https:\/\/www.bicyrekkord.com\/fr\/wp-json\/wp\/v2\/media\/239314"}],"wp:attachment":[{"href":"https:\/\/www.bicyrekkord.com\/fr\/wp-json\/wp\/v2\/media?parent=239309"}],"wp:term":[{"taxonomy":"product_brand","embeddable":true,"href":"https:\/\/www.bicyrekkord.com\/fr\/wp-json\/wp\/v2\/product_brand?post=239309"},{"taxonomy":"product_cat","embeddable":true,"href":"https:\/\/www.bicyrekkord.com\/fr\/wp-json\/wp\/v2\/product_cat?post=239309"},{"taxonomy":"product_tag","embeddable":true,"href":"https:\/\/www.bicyrekkord.com\/fr\/wp-json\/wp\/v2\/product_tag?post=239309"}],"curies":[{"name":"wp","href":"https:\/\/api.w.org\/{rel}","templated":true}]}}