{"id":239354,"date":"2025-12-02T17:53:21","date_gmt":"2025-12-02T22:53:21","guid":{"rendered":"https:\/\/www.bicyrekkord.com\/?post_type=product&#038;p=239354"},"modified":"2025-12-02T18:02:21","modified_gmt":"2025-12-02T23:02:21","slug":"housse-de-pluie-2-en-1-motard-et-petite-moto-copia-2","status":"publish","type":"product","link":"https:\/\/www.bicyrekkord.com\/fr\/producto\/housse-de-pluie-2-en-1-motard-et-petite-moto-copia-2\/","title":{"rendered":"Pyjama imperm\u00e9able pour petite moto \u00e9lectrique"},"content":{"rendered":"","protected":false},"excerpt":{"rendered":"<h3 data-start=\"170\" data-end=\"263\"><strong data-start=\"174\" data-end=\"263\">Pyjama imperm\u00e9able pour petite moto \u00e9lectrique &#8211; Protection totale contre la pluie et le soleil<\/strong><\/h3>\n<p data-start=\"265\" data-end=\"635\">Prot\u00e9gez votre petit scooter \u00e9lectrique de la pluie, du soleil et de la poussi\u00e8re gr\u00e2ce \u00e0 ce pyjama imperm\u00e9able l\u00e9ger et durable. Son mat\u00e9riau hydrofuge emp\u00eache les fuites et garde le v\u00e9hicule au sec m\u00eame en cas de forte pluie. Il poss\u00e8de deux &#8220;oreilles&#8221; sup\u00e9rieures con\u00e7ues pour faciliter la couverture du guidon, ce qui permet un montage plus stable et plus complet sur le v\u00e9hicule.<\/p>\n<p data-start=\"637\" data-end=\"869\">Il est id\u00e9al pour ceux qui se garent \u00e0 l&#8217;ext\u00e9rieur, dans des garages ouverts ou dans des espaces o\u00f9 le v\u00e9lo est expos\u00e9 aux intemp\u00e9ries. Il contribue \u00e9galement \u00e0 pr\u00e9venir l&#8217;usure pr\u00e9matur\u00e9e de la peinture, des si\u00e8ges et des composants \u00e9lectriques caus\u00e9e par l&#8217;humidit\u00e9 ou les rayons UV.<\/p>\n<h2 data-start=\"871\" data-end=\"905\"><strong data-start=\"874\" data-end=\"905\">Caract\u00e9ristiques principales<\/strong><\/h2>\n<p data-start=\"907\" data-end=\"1325\">Imperm\u00e9able et r\u00e9sistant \u00e0 l&#8217;eau, id\u00e9al pour les fortes pluies.<br data-start=\"969\" data-end=\"972\">\u2705 Conception sp\u00e9ciale pour les <strong data-start=\"995\" data-end=\"1024\">petites motos \u00e9lectriques<\/strong>.<br data-start=\"1025\" data-end=\"1028\">\u2705 Mat\u00e9riau l\u00e9ger et durable, facile \u00e0 plier et \u00e0 ranger.<br data-start=\"1083\" data-end=\"1086\">\u2705 Couverture compl\u00e8te du v\u00e9hicule (guidon, selle et c\u00f4t\u00e9s).<br data-start=\"1151\" data-end=\"1154\">\u2705 Prot\u00e8ge contre le soleil, la poussi\u00e8re, l&#8217;humidit\u00e9 et la salet\u00e9.<br data-start=\"1202\" data-end=\"1205\">\u2705 Parfait pour les parkings publics, l&#8217;ext\u00e9rieur et l&#8217;utilisation quotidienne.<br data-start=\"1268\" data-end=\"1271\" data-is-only-node=\"\">\u2705 Facile \u00e0 ajuster pour une couverture et un retrait rapides.<\/p>\n","protected":false},"featured_media":239362,"comment_status":"open","ping_status":"closed","template":"","meta":[],"product_brand":[],"product_cat":[113],"product_tag":[],"class_list":{"0":"post-239354","1":"product","2":"type-product","3":"status-publish","4":"has-post-thumbnail","6":"product_cat-divers","8":"first","9":"instock","10":"shipping-taxable","11":"purchasable","12":"product-type-simple"},"yoast_head":"<!-- This site is optimized with the Yoast SEO plugin v27.4 - https:\/\/yoast.com\/product\/yoast-seo-wordpress\/ -->\n<title>Pyjama imperm\u00e9able pour petite moto \u00e9lectrique | BICYREKKORD<\/title>\n<meta name=\"robots\" content=\"index, follow, max-snippet:-1, max-image-preview:large, max-video-preview:-1\" \/>\n<link rel=\"canonical\" href=\"https:\/\/www.bicyrekkord.com\/fr\/producto\/housse-de-pluie-2-en-1-motard-et-petite-moto-copia-2\/\" \/>\n<meta property=\"og:locale\" content=\"fr_FR\" \/>\n<meta property=\"og:type\" content=\"article\" \/>\n<meta property=\"og:title\" content=\"Pyjama imperm\u00e9able pour petite moto \u00e9lectrique | BICYREKKORD\" \/>\n<meta property=\"og:description\" content=\"Pyjama imperm\u00e9able pour petite moto \u00e9lectrique - Protection totale contre la pluie et le soleil Prot\u00e9gez votre petit scooter \u00e9lectrique de la pluie, du soleil et de la poussi\u00e8re gr\u00e2ce \u00e0 ce pyjama imperm\u00e9able l\u00e9ger et durable. Son mat\u00e9riau hydrofuge emp\u00eache les fuites et garde le v\u00e9hicule au sec m\u00eame en cas de forte pluie. Il poss\u00e8de deux &quot;oreilles&quot; sup\u00e9rieures con\u00e7ues pour faciliter la couverture du guidon, ce qui permet un montage plus stable et plus complet sur le v\u00e9hicule. Il est id\u00e9al pour ceux qui se garent \u00e0 l&#039;ext\u00e9rieur, dans des garages ouverts ou dans des espaces o\u00f9 le v\u00e9lo est expos\u00e9 aux intemp\u00e9ries. Il contribue \u00e9galement \u00e0 pr\u00e9venir l&#039;usure pr\u00e9matur\u00e9e de la peinture, des si\u00e8ges et des composants \u00e9lectriques caus\u00e9e par l&#039;humidit\u00e9 ou les rayons UV. Caract\u00e9ristiques principales Imperm\u00e9able et r\u00e9sistant \u00e0 l&#039;eau, id\u00e9al pour les fortes pluies.\u2705 Conception sp\u00e9ciale pour les petites motos \u00e9lectriques.\u2705 Mat\u00e9riau l\u00e9ger et durable, facile \u00e0 plier et \u00e0 ranger.\u2705 Couverture compl\u00e8te du v\u00e9hicule (guidon, selle et c\u00f4t\u00e9s).\u2705 Prot\u00e8ge contre le soleil, la poussi\u00e8re, l&#039;humidit\u00e9 et la salet\u00e9.\u2705 Parfait pour les parkings publics, l&#039;ext\u00e9rieur et l&#039;utilisation quotidienne.\u2705 Facile \u00e0 ajuster pour une couverture et un retrait rapides.\" \/>\n<meta property=\"og:url\" content=\"https:\/\/www.bicyrekkord.com\/fr\/producto\/housse-de-pluie-2-en-1-motard-et-petite-moto-copia-2\/\" \/>\n<meta property=\"og:site_name\" content=\"BICYREKKORD\" \/>\n<meta property=\"article:publisher\" content=\"https:\/\/www.facebook.com\/BicyRekkord\/\" \/>\n<meta property=\"article:modified_time\" content=\"2025-12-02T23:02:21+00:00\" \/>\n<meta property=\"og:image\" content=\"https:\/\/www.bicyrekkord.com\/wp-content\/uploads\/2025\/12\/Pijama-Impermeable-para-Moto-Electrica-Pequena-2.webp\" \/>\n\t<meta property=\"og:image:width\" content=\"875\" \/>\n\t<meta property=\"og:image:height\" content=\"875\" \/>\n\t<meta property=\"og:image:type\" content=\"image\/webp\" \/>\n<meta name=\"twitter:card\" content=\"summary_large_image\" \/>\n<meta name=\"twitter:site\" content=\"@BICYREKKORD\" \/>\n<script type=\"application\/ld+json\" class=\"yoast-schema-graph\">{\"@context\":\"https:\\\/\\\/schema.org\",\"@graph\":[{\"@type\":\"WebPage\",\"@id\":\"https:\\\/\\\/www.bicyrekkord.com\\\/fr\\\/producto\\\/housse-de-pluie-2-en-1-motard-et-petite-moto-copia-2\\\/\",\"url\":\"https:\\\/\\\/www.bicyrekkord.com\\\/fr\\\/producto\\\/housse-de-pluie-2-en-1-motard-et-petite-moto-copia-2\\\/\",\"name\":\"Pyjama imperm\u00e9able pour petite moto \u00e9lectrique | BICYREKKORD\",\"isPartOf\":{\"@id\":\"https:\\\/\\\/www.bicyrekkord.com\\\/fr\\\/#website\"},\"primaryImageOfPage\":{\"@id\":\"https:\\\/\\\/www.bicyrekkord.com\\\/fr\\\/producto\\\/housse-de-pluie-2-en-1-motard-et-petite-moto-copia-2\\\/#primaryimage\"},\"image\":{\"@id\":\"https:\\\/\\\/www.bicyrekkord.com\\\/fr\\\/producto\\\/housse-de-pluie-2-en-1-motard-et-petite-moto-copia-2\\\/#primaryimage\"},\"thumbnailUrl\":\"https:\\\/\\\/www.bicyrekkord.com\\\/wp-content\\\/uploads\\\/2025\\\/12\\\/Pijama-Impermeable-para-Moto-Electrica-Pequena-2.webp\",\"datePublished\":\"2025-12-02T22:53:21+00:00\",\"dateModified\":\"2025-12-02T23:02:21+00:00\",\"breadcrumb\":{\"@id\":\"https:\\\/\\\/www.bicyrekkord.com\\\/fr\\\/producto\\\/housse-de-pluie-2-en-1-motard-et-petite-moto-copia-2\\\/#breadcrumb\"},\"inLanguage\":\"fr-FR\",\"potentialAction\":[{\"@type\":\"ReadAction\",\"target\":[\"https:\\\/\\\/www.bicyrekkord.com\\\/fr\\\/producto\\\/housse-de-pluie-2-en-1-motard-et-petite-moto-copia-2\\\/\"]}]},{\"@type\":\"ImageObject\",\"inLanguage\":\"fr-FR\",\"@id\":\"https:\\\/\\\/www.bicyrekkord.com\\\/fr\\\/producto\\\/housse-de-pluie-2-en-1-motard-et-petite-moto-copia-2\\\/#primaryimage\",\"url\":\"https:\\\/\\\/www.bicyrekkord.com\\\/wp-content\\\/uploads\\\/2025\\\/12\\\/Pijama-Impermeable-para-Moto-Electrica-Pequena-2.webp\",\"contentUrl\":\"https:\\\/\\\/www.bicyrekkord.com\\\/wp-content\\\/uploads\\\/2025\\\/12\\\/Pijama-Impermeable-para-Moto-Electrica-Pequena-2.webp\",\"width\":875,\"height\":875},{\"@type\":\"BreadcrumbList\",\"@id\":\"https:\\\/\\\/www.bicyrekkord.com\\\/fr\\\/producto\\\/housse-de-pluie-2-en-1-motard-et-petite-moto-copia-2\\\/#breadcrumb\",\"itemListElement\":[{\"@type\":\"ListItem\",\"position\":1,\"name\":\"Accueil\",\"item\":\"https:\\\/\\\/www.bicyrekkord.com\\\/fr\\\/accueil\\\/\"},{\"@type\":\"ListItem\",\"position\":2,\"name\":\"Boutique\",\"item\":\"https:\\\/\\\/www.bicyrekkord.com\\\/fr\\\/boutique\\\/\"},{\"@type\":\"ListItem\",\"position\":3,\"name\":\"Pyjama imperm\u00e9able pour petite moto \u00e9lectrique\"}]},{\"@type\":\"WebSite\",\"@id\":\"https:\\\/\\\/www.bicyrekkord.com\\\/fr\\\/#website\",\"url\":\"https:\\\/\\\/www.bicyrekkord.com\\\/fr\\\/\",\"name\":\"Repuestos para Veh\u00edculos El\u00e9ctricos | BICYREKKORD\",\"description\":\"L\u00edder en repuestos para veh\u00edculos el\u00e9ctricos\",\"publisher\":{\"@id\":\"https:\\\/\\\/www.bicyrekkord.com\\\/fr\\\/#organization\"},\"alternateName\":\"BICYREKKORD\",\"potentialAction\":[{\"@type\":\"SearchAction\",\"target\":{\"@type\":\"EntryPoint\",\"urlTemplate\":\"https:\\\/\\\/www.bicyrekkord.com\\\/fr\\\/?s={search_term_string}\"},\"query-input\":{\"@type\":\"PropertyValueSpecification\",\"valueRequired\":true,\"valueName\":\"search_term_string\"}}],\"inLanguage\":\"fr-FR\"},{\"@type\":\"Organization\",\"@id\":\"https:\\\/\\\/www.bicyrekkord.com\\\/fr\\\/#organization\",\"name\":\"BICYREKKORD\",\"alternateName\":\"L\u00edder en repuestos para veh\u00edculos el\u00e9ctricos\",\"url\":\"https:\\\/\\\/www.bicyrekkord.com\\\/fr\\\/\",\"logo\":{\"@type\":\"ImageObject\",\"inLanguage\":\"fr-FR\",\"@id\":\"https:\\\/\\\/www.bicyrekkord.com\\\/fr\\\/#\\\/schema\\\/logo\\\/image\\\/\",\"url\":\"https:\\\/\\\/www.bicyrekkord.com\\\/wp-content\\\/uploads\\\/2024\\\/05\\\/LOGO-BRK-12-1-scaled.png\",\"contentUrl\":\"https:\\\/\\\/www.bicyrekkord.com\\\/wp-content\\\/uploads\\\/2024\\\/05\\\/LOGO-BRK-12-1-scaled.png\",\"width\":2560,\"height\":726,\"caption\":\"BICYREKKORD\"},\"image\":{\"@id\":\"https:\\\/\\\/www.bicyrekkord.com\\\/fr\\\/#\\\/schema\\\/logo\\\/image\\\/\"},\"sameAs\":[\"https:\\\/\\\/www.facebook.com\\\/BicyRekkord\\\/\",\"https:\\\/\\\/x.com\\\/BICYREKKORD\",\"https:\\\/\\\/www.instagram.com\\\/bicyrekkord\\\/\",\"https:\\\/\\\/www.youtube.com\\\/@Bicyrekkord\"]}]}<\/script>\n<!-- \/ Yoast SEO plugin. -->","yoast_head_json":{"title":"Pyjama imperm\u00e9able pour petite moto \u00e9lectrique | BICYREKKORD","robots":{"index":"index","follow":"follow","max-snippet":"max-snippet:-1","max-image-preview":"max-image-preview:large","max-video-preview":"max-video-preview:-1"},"canonical":"https:\/\/www.bicyrekkord.com\/fr\/producto\/housse-de-pluie-2-en-1-motard-et-petite-moto-copia-2\/","og_locale":"fr_FR","og_type":"article","og_title":"Pyjama imperm\u00e9able pour petite moto \u00e9lectrique | BICYREKKORD","og_description":"Pyjama imperm\u00e9able pour petite moto \u00e9lectrique - Protection totale contre la pluie et le soleil Prot\u00e9gez votre petit scooter \u00e9lectrique de la pluie, du soleil et de la poussi\u00e8re gr\u00e2ce \u00e0 ce pyjama imperm\u00e9able l\u00e9ger et durable. Son mat\u00e9riau hydrofuge emp\u00eache les fuites et garde le v\u00e9hicule au sec m\u00eame en cas de forte pluie. Il poss\u00e8de deux \"oreilles\" sup\u00e9rieures con\u00e7ues pour faciliter la couverture du guidon, ce qui permet un montage plus stable et plus complet sur le v\u00e9hicule. Il est id\u00e9al pour ceux qui se garent \u00e0 l'ext\u00e9rieur, dans des garages ouverts ou dans des espaces o\u00f9 le v\u00e9lo est expos\u00e9 aux intemp\u00e9ries. Il contribue \u00e9galement \u00e0 pr\u00e9venir l'usure pr\u00e9matur\u00e9e de la peinture, des si\u00e8ges et des composants \u00e9lectriques caus\u00e9e par l'humidit\u00e9 ou les rayons UV. Caract\u00e9ristiques principales Imperm\u00e9able et r\u00e9sistant \u00e0 l'eau, id\u00e9al pour les fortes pluies.\u2705 Conception sp\u00e9ciale pour les petites motos \u00e9lectriques.\u2705 Mat\u00e9riau l\u00e9ger et durable, facile \u00e0 plier et \u00e0 ranger.\u2705 Couverture compl\u00e8te du v\u00e9hicule (guidon, selle et c\u00f4t\u00e9s).\u2705 Prot\u00e8ge contre le soleil, la poussi\u00e8re, l'humidit\u00e9 et la salet\u00e9.\u2705 Parfait pour les parkings publics, l'ext\u00e9rieur et l'utilisation quotidienne.\u2705 Facile \u00e0 ajuster pour une couverture et un retrait rapides.","og_url":"https:\/\/www.bicyrekkord.com\/fr\/producto\/housse-de-pluie-2-en-1-motard-et-petite-moto-copia-2\/","og_site_name":"BICYREKKORD","article_publisher":"https:\/\/www.facebook.com\/BicyRekkord\/","article_modified_time":"2025-12-02T23:02:21+00:00","og_image":[{"width":875,"height":875,"url":"https:\/\/www.bicyrekkord.com\/wp-content\/uploads\/2025\/12\/Pijama-Impermeable-para-Moto-Electrica-Pequena-2.webp","type":"image\/webp"}],"twitter_card":"summary_large_image","twitter_site":"@BICYREKKORD","schema":{"@context":"https:\/\/schema.org","@graph":[{"@type":"WebPage","@id":"https:\/\/www.bicyrekkord.com\/fr\/producto\/housse-de-pluie-2-en-1-motard-et-petite-moto-copia-2\/","url":"https:\/\/www.bicyrekkord.com\/fr\/producto\/housse-de-pluie-2-en-1-motard-et-petite-moto-copia-2\/","name":"Pyjama imperm\u00e9able pour petite moto \u00e9lectrique | BICYREKKORD","isPartOf":{"@id":"https:\/\/www.bicyrekkord.com\/fr\/#website"},"primaryImageOfPage":{"@id":"https:\/\/www.bicyrekkord.com\/fr\/producto\/housse-de-pluie-2-en-1-motard-et-petite-moto-copia-2\/#primaryimage"},"image":{"@id":"https:\/\/www.bicyrekkord.com\/fr\/producto\/housse-de-pluie-2-en-1-motard-et-petite-moto-copia-2\/#primaryimage"},"thumbnailUrl":"https:\/\/www.bicyrekkord.com\/wp-content\/uploads\/2025\/12\/Pijama-Impermeable-para-Moto-Electrica-Pequena-2.webp","datePublished":"2025-12-02T22:53:21+00:00","dateModified":"2025-12-02T23:02:21+00:00","breadcrumb":{"@id":"https:\/\/www.bicyrekkord.com\/fr\/producto\/housse-de-pluie-2-en-1-motard-et-petite-moto-copia-2\/#breadcrumb"},"inLanguage":"fr-FR","potentialAction":[{"@type":"ReadAction","target":["https:\/\/www.bicyrekkord.com\/fr\/producto\/housse-de-pluie-2-en-1-motard-et-petite-moto-copia-2\/"]}]},{"@type":"ImageObject","inLanguage":"fr-FR","@id":"https:\/\/www.bicyrekkord.com\/fr\/producto\/housse-de-pluie-2-en-1-motard-et-petite-moto-copia-2\/#primaryimage","url":"https:\/\/www.bicyrekkord.com\/wp-content\/uploads\/2025\/12\/Pijama-Impermeable-para-Moto-Electrica-Pequena-2.webp","contentUrl":"https:\/\/www.bicyrekkord.com\/wp-content\/uploads\/2025\/12\/Pijama-Impermeable-para-Moto-Electrica-Pequena-2.webp","width":875,"height":875},{"@type":"BreadcrumbList","@id":"https:\/\/www.bicyrekkord.com\/fr\/producto\/housse-de-pluie-2-en-1-motard-et-petite-moto-copia-2\/#breadcrumb","itemListElement":[{"@type":"ListItem","position":1,"name":"Accueil","item":"https:\/\/www.bicyrekkord.com\/fr\/accueil\/"},{"@type":"ListItem","position":2,"name":"Boutique","item":"https:\/\/www.bicyrekkord.com\/fr\/boutique\/"},{"@type":"ListItem","position":3,"name":"Pyjama imperm\u00e9able pour petite moto \u00e9lectrique"}]},{"@type":"WebSite","@id":"https:\/\/www.bicyrekkord.com\/fr\/#website","url":"https:\/\/www.bicyrekkord.com\/fr\/","name":"Repuestos para Veh\u00edculos El\u00e9ctricos | BICYREKKORD","description":"L\u00edder en repuestos para veh\u00edculos el\u00e9ctricos","publisher":{"@id":"https:\/\/www.bicyrekkord.com\/fr\/#organization"},"alternateName":"BICYREKKORD","potentialAction":[{"@type":"SearchAction","target":{"@type":"EntryPoint","urlTemplate":"https:\/\/www.bicyrekkord.com\/fr\/?s={search_term_string}"},"query-input":{"@type":"PropertyValueSpecification","valueRequired":true,"valueName":"search_term_string"}}],"inLanguage":"fr-FR"},{"@type":"Organization","@id":"https:\/\/www.bicyrekkord.com\/fr\/#organization","name":"BICYREKKORD","alternateName":"L\u00edder en repuestos para veh\u00edculos el\u00e9ctricos","url":"https:\/\/www.bicyrekkord.com\/fr\/","logo":{"@type":"ImageObject","inLanguage":"fr-FR","@id":"https:\/\/www.bicyrekkord.com\/fr\/#\/schema\/logo\/image\/","url":"https:\/\/www.bicyrekkord.com\/wp-content\/uploads\/2024\/05\/LOGO-BRK-12-1-scaled.png","contentUrl":"https:\/\/www.bicyrekkord.com\/wp-content\/uploads\/2024\/05\/LOGO-BRK-12-1-scaled.png","width":2560,"height":726,"caption":"BICYREKKORD"},"image":{"@id":"https:\/\/www.bicyrekkord.com\/fr\/#\/schema\/logo\/image\/"},"sameAs":["https:\/\/www.facebook.com\/BicyRekkord\/","https:\/\/x.com\/BICYREKKORD","https:\/\/www.instagram.com\/bicyrekkord\/","https:\/\/www.youtube.com\/@Bicyrekkord"]}]}},"_links":{"self":[{"href":"https:\/\/www.bicyrekkord.com\/fr\/wp-json\/wp\/v2\/product\/239354","targetHints":{"allow":["GET"]}}],"collection":[{"href":"https:\/\/www.bicyrekkord.com\/fr\/wp-json\/wp\/v2\/product"}],"about":[{"href":"https:\/\/www.bicyrekkord.com\/fr\/wp-json\/wp\/v2\/types\/product"}],"replies":[{"embeddable":true,"href":"https:\/\/www.bicyrekkord.com\/fr\/wp-json\/wp\/v2\/comments?post=239354"}],"wp:featuredmedia":[{"embeddable":true,"href":"https:\/\/www.bicyrekkord.com\/fr\/wp-json\/wp\/v2\/media\/239362"}],"wp:attachment":[{"href":"https:\/\/www.bicyrekkord.com\/fr\/wp-json\/wp\/v2\/media?parent=239354"}],"wp:term":[{"taxonomy":"product_brand","embeddable":true,"href":"https:\/\/www.bicyrekkord.com\/fr\/wp-json\/wp\/v2\/product_brand?post=239354"},{"taxonomy":"product_cat","embeddable":true,"href":"https:\/\/www.bicyrekkord.com\/fr\/wp-json\/wp\/v2\/product_cat?post=239354"},{"taxonomy":"product_tag","embeddable":true,"href":"https:\/\/www.bicyrekkord.com\/fr\/wp-json\/wp\/v2\/product_tag?post=239354"}],"curies":[{"name":"wp","href":"https:\/\/api.w.org\/{rel}","templated":true}]}}