{"id":239493,"date":"2026-02-06T15:01:53","date_gmt":"2026-02-06T20:01:53","guid":{"rendered":"https:\/\/www.bicyrekkord.com\/producto\/miroirs-circulaires-chromes-a-filetage-8\/"},"modified":"2026-02-06T15:01:53","modified_gmt":"2026-02-06T20:01:53","slug":"miroirs-circulaires-chromes-a-filetage-8","status":"publish","type":"product","link":"https:\/\/www.bicyrekkord.com\/fr\/producto\/miroirs-circulaires-chromes-a-filetage-8\/","title":{"rendered":"Miroirs circulaires chrom\u00e9s \u00e0 filetage &#8220;8"},"content":{"rendered":"<p>Miroirs circulaires chrom\u00e9s \u00e0 filetage &#8220;8<\/p>\n","protected":false},"excerpt":{"rendered":"<p>Miroirs circulaires chrom\u00e9s \u00e0 filetage &#8220;8<\/p>\n<p><img decoding=\"async\" class=\"alignnone size-full wp-image-239486\" src=\"https:\/\/www.bicyrekkord.com\/wp-content\/uploads\/2026\/02\/Espejos-Circulares-Rosca-8-Cromados.png\" alt=\"\" width=\"250\" height=\"122\"><\/p>\n","protected":false},"featured_media":0,"comment_status":"closed","ping_status":"closed","template":"","meta":[],"product_brand":[],"product_cat":[113],"product_tag":[],"class_list":{"0":"post-239493","1":"product","2":"type-product","3":"status-publish","5":"product_cat-divers","7":"first","8":"instock","9":"shipping-taxable","10":"purchasable","11":"product-type-simple"},"yoast_head":"<!-- This site is optimized with the Yoast SEO plugin v27.4 - https:\/\/yoast.com\/product\/yoast-seo-wordpress\/ -->\n<title>Miroirs circulaires chrom\u00e9s \u00e0 filetage &quot;8 | BICYREKKORD<\/title>\n<meta name=\"description\" content=\"Miroirs circulaires chrom\u00e9s \u00e0 filetage &quot;8\" \/>\n<meta name=\"robots\" content=\"index, follow, max-snippet:-1, max-image-preview:large, max-video-preview:-1\" \/>\n<link rel=\"canonical\" href=\"https:\/\/www.bicyrekkord.com\/fr\/producto\/miroirs-circulaires-chromes-a-filetage-8\/\" \/>\n<meta property=\"og:locale\" content=\"fr_FR\" \/>\n<meta property=\"og:type\" content=\"article\" \/>\n<meta property=\"og:title\" content=\"Miroirs circulaires chrom\u00e9s \u00e0 filetage &quot;8 | BICYREKKORD\" \/>\n<meta property=\"og:description\" content=\"Miroirs circulaires chrom\u00e9s \u00e0 filetage &quot;8\" \/>\n<meta property=\"og:url\" content=\"https:\/\/www.bicyrekkord.com\/fr\/producto\/miroirs-circulaires-chromes-a-filetage-8\/\" \/>\n<meta property=\"og:site_name\" content=\"BICYREKKORD\" \/>\n<meta property=\"article:publisher\" content=\"https:\/\/www.facebook.com\/BicyRekkord\/\" \/>\n<meta property=\"og:image\" content=\"https:\/\/www.bicyrekkord.com\/wp-content\/uploads\/2024\/05\/LOGO-Original.png\" \/>\n\t<meta property=\"og:image:width\" content=\"1600\" \/>\n\t<meta property=\"og:image:height\" content=\"743\" \/>\n\t<meta property=\"og:image:type\" content=\"image\/png\" \/>\n<meta name=\"twitter:card\" content=\"summary_large_image\" \/>\n<meta name=\"twitter:site\" content=\"@BICYREKKORD\" \/>\n<script type=\"application\/ld+json\" class=\"yoast-schema-graph\">{\"@context\":\"https:\\\/\\\/schema.org\",\"@graph\":[{\"@type\":\"WebPage\",\"@id\":\"https:\\\/\\\/www.bicyrekkord.com\\\/fr\\\/producto\\\/miroirs-circulaires-chromes-a-filetage-8\\\/\",\"url\":\"https:\\\/\\\/www.bicyrekkord.com\\\/fr\\\/producto\\\/miroirs-circulaires-chromes-a-filetage-8\\\/\",\"name\":\"Miroirs circulaires chrom\u00e9s \u00e0 filetage \\\"8 | BICYREKKORD\",\"isPartOf\":{\"@id\":\"https:\\\/\\\/www.bicyrekkord.com\\\/fr\\\/#website\"},\"datePublished\":\"2026-02-06T20:01:53+00:00\",\"description\":\"Miroirs circulaires chrom\u00e9s \u00e0 filetage \\\"8\",\"breadcrumb\":{\"@id\":\"https:\\\/\\\/www.bicyrekkord.com\\\/fr\\\/producto\\\/miroirs-circulaires-chromes-a-filetage-8\\\/#breadcrumb\"},\"inLanguage\":\"fr-FR\",\"potentialAction\":[{\"@type\":\"ReadAction\",\"target\":[\"https:\\\/\\\/www.bicyrekkord.com\\\/fr\\\/producto\\\/miroirs-circulaires-chromes-a-filetage-8\\\/\"]}]},{\"@type\":\"BreadcrumbList\",\"@id\":\"https:\\\/\\\/www.bicyrekkord.com\\\/fr\\\/producto\\\/miroirs-circulaires-chromes-a-filetage-8\\\/#breadcrumb\",\"itemListElement\":[{\"@type\":\"ListItem\",\"position\":1,\"name\":\"Accueil\",\"item\":\"https:\\\/\\\/www.bicyrekkord.com\\\/fr\\\/accueil\\\/\"},{\"@type\":\"ListItem\",\"position\":2,\"name\":\"Boutique\",\"item\":\"https:\\\/\\\/www.bicyrekkord.com\\\/fr\\\/boutique\\\/\"},{\"@type\":\"ListItem\",\"position\":3,\"name\":\"Miroirs circulaires chrom\u00e9s \u00e0 filetage &#8220;8\"}]},{\"@type\":\"WebSite\",\"@id\":\"https:\\\/\\\/www.bicyrekkord.com\\\/fr\\\/#website\",\"url\":\"https:\\\/\\\/www.bicyrekkord.com\\\/fr\\\/\",\"name\":\"Repuestos para Veh\u00edculos El\u00e9ctricos | BICYREKKORD\",\"description\":\"L\u00edder en repuestos para veh\u00edculos el\u00e9ctricos\",\"publisher\":{\"@id\":\"https:\\\/\\\/www.bicyrekkord.com\\\/fr\\\/#organization\"},\"alternateName\":\"BICYREKKORD\",\"potentialAction\":[{\"@type\":\"SearchAction\",\"target\":{\"@type\":\"EntryPoint\",\"urlTemplate\":\"https:\\\/\\\/www.bicyrekkord.com\\\/fr\\\/?s={search_term_string}\"},\"query-input\":{\"@type\":\"PropertyValueSpecification\",\"valueRequired\":true,\"valueName\":\"search_term_string\"}}],\"inLanguage\":\"fr-FR\"},{\"@type\":\"Organization\",\"@id\":\"https:\\\/\\\/www.bicyrekkord.com\\\/fr\\\/#organization\",\"name\":\"BICYREKKORD\",\"alternateName\":\"L\u00edder en repuestos para veh\u00edculos el\u00e9ctricos\",\"url\":\"https:\\\/\\\/www.bicyrekkord.com\\\/fr\\\/\",\"logo\":{\"@type\":\"ImageObject\",\"inLanguage\":\"fr-FR\",\"@id\":\"https:\\\/\\\/www.bicyrekkord.com\\\/fr\\\/#\\\/schema\\\/logo\\\/image\\\/\",\"url\":\"https:\\\/\\\/www.bicyrekkord.com\\\/wp-content\\\/uploads\\\/2024\\\/05\\\/LOGO-BRK-12-1-scaled.png\",\"contentUrl\":\"https:\\\/\\\/www.bicyrekkord.com\\\/wp-content\\\/uploads\\\/2024\\\/05\\\/LOGO-BRK-12-1-scaled.png\",\"width\":2560,\"height\":726,\"caption\":\"BICYREKKORD\"},\"image\":{\"@id\":\"https:\\\/\\\/www.bicyrekkord.com\\\/fr\\\/#\\\/schema\\\/logo\\\/image\\\/\"},\"sameAs\":[\"https:\\\/\\\/www.facebook.com\\\/BicyRekkord\\\/\",\"https:\\\/\\\/x.com\\\/BICYREKKORD\",\"https:\\\/\\\/www.instagram.com\\\/bicyrekkord\\\/\",\"https:\\\/\\\/www.youtube.com\\\/@Bicyrekkord\"]}]}<\/script>\n<!-- \/ Yoast SEO plugin. -->","yoast_head_json":{"title":"Miroirs circulaires chrom\u00e9s \u00e0 filetage \"8 | BICYREKKORD","description":"Miroirs circulaires chrom\u00e9s \u00e0 filetage \"8","robots":{"index":"index","follow":"follow","max-snippet":"max-snippet:-1","max-image-preview":"max-image-preview:large","max-video-preview":"max-video-preview:-1"},"canonical":"https:\/\/www.bicyrekkord.com\/fr\/producto\/miroirs-circulaires-chromes-a-filetage-8\/","og_locale":"fr_FR","og_type":"article","og_title":"Miroirs circulaires chrom\u00e9s \u00e0 filetage \"8 | BICYREKKORD","og_description":"Miroirs circulaires chrom\u00e9s \u00e0 filetage \"8","og_url":"https:\/\/www.bicyrekkord.com\/fr\/producto\/miroirs-circulaires-chromes-a-filetage-8\/","og_site_name":"BICYREKKORD","article_publisher":"https:\/\/www.facebook.com\/BicyRekkord\/","og_image":[{"width":1600,"height":743,"url":"https:\/\/www.bicyrekkord.com\/wp-content\/uploads\/2024\/05\/LOGO-Original.png","type":"image\/png"}],"twitter_card":"summary_large_image","twitter_site":"@BICYREKKORD","schema":{"@context":"https:\/\/schema.org","@graph":[{"@type":"WebPage","@id":"https:\/\/www.bicyrekkord.com\/fr\/producto\/miroirs-circulaires-chromes-a-filetage-8\/","url":"https:\/\/www.bicyrekkord.com\/fr\/producto\/miroirs-circulaires-chromes-a-filetage-8\/","name":"Miroirs circulaires chrom\u00e9s \u00e0 filetage \"8 | BICYREKKORD","isPartOf":{"@id":"https:\/\/www.bicyrekkord.com\/fr\/#website"},"datePublished":"2026-02-06T20:01:53+00:00","description":"Miroirs circulaires chrom\u00e9s \u00e0 filetage \"8","breadcrumb":{"@id":"https:\/\/www.bicyrekkord.com\/fr\/producto\/miroirs-circulaires-chromes-a-filetage-8\/#breadcrumb"},"inLanguage":"fr-FR","potentialAction":[{"@type":"ReadAction","target":["https:\/\/www.bicyrekkord.com\/fr\/producto\/miroirs-circulaires-chromes-a-filetage-8\/"]}]},{"@type":"BreadcrumbList","@id":"https:\/\/www.bicyrekkord.com\/fr\/producto\/miroirs-circulaires-chromes-a-filetage-8\/#breadcrumb","itemListElement":[{"@type":"ListItem","position":1,"name":"Accueil","item":"https:\/\/www.bicyrekkord.com\/fr\/accueil\/"},{"@type":"ListItem","position":2,"name":"Boutique","item":"https:\/\/www.bicyrekkord.com\/fr\/boutique\/"},{"@type":"ListItem","position":3,"name":"Miroirs circulaires chrom\u00e9s \u00e0 filetage &#8220;8"}]},{"@type":"WebSite","@id":"https:\/\/www.bicyrekkord.com\/fr\/#website","url":"https:\/\/www.bicyrekkord.com\/fr\/","name":"Repuestos para Veh\u00edculos El\u00e9ctricos | BICYREKKORD","description":"L\u00edder en repuestos para veh\u00edculos el\u00e9ctricos","publisher":{"@id":"https:\/\/www.bicyrekkord.com\/fr\/#organization"},"alternateName":"BICYREKKORD","potentialAction":[{"@type":"SearchAction","target":{"@type":"EntryPoint","urlTemplate":"https:\/\/www.bicyrekkord.com\/fr\/?s={search_term_string}"},"query-input":{"@type":"PropertyValueSpecification","valueRequired":true,"valueName":"search_term_string"}}],"inLanguage":"fr-FR"},{"@type":"Organization","@id":"https:\/\/www.bicyrekkord.com\/fr\/#organization","name":"BICYREKKORD","alternateName":"L\u00edder en repuestos para veh\u00edculos el\u00e9ctricos","url":"https:\/\/www.bicyrekkord.com\/fr\/","logo":{"@type":"ImageObject","inLanguage":"fr-FR","@id":"https:\/\/www.bicyrekkord.com\/fr\/#\/schema\/logo\/image\/","url":"https:\/\/www.bicyrekkord.com\/wp-content\/uploads\/2024\/05\/LOGO-BRK-12-1-scaled.png","contentUrl":"https:\/\/www.bicyrekkord.com\/wp-content\/uploads\/2024\/05\/LOGO-BRK-12-1-scaled.png","width":2560,"height":726,"caption":"BICYREKKORD"},"image":{"@id":"https:\/\/www.bicyrekkord.com\/fr\/#\/schema\/logo\/image\/"},"sameAs":["https:\/\/www.facebook.com\/BicyRekkord\/","https:\/\/x.com\/BICYREKKORD","https:\/\/www.instagram.com\/bicyrekkord\/","https:\/\/www.youtube.com\/@Bicyrekkord"]}]}},"_links":{"self":[{"href":"https:\/\/www.bicyrekkord.com\/fr\/wp-json\/wp\/v2\/product\/239493","targetHints":{"allow":["GET"]}}],"collection":[{"href":"https:\/\/www.bicyrekkord.com\/fr\/wp-json\/wp\/v2\/product"}],"about":[{"href":"https:\/\/www.bicyrekkord.com\/fr\/wp-json\/wp\/v2\/types\/product"}],"replies":[{"embeddable":true,"href":"https:\/\/www.bicyrekkord.com\/fr\/wp-json\/wp\/v2\/comments?post=239493"}],"wp:attachment":[{"href":"https:\/\/www.bicyrekkord.com\/fr\/wp-json\/wp\/v2\/media?parent=239493"}],"wp:term":[{"taxonomy":"product_brand","embeddable":true,"href":"https:\/\/www.bicyrekkord.com\/fr\/wp-json\/wp\/v2\/product_brand?post=239493"},{"taxonomy":"product_cat","embeddable":true,"href":"https:\/\/www.bicyrekkord.com\/fr\/wp-json\/wp\/v2\/product_cat?post=239493"},{"taxonomy":"product_tag","embeddable":true,"href":"https:\/\/www.bicyrekkord.com\/fr\/wp-json\/wp\/v2\/product_tag?post=239493"}],"curies":[{"name":"wp","href":"https:\/\/api.w.org\/{rel}","templated":true}]}}