{"id":239565,"date":"2026-03-03T20:23:03","date_gmt":"2026-03-04T01:23:03","guid":{"rendered":"https:\/\/www.bicyrekkord.com\/?post_type=product&#038;p=239565"},"modified":"2026-03-03T20:25:08","modified_gmt":"2026-03-04T01:25:08","slug":"chargeur-de-batterie-plomb-gel-48v-20a-etanche-non-submersible-copia-3","status":"publish","type":"product","link":"https:\/\/www.bicyrekkord.com\/fr\/producto\/chargeur-de-batterie-plomb-gel-48v-20a-etanche-non-submersible-copia-3\/","title":{"rendered":"Chargeur pour batterie plomb\/gel 72V-2,0A, \u00e9tanche (non submersible)"},"content":{"rendered":"","protected":false},"excerpt":{"rendered":"<p data-start=\"147\" data-end=\"480\">Le <strong data-start=\"150\" data-end=\"240\">chargeur de batterie 72V-2.0A pour batterie plomb-gel avec ventilateur, \u00e9tanche (non submersible)<\/strong> est con\u00e7u pour charger les batteries utilis\u00e9es dans les <strong data-start=\"295\" data-end=\"359\">v\u00e9hicules \u00e9lectriques l\u00e9gers \u00e0 mobilit\u00e9 personnelle (VELMPU<\/strong>), tels que les <strong data-start=\"366\" data-end=\"479\">v\u00e9los \u00e9lectriques, les scooters \u00e9lectriques, les skateboards \u00e9lectriques, les trottinettes \u00e9lectriques et d&#8217;autres v\u00e9hicules \u00e9lectriques personnels adapt\u00e9s \u00e0 la tension et \u00e0 l&#8217;amp\u00e9rage de ce chargeur.<\/strong><\/p>\n<p data-start=\"482\" data-end=\"733\">Fournit une sortie stable de 72V-2<strong>,0A<\/strong>, adapt\u00e9e aux syst\u00e8mes de batteries <strong data-start=\"562\" data-end=\"575\">GEL \/ AGM<\/strong> courants dans les v\u00e9hicules \u00e9lectriques urbains. Il int\u00e8gre un <strong data-start=\"628\" data-end=\"650\">ventilateur interne<\/strong> pour aider \u00e0 dissiper la chaleur pendant la charge et am\u00e9liorer la stabilit\u00e9 de l&#8217;\u00e9quipement. <\/p>\n<p data-start=\"735\" data-end=\"942\">Gr\u00e2ce \u00e0 ses <strong data-start=\"749\" data-end=\"773\">composants internes<\/strong>, le chargeur peut r\u00e9sister \u00e0 la <strong data-start=\"802\" data-end=\"835\">pluie et aux \u00e9claboussures d&#8217;eau<\/strong> et peut donc \u00eatre utilis\u00e9 \u00e0 l&#8217;ext\u00e9rieur. <strong data-start=\"879\" data-end=\"942\">Il ne doit pas \u00eatre immerg\u00e9 ou expos\u00e9 \u00e0 des jets d&#8217;eau directs.<\/strong><\/p>\n","protected":false},"featured_media":239552,"comment_status":"open","ping_status":"closed","template":"","meta":[],"product_brand":[],"product_cat":[100],"product_tag":[],"class_list":{"0":"post-239565","1":"product","2":"type-product","3":"status-publish","4":"has-post-thumbnail","6":"product_cat-chargeurs","7":"product_shipping_class-contre-remboursement","9":"first","10":"instock","11":"shipping-taxable","12":"purchasable","13":"product-type-simple"},"yoast_head":"<!-- This site is optimized with the Yoast SEO plugin v27.4 - https:\/\/yoast.com\/product\/yoast-seo-wordpress\/ -->\n<title>Chargeur pour batterie plomb\/gel 72V-2,0A, \u00e9tanche (non submersible) | BICYREKKORD<\/title>\n<meta name=\"robots\" content=\"index, follow, max-snippet:-1, max-image-preview:large, max-video-preview:-1\" \/>\n<link rel=\"canonical\" href=\"https:\/\/www.bicyrekkord.com\/fr\/producto\/chargeur-de-batterie-plomb-gel-48v-20a-etanche-non-submersible-copia-3\/\" \/>\n<meta property=\"og:locale\" content=\"fr_FR\" \/>\n<meta property=\"og:type\" content=\"article\" \/>\n<meta property=\"og:title\" content=\"Chargeur pour batterie plomb\/gel 72V-2,0A, \u00e9tanche (non submersible) | BICYREKKORD\" \/>\n<meta property=\"og:description\" content=\"Le chargeur de batterie 72V-2.0A pour batterie plomb-gel avec ventilateur, \u00e9tanche (non submersible) est con\u00e7u pour charger les batteries utilis\u00e9es dans les v\u00e9hicules \u00e9lectriques l\u00e9gers \u00e0 mobilit\u00e9 personnelle (VELMPU), tels que les v\u00e9los \u00e9lectriques, les scooters \u00e9lectriques, les skateboards \u00e9lectriques, les trottinettes \u00e9lectriques et d&#039;autres v\u00e9hicules \u00e9lectriques personnels adapt\u00e9s \u00e0 la tension et \u00e0 l&#039;amp\u00e9rage de ce chargeur. Fournit une sortie stable de 72V-2,0A, adapt\u00e9e aux syst\u00e8mes de batteries GEL \/ AGM courants dans les v\u00e9hicules \u00e9lectriques urbains. Il int\u00e8gre un ventilateur interne pour aider \u00e0 dissiper la chaleur pendant la charge et am\u00e9liorer la stabilit\u00e9 de l&#039;\u00e9quipement. Gr\u00e2ce \u00e0 ses composants internes, le chargeur peut r\u00e9sister \u00e0 la pluie et aux \u00e9claboussures d&#039;eau et peut donc \u00eatre utilis\u00e9 \u00e0 l&#039;ext\u00e9rieur. Il ne doit pas \u00eatre immerg\u00e9 ou expos\u00e9 \u00e0 des jets d&#039;eau directs.\" \/>\n<meta property=\"og:url\" content=\"https:\/\/www.bicyrekkord.com\/fr\/producto\/chargeur-de-batterie-plomb-gel-48v-20a-etanche-non-submersible-copia-3\/\" \/>\n<meta property=\"og:site_name\" content=\"BICYREKKORD\" \/>\n<meta property=\"article:publisher\" content=\"https:\/\/www.facebook.com\/BicyRekkord\/\" \/>\n<meta property=\"article:modified_time\" content=\"2026-03-04T01:25:08+00:00\" \/>\n<meta property=\"og:image\" content=\"https:\/\/www.bicyrekkord.com\/wp-content\/uploads\/2026\/03\/Cargadores-Impermeables-frente-1.webp\" \/>\n\t<meta property=\"og:image:width\" content=\"875\" \/>\n\t<meta property=\"og:image:height\" content=\"875\" \/>\n\t<meta property=\"og:image:type\" content=\"image\/webp\" \/>\n<meta name=\"twitter:card\" content=\"summary_large_image\" \/>\n<meta name=\"twitter:site\" content=\"@BICYREKKORD\" \/>\n<script type=\"application\/ld+json\" class=\"yoast-schema-graph\">{\"@context\":\"https:\\\/\\\/schema.org\",\"@graph\":[{\"@type\":\"WebPage\",\"@id\":\"https:\\\/\\\/www.bicyrekkord.com\\\/fr\\\/producto\\\/chargeur-de-batterie-plomb-gel-48v-20a-etanche-non-submersible-copia-3\\\/\",\"url\":\"https:\\\/\\\/www.bicyrekkord.com\\\/fr\\\/producto\\\/chargeur-de-batterie-plomb-gel-48v-20a-etanche-non-submersible-copia-3\\\/\",\"name\":\"Chargeur pour batterie plomb\\\/gel 72V-2,0A, \u00e9tanche (non submersible) | BICYREKKORD\",\"isPartOf\":{\"@id\":\"https:\\\/\\\/www.bicyrekkord.com\\\/fr\\\/#website\"},\"primaryImageOfPage\":{\"@id\":\"https:\\\/\\\/www.bicyrekkord.com\\\/fr\\\/producto\\\/chargeur-de-batterie-plomb-gel-48v-20a-etanche-non-submersible-copia-3\\\/#primaryimage\"},\"image\":{\"@id\":\"https:\\\/\\\/www.bicyrekkord.com\\\/fr\\\/producto\\\/chargeur-de-batterie-plomb-gel-48v-20a-etanche-non-submersible-copia-3\\\/#primaryimage\"},\"thumbnailUrl\":\"https:\\\/\\\/www.bicyrekkord.com\\\/wp-content\\\/uploads\\\/2026\\\/03\\\/Cargadores-Impermeables-frente-1.webp\",\"datePublished\":\"2026-03-04T01:23:03+00:00\",\"dateModified\":\"2026-03-04T01:25:08+00:00\",\"breadcrumb\":{\"@id\":\"https:\\\/\\\/www.bicyrekkord.com\\\/fr\\\/producto\\\/chargeur-de-batterie-plomb-gel-48v-20a-etanche-non-submersible-copia-3\\\/#breadcrumb\"},\"inLanguage\":\"fr-FR\",\"potentialAction\":[{\"@type\":\"ReadAction\",\"target\":[\"https:\\\/\\\/www.bicyrekkord.com\\\/fr\\\/producto\\\/chargeur-de-batterie-plomb-gel-48v-20a-etanche-non-submersible-copia-3\\\/\"]}]},{\"@type\":\"ImageObject\",\"inLanguage\":\"fr-FR\",\"@id\":\"https:\\\/\\\/www.bicyrekkord.com\\\/fr\\\/producto\\\/chargeur-de-batterie-plomb-gel-48v-20a-etanche-non-submersible-copia-3\\\/#primaryimage\",\"url\":\"https:\\\/\\\/www.bicyrekkord.com\\\/wp-content\\\/uploads\\\/2026\\\/03\\\/Cargadores-Impermeables-frente-1.webp\",\"contentUrl\":\"https:\\\/\\\/www.bicyrekkord.com\\\/wp-content\\\/uploads\\\/2026\\\/03\\\/Cargadores-Impermeables-frente-1.webp\",\"width\":875,\"height\":875},{\"@type\":\"BreadcrumbList\",\"@id\":\"https:\\\/\\\/www.bicyrekkord.com\\\/fr\\\/producto\\\/chargeur-de-batterie-plomb-gel-48v-20a-etanche-non-submersible-copia-3\\\/#breadcrumb\",\"itemListElement\":[{\"@type\":\"ListItem\",\"position\":1,\"name\":\"Accueil\",\"item\":\"https:\\\/\\\/www.bicyrekkord.com\\\/fr\\\/accueil\\\/\"},{\"@type\":\"ListItem\",\"position\":2,\"name\":\"Boutique\",\"item\":\"https:\\\/\\\/www.bicyrekkord.com\\\/fr\\\/boutique\\\/\"},{\"@type\":\"ListItem\",\"position\":3,\"name\":\"Chargeur pour batterie plomb\\\/gel 72V-2,0A, \u00e9tanche (non submersible)\"}]},{\"@type\":\"WebSite\",\"@id\":\"https:\\\/\\\/www.bicyrekkord.com\\\/fr\\\/#website\",\"url\":\"https:\\\/\\\/www.bicyrekkord.com\\\/fr\\\/\",\"name\":\"Repuestos para Veh\u00edculos El\u00e9ctricos | BICYREKKORD\",\"description\":\"L\u00edder en repuestos para veh\u00edculos el\u00e9ctricos\",\"publisher\":{\"@id\":\"https:\\\/\\\/www.bicyrekkord.com\\\/fr\\\/#organization\"},\"alternateName\":\"BICYREKKORD\",\"potentialAction\":[{\"@type\":\"SearchAction\",\"target\":{\"@type\":\"EntryPoint\",\"urlTemplate\":\"https:\\\/\\\/www.bicyrekkord.com\\\/fr\\\/?s={search_term_string}\"},\"query-input\":{\"@type\":\"PropertyValueSpecification\",\"valueRequired\":true,\"valueName\":\"search_term_string\"}}],\"inLanguage\":\"fr-FR\"},{\"@type\":\"Organization\",\"@id\":\"https:\\\/\\\/www.bicyrekkord.com\\\/fr\\\/#organization\",\"name\":\"BICYREKKORD\",\"alternateName\":\"L\u00edder en repuestos para veh\u00edculos el\u00e9ctricos\",\"url\":\"https:\\\/\\\/www.bicyrekkord.com\\\/fr\\\/\",\"logo\":{\"@type\":\"ImageObject\",\"inLanguage\":\"fr-FR\",\"@id\":\"https:\\\/\\\/www.bicyrekkord.com\\\/fr\\\/#\\\/schema\\\/logo\\\/image\\\/\",\"url\":\"https:\\\/\\\/www.bicyrekkord.com\\\/wp-content\\\/uploads\\\/2024\\\/05\\\/LOGO-BRK-12-1-scaled.png\",\"contentUrl\":\"https:\\\/\\\/www.bicyrekkord.com\\\/wp-content\\\/uploads\\\/2024\\\/05\\\/LOGO-BRK-12-1-scaled.png\",\"width\":2560,\"height\":726,\"caption\":\"BICYREKKORD\"},\"image\":{\"@id\":\"https:\\\/\\\/www.bicyrekkord.com\\\/fr\\\/#\\\/schema\\\/logo\\\/image\\\/\"},\"sameAs\":[\"https:\\\/\\\/www.facebook.com\\\/BicyRekkord\\\/\",\"https:\\\/\\\/x.com\\\/BICYREKKORD\",\"https:\\\/\\\/www.instagram.com\\\/bicyrekkord\\\/\",\"https:\\\/\\\/www.youtube.com\\\/@Bicyrekkord\"]}]}<\/script>\n<!-- \/ Yoast SEO plugin. -->","yoast_head_json":{"title":"Chargeur pour batterie plomb\/gel 72V-2,0A, \u00e9tanche (non submersible) | BICYREKKORD","robots":{"index":"index","follow":"follow","max-snippet":"max-snippet:-1","max-image-preview":"max-image-preview:large","max-video-preview":"max-video-preview:-1"},"canonical":"https:\/\/www.bicyrekkord.com\/fr\/producto\/chargeur-de-batterie-plomb-gel-48v-20a-etanche-non-submersible-copia-3\/","og_locale":"fr_FR","og_type":"article","og_title":"Chargeur pour batterie plomb\/gel 72V-2,0A, \u00e9tanche (non submersible) | BICYREKKORD","og_description":"Le chargeur de batterie 72V-2.0A pour batterie plomb-gel avec ventilateur, \u00e9tanche (non submersible) est con\u00e7u pour charger les batteries utilis\u00e9es dans les v\u00e9hicules \u00e9lectriques l\u00e9gers \u00e0 mobilit\u00e9 personnelle (VELMPU), tels que les v\u00e9los \u00e9lectriques, les scooters \u00e9lectriques, les skateboards \u00e9lectriques, les trottinettes \u00e9lectriques et d'autres v\u00e9hicules \u00e9lectriques personnels adapt\u00e9s \u00e0 la tension et \u00e0 l'amp\u00e9rage de ce chargeur. Fournit une sortie stable de 72V-2,0A, adapt\u00e9e aux syst\u00e8mes de batteries GEL \/ AGM courants dans les v\u00e9hicules \u00e9lectriques urbains. Il int\u00e8gre un ventilateur interne pour aider \u00e0 dissiper la chaleur pendant la charge et am\u00e9liorer la stabilit\u00e9 de l'\u00e9quipement. Gr\u00e2ce \u00e0 ses composants internes, le chargeur peut r\u00e9sister \u00e0 la pluie et aux \u00e9claboussures d'eau et peut donc \u00eatre utilis\u00e9 \u00e0 l'ext\u00e9rieur. Il ne doit pas \u00eatre immerg\u00e9 ou expos\u00e9 \u00e0 des jets d'eau directs.","og_url":"https:\/\/www.bicyrekkord.com\/fr\/producto\/chargeur-de-batterie-plomb-gel-48v-20a-etanche-non-submersible-copia-3\/","og_site_name":"BICYREKKORD","article_publisher":"https:\/\/www.facebook.com\/BicyRekkord\/","article_modified_time":"2026-03-04T01:25:08+00:00","og_image":[{"width":875,"height":875,"url":"https:\/\/www.bicyrekkord.com\/wp-content\/uploads\/2026\/03\/Cargadores-Impermeables-frente-1.webp","type":"image\/webp"}],"twitter_card":"summary_large_image","twitter_site":"@BICYREKKORD","schema":{"@context":"https:\/\/schema.org","@graph":[{"@type":"WebPage","@id":"https:\/\/www.bicyrekkord.com\/fr\/producto\/chargeur-de-batterie-plomb-gel-48v-20a-etanche-non-submersible-copia-3\/","url":"https:\/\/www.bicyrekkord.com\/fr\/producto\/chargeur-de-batterie-plomb-gel-48v-20a-etanche-non-submersible-copia-3\/","name":"Chargeur pour batterie plomb\/gel 72V-2,0A, \u00e9tanche (non submersible) | BICYREKKORD","isPartOf":{"@id":"https:\/\/www.bicyrekkord.com\/fr\/#website"},"primaryImageOfPage":{"@id":"https:\/\/www.bicyrekkord.com\/fr\/producto\/chargeur-de-batterie-plomb-gel-48v-20a-etanche-non-submersible-copia-3\/#primaryimage"},"image":{"@id":"https:\/\/www.bicyrekkord.com\/fr\/producto\/chargeur-de-batterie-plomb-gel-48v-20a-etanche-non-submersible-copia-3\/#primaryimage"},"thumbnailUrl":"https:\/\/www.bicyrekkord.com\/wp-content\/uploads\/2026\/03\/Cargadores-Impermeables-frente-1.webp","datePublished":"2026-03-04T01:23:03+00:00","dateModified":"2026-03-04T01:25:08+00:00","breadcrumb":{"@id":"https:\/\/www.bicyrekkord.com\/fr\/producto\/chargeur-de-batterie-plomb-gel-48v-20a-etanche-non-submersible-copia-3\/#breadcrumb"},"inLanguage":"fr-FR","potentialAction":[{"@type":"ReadAction","target":["https:\/\/www.bicyrekkord.com\/fr\/producto\/chargeur-de-batterie-plomb-gel-48v-20a-etanche-non-submersible-copia-3\/"]}]},{"@type":"ImageObject","inLanguage":"fr-FR","@id":"https:\/\/www.bicyrekkord.com\/fr\/producto\/chargeur-de-batterie-plomb-gel-48v-20a-etanche-non-submersible-copia-3\/#primaryimage","url":"https:\/\/www.bicyrekkord.com\/wp-content\/uploads\/2026\/03\/Cargadores-Impermeables-frente-1.webp","contentUrl":"https:\/\/www.bicyrekkord.com\/wp-content\/uploads\/2026\/03\/Cargadores-Impermeables-frente-1.webp","width":875,"height":875},{"@type":"BreadcrumbList","@id":"https:\/\/www.bicyrekkord.com\/fr\/producto\/chargeur-de-batterie-plomb-gel-48v-20a-etanche-non-submersible-copia-3\/#breadcrumb","itemListElement":[{"@type":"ListItem","position":1,"name":"Accueil","item":"https:\/\/www.bicyrekkord.com\/fr\/accueil\/"},{"@type":"ListItem","position":2,"name":"Boutique","item":"https:\/\/www.bicyrekkord.com\/fr\/boutique\/"},{"@type":"ListItem","position":3,"name":"Chargeur pour batterie plomb\/gel 72V-2,0A, \u00e9tanche (non submersible)"}]},{"@type":"WebSite","@id":"https:\/\/www.bicyrekkord.com\/fr\/#website","url":"https:\/\/www.bicyrekkord.com\/fr\/","name":"Repuestos para Veh\u00edculos El\u00e9ctricos | BICYREKKORD","description":"L\u00edder en repuestos para veh\u00edculos el\u00e9ctricos","publisher":{"@id":"https:\/\/www.bicyrekkord.com\/fr\/#organization"},"alternateName":"BICYREKKORD","potentialAction":[{"@type":"SearchAction","target":{"@type":"EntryPoint","urlTemplate":"https:\/\/www.bicyrekkord.com\/fr\/?s={search_term_string}"},"query-input":{"@type":"PropertyValueSpecification","valueRequired":true,"valueName":"search_term_string"}}],"inLanguage":"fr-FR"},{"@type":"Organization","@id":"https:\/\/www.bicyrekkord.com\/fr\/#organization","name":"BICYREKKORD","alternateName":"L\u00edder en repuestos para veh\u00edculos el\u00e9ctricos","url":"https:\/\/www.bicyrekkord.com\/fr\/","logo":{"@type":"ImageObject","inLanguage":"fr-FR","@id":"https:\/\/www.bicyrekkord.com\/fr\/#\/schema\/logo\/image\/","url":"https:\/\/www.bicyrekkord.com\/wp-content\/uploads\/2024\/05\/LOGO-BRK-12-1-scaled.png","contentUrl":"https:\/\/www.bicyrekkord.com\/wp-content\/uploads\/2024\/05\/LOGO-BRK-12-1-scaled.png","width":2560,"height":726,"caption":"BICYREKKORD"},"image":{"@id":"https:\/\/www.bicyrekkord.com\/fr\/#\/schema\/logo\/image\/"},"sameAs":["https:\/\/www.facebook.com\/BicyRekkord\/","https:\/\/x.com\/BICYREKKORD","https:\/\/www.instagram.com\/bicyrekkord\/","https:\/\/www.youtube.com\/@Bicyrekkord"]}]}},"_links":{"self":[{"href":"https:\/\/www.bicyrekkord.com\/fr\/wp-json\/wp\/v2\/product\/239565","targetHints":{"allow":["GET"]}}],"collection":[{"href":"https:\/\/www.bicyrekkord.com\/fr\/wp-json\/wp\/v2\/product"}],"about":[{"href":"https:\/\/www.bicyrekkord.com\/fr\/wp-json\/wp\/v2\/types\/product"}],"replies":[{"embeddable":true,"href":"https:\/\/www.bicyrekkord.com\/fr\/wp-json\/wp\/v2\/comments?post=239565"}],"wp:featuredmedia":[{"embeddable":true,"href":"https:\/\/www.bicyrekkord.com\/fr\/wp-json\/wp\/v2\/media\/239552"}],"wp:attachment":[{"href":"https:\/\/www.bicyrekkord.com\/fr\/wp-json\/wp\/v2\/media?parent=239565"}],"wp:term":[{"taxonomy":"product_brand","embeddable":true,"href":"https:\/\/www.bicyrekkord.com\/fr\/wp-json\/wp\/v2\/product_brand?post=239565"},{"taxonomy":"product_cat","embeddable":true,"href":"https:\/\/www.bicyrekkord.com\/fr\/wp-json\/wp\/v2\/product_cat?post=239565"},{"taxonomy":"product_tag","embeddable":true,"href":"https:\/\/www.bicyrekkord.com\/fr\/wp-json\/wp\/v2\/product_tag?post=239565"}],"curies":[{"name":"wp","href":"https:\/\/api.w.org\/{rel}","templated":true}]}}