{"id":239578,"date":"2026-03-03T20:36:45","date_gmt":"2026-03-04T01:36:45","guid":{"rendered":"https:\/\/www.bicyrekkord.com\/?post_type=product&#038;p=239578"},"modified":"2026-03-03T20:39:14","modified_gmt":"2026-03-04T01:39:14","slug":"chargeur-pour-batterie-plomb-gel-36v-12a-copia-2","status":"publish","type":"product","link":"https:\/\/www.bicyrekkord.com\/fr\/producto\/chargeur-pour-batterie-plomb-gel-36v-12a-copia-2\/","title":{"rendered":"Chargeur pour batterie plomb\/gel 24V-1,2A"},"content":{"rendered":"","protected":false},"excerpt":{"rendered":"<p data-start=\"30\" data-end=\"334\">Le <strong data-start=\"33\" data-end=\"94\">chargeur de batterie gel-plomb 24V-1,2A avec ventilateur<\/strong> est con\u00e7u pour charger les batteries utilis\u00e9es dans les <strong data-start=\"149\" data-end=\"213\">v\u00e9hicules \u00e9lectriques l\u00e9gers \u00e0 mobilit\u00e9 personnelle (VELMPU<\/strong>), tels que les <strong data-start=\"220\" data-end=\"333\">v\u00e9los \u00e9lectriques, les scooters \u00e9lectriques, les skateboards \u00e9lectriques, les trottinettes \u00e9lectriques et d&#8217;autres v\u00e9hicules \u00e9lectriques personnels.<\/strong><\/p>\n<p data-start=\"336\" data-end=\"641\">Il fournit une sortie stable de <strong>24 V-1,2 A<\/strong>, adapt\u00e9e aux batteries <strong data-start=\"409\" data-end=\"448\">plomb-acide scell\u00e9es GEL ou AGM<\/strong>, courantes dans les syst\u00e8mes de mobilit\u00e9 \u00e9lectrique urbaine. Il int\u00e8gre un <strong data-start=\"511\" data-end=\"533\">ventilateur interne<\/strong> qui aide \u00e0 dissiper la chaleur pendant le processus de charge et am\u00e9liore la stabilit\u00e9 et la durabilit\u00e9 de l&#8217;\u00e9quipement. <\/p>\n<p data-start=\"643\" data-end=\"839\">Ce chargeur est con\u00e7u pour une <strong data-start=\"676\" data-end=\"718\">utilisation \u00e0 l&#8217;int\u00e9rieur ou sous abri<\/strong> et<strong data-start=\"731\" data-end=\"766\">n&#8217;<\/strong>est donc<strong data-start=\"731\" data-end=\"766\">pas &#8220;\u00e9tanche ou submersible&#8221;.<\/strong> Il est recommand\u00e9 de l&#8217;utiliser dans un endroit sec et ventil\u00e9 pendant la charge. <\/p>\n","protected":false},"featured_media":239574,"comment_status":"open","ping_status":"closed","template":"","meta":[],"product_brand":[],"product_cat":[100],"product_tag":[],"class_list":{"0":"post-239578","1":"product","2":"type-product","3":"status-publish","4":"has-post-thumbnail","6":"product_cat-chargeurs","7":"product_shipping_class-contre-remboursement","9":"first","10":"instock","11":"shipping-taxable","12":"purchasable","13":"product-type-simple"},"yoast_head":"<!-- This site is optimized with the Yoast SEO plugin v27.4 - https:\/\/yoast.com\/product\/yoast-seo-wordpress\/ -->\n<title>Chargeur pour batterie plomb\/gel 24V-1,2A | BICYREKKORD<\/title>\n<meta name=\"robots\" content=\"index, follow, max-snippet:-1, max-image-preview:large, max-video-preview:-1\" \/>\n<link rel=\"canonical\" href=\"https:\/\/www.bicyrekkord.com\/fr\/producto\/chargeur-pour-batterie-plomb-gel-36v-12a-copia-2\/\" \/>\n<meta property=\"og:locale\" content=\"fr_FR\" \/>\n<meta property=\"og:type\" content=\"article\" \/>\n<meta property=\"og:title\" content=\"Chargeur pour batterie plomb\/gel 24V-1,2A | BICYREKKORD\" \/>\n<meta property=\"og:description\" content=\"Le chargeur de batterie gel-plomb 24V-1,2A avec ventilateur est con\u00e7u pour charger les batteries utilis\u00e9es dans les v\u00e9hicules \u00e9lectriques l\u00e9gers \u00e0 mobilit\u00e9 personnelle (VELMPU), tels que les v\u00e9los \u00e9lectriques, les scooters \u00e9lectriques, les skateboards \u00e9lectriques, les trottinettes \u00e9lectriques et d&#039;autres v\u00e9hicules \u00e9lectriques personnels. Il fournit une sortie stable de 24 V-1,2 A, adapt\u00e9e aux batteries plomb-acide scell\u00e9es GEL ou AGM, courantes dans les syst\u00e8mes de mobilit\u00e9 \u00e9lectrique urbaine. Il int\u00e8gre un ventilateur interne qui aide \u00e0 dissiper la chaleur pendant le processus de charge et am\u00e9liore la stabilit\u00e9 et la durabilit\u00e9 de l&#039;\u00e9quipement. Ce chargeur est con\u00e7u pour une utilisation \u00e0 l&#039;int\u00e9rieur ou sous abri etn&#039;est doncpas &quot;\u00e9tanche ou submersible&quot;. Il est recommand\u00e9 de l&#039;utiliser dans un endroit sec et ventil\u00e9 pendant la charge.\" \/>\n<meta property=\"og:url\" content=\"https:\/\/www.bicyrekkord.com\/fr\/producto\/chargeur-pour-batterie-plomb-gel-36v-12a-copia-2\/\" \/>\n<meta property=\"og:site_name\" content=\"BICYREKKORD\" \/>\n<meta property=\"article:publisher\" content=\"https:\/\/www.facebook.com\/BicyRekkord\/\" \/>\n<meta property=\"article:modified_time\" content=\"2026-03-04T01:39:14+00:00\" \/>\n<meta property=\"og:image\" content=\"https:\/\/www.bicyrekkord.com\/wp-content\/uploads\/2024\/05\/Cargador-Plomo-Gel-36v_12ah-Naranja.webp\" \/>\n\t<meta property=\"og:image:width\" content=\"875\" \/>\n\t<meta property=\"og:image:height\" content=\"875\" \/>\n\t<meta property=\"og:image:type\" content=\"image\/webp\" \/>\n<meta name=\"twitter:card\" content=\"summary_large_image\" \/>\n<meta name=\"twitter:site\" content=\"@BICYREKKORD\" \/>\n<script type=\"application\/ld+json\" class=\"yoast-schema-graph\">{\"@context\":\"https:\\\/\\\/schema.org\",\"@graph\":[{\"@type\":\"WebPage\",\"@id\":\"https:\\\/\\\/www.bicyrekkord.com\\\/fr\\\/producto\\\/chargeur-pour-batterie-plomb-gel-36v-12a-copia-2\\\/\",\"url\":\"https:\\\/\\\/www.bicyrekkord.com\\\/fr\\\/producto\\\/chargeur-pour-batterie-plomb-gel-36v-12a-copia-2\\\/\",\"name\":\"Chargeur pour batterie plomb\\\/gel 24V-1,2A | BICYREKKORD\",\"isPartOf\":{\"@id\":\"https:\\\/\\\/www.bicyrekkord.com\\\/fr\\\/#website\"},\"primaryImageOfPage\":{\"@id\":\"https:\\\/\\\/www.bicyrekkord.com\\\/fr\\\/producto\\\/chargeur-pour-batterie-plomb-gel-36v-12a-copia-2\\\/#primaryimage\"},\"image\":{\"@id\":\"https:\\\/\\\/www.bicyrekkord.com\\\/fr\\\/producto\\\/chargeur-pour-batterie-plomb-gel-36v-12a-copia-2\\\/#primaryimage\"},\"thumbnailUrl\":\"https:\\\/\\\/www.bicyrekkord.com\\\/wp-content\\\/uploads\\\/2024\\\/05\\\/Cargador-Plomo-Gel-36v_12ah-Naranja.webp\",\"datePublished\":\"2026-03-04T01:36:45+00:00\",\"dateModified\":\"2026-03-04T01:39:14+00:00\",\"breadcrumb\":{\"@id\":\"https:\\\/\\\/www.bicyrekkord.com\\\/fr\\\/producto\\\/chargeur-pour-batterie-plomb-gel-36v-12a-copia-2\\\/#breadcrumb\"},\"inLanguage\":\"fr-FR\",\"potentialAction\":[{\"@type\":\"ReadAction\",\"target\":[\"https:\\\/\\\/www.bicyrekkord.com\\\/fr\\\/producto\\\/chargeur-pour-batterie-plomb-gel-36v-12a-copia-2\\\/\"]}]},{\"@type\":\"ImageObject\",\"inLanguage\":\"fr-FR\",\"@id\":\"https:\\\/\\\/www.bicyrekkord.com\\\/fr\\\/producto\\\/chargeur-pour-batterie-plomb-gel-36v-12a-copia-2\\\/#primaryimage\",\"url\":\"https:\\\/\\\/www.bicyrekkord.com\\\/wp-content\\\/uploads\\\/2024\\\/05\\\/Cargador-Plomo-Gel-36v_12ah-Naranja.webp\",\"contentUrl\":\"https:\\\/\\\/www.bicyrekkord.com\\\/wp-content\\\/uploads\\\/2024\\\/05\\\/Cargador-Plomo-Gel-36v_12ah-Naranja.webp\",\"width\":875,\"height\":875},{\"@type\":\"BreadcrumbList\",\"@id\":\"https:\\\/\\\/www.bicyrekkord.com\\\/fr\\\/producto\\\/chargeur-pour-batterie-plomb-gel-36v-12a-copia-2\\\/#breadcrumb\",\"itemListElement\":[{\"@type\":\"ListItem\",\"position\":1,\"name\":\"Accueil\",\"item\":\"https:\\\/\\\/www.bicyrekkord.com\\\/fr\\\/accueil\\\/\"},{\"@type\":\"ListItem\",\"position\":2,\"name\":\"Boutique\",\"item\":\"https:\\\/\\\/www.bicyrekkord.com\\\/fr\\\/boutique\\\/\"},{\"@type\":\"ListItem\",\"position\":3,\"name\":\"Chargeur pour batterie plomb\\\/gel 24V-1,2A\"}]},{\"@type\":\"WebSite\",\"@id\":\"https:\\\/\\\/www.bicyrekkord.com\\\/fr\\\/#website\",\"url\":\"https:\\\/\\\/www.bicyrekkord.com\\\/fr\\\/\",\"name\":\"Repuestos para Veh\u00edculos El\u00e9ctricos | BICYREKKORD\",\"description\":\"L\u00edder en repuestos para veh\u00edculos el\u00e9ctricos\",\"publisher\":{\"@id\":\"https:\\\/\\\/www.bicyrekkord.com\\\/fr\\\/#organization\"},\"alternateName\":\"BICYREKKORD\",\"potentialAction\":[{\"@type\":\"SearchAction\",\"target\":{\"@type\":\"EntryPoint\",\"urlTemplate\":\"https:\\\/\\\/www.bicyrekkord.com\\\/fr\\\/?s={search_term_string}\"},\"query-input\":{\"@type\":\"PropertyValueSpecification\",\"valueRequired\":true,\"valueName\":\"search_term_string\"}}],\"inLanguage\":\"fr-FR\"},{\"@type\":\"Organization\",\"@id\":\"https:\\\/\\\/www.bicyrekkord.com\\\/fr\\\/#organization\",\"name\":\"BICYREKKORD\",\"alternateName\":\"L\u00edder en repuestos para veh\u00edculos el\u00e9ctricos\",\"url\":\"https:\\\/\\\/www.bicyrekkord.com\\\/fr\\\/\",\"logo\":{\"@type\":\"ImageObject\",\"inLanguage\":\"fr-FR\",\"@id\":\"https:\\\/\\\/www.bicyrekkord.com\\\/fr\\\/#\\\/schema\\\/logo\\\/image\\\/\",\"url\":\"https:\\\/\\\/www.bicyrekkord.com\\\/wp-content\\\/uploads\\\/2024\\\/05\\\/LOGO-BRK-12-1-scaled.png\",\"contentUrl\":\"https:\\\/\\\/www.bicyrekkord.com\\\/wp-content\\\/uploads\\\/2024\\\/05\\\/LOGO-BRK-12-1-scaled.png\",\"width\":2560,\"height\":726,\"caption\":\"BICYREKKORD\"},\"image\":{\"@id\":\"https:\\\/\\\/www.bicyrekkord.com\\\/fr\\\/#\\\/schema\\\/logo\\\/image\\\/\"},\"sameAs\":[\"https:\\\/\\\/www.facebook.com\\\/BicyRekkord\\\/\",\"https:\\\/\\\/x.com\\\/BICYREKKORD\",\"https:\\\/\\\/www.instagram.com\\\/bicyrekkord\\\/\",\"https:\\\/\\\/www.youtube.com\\\/@Bicyrekkord\"]}]}<\/script>\n<!-- \/ Yoast SEO plugin. -->","yoast_head_json":{"title":"Chargeur pour batterie plomb\/gel 24V-1,2A | BICYREKKORD","robots":{"index":"index","follow":"follow","max-snippet":"max-snippet:-1","max-image-preview":"max-image-preview:large","max-video-preview":"max-video-preview:-1"},"canonical":"https:\/\/www.bicyrekkord.com\/fr\/producto\/chargeur-pour-batterie-plomb-gel-36v-12a-copia-2\/","og_locale":"fr_FR","og_type":"article","og_title":"Chargeur pour batterie plomb\/gel 24V-1,2A | BICYREKKORD","og_description":"Le chargeur de batterie gel-plomb 24V-1,2A avec ventilateur est con\u00e7u pour charger les batteries utilis\u00e9es dans les v\u00e9hicules \u00e9lectriques l\u00e9gers \u00e0 mobilit\u00e9 personnelle (VELMPU), tels que les v\u00e9los \u00e9lectriques, les scooters \u00e9lectriques, les skateboards \u00e9lectriques, les trottinettes \u00e9lectriques et d'autres v\u00e9hicules \u00e9lectriques personnels. Il fournit une sortie stable de 24 V-1,2 A, adapt\u00e9e aux batteries plomb-acide scell\u00e9es GEL ou AGM, courantes dans les syst\u00e8mes de mobilit\u00e9 \u00e9lectrique urbaine. Il int\u00e8gre un ventilateur interne qui aide \u00e0 dissiper la chaleur pendant le processus de charge et am\u00e9liore la stabilit\u00e9 et la durabilit\u00e9 de l'\u00e9quipement. Ce chargeur est con\u00e7u pour une utilisation \u00e0 l'int\u00e9rieur ou sous abri etn'est doncpas \"\u00e9tanche ou submersible\". Il est recommand\u00e9 de l'utiliser dans un endroit sec et ventil\u00e9 pendant la charge.","og_url":"https:\/\/www.bicyrekkord.com\/fr\/producto\/chargeur-pour-batterie-plomb-gel-36v-12a-copia-2\/","og_site_name":"BICYREKKORD","article_publisher":"https:\/\/www.facebook.com\/BicyRekkord\/","article_modified_time":"2026-03-04T01:39:14+00:00","og_image":[{"width":875,"height":875,"url":"https:\/\/www.bicyrekkord.com\/wp-content\/uploads\/2024\/05\/Cargador-Plomo-Gel-36v_12ah-Naranja.webp","type":"image\/webp"}],"twitter_card":"summary_large_image","twitter_site":"@BICYREKKORD","schema":{"@context":"https:\/\/schema.org","@graph":[{"@type":"WebPage","@id":"https:\/\/www.bicyrekkord.com\/fr\/producto\/chargeur-pour-batterie-plomb-gel-36v-12a-copia-2\/","url":"https:\/\/www.bicyrekkord.com\/fr\/producto\/chargeur-pour-batterie-plomb-gel-36v-12a-copia-2\/","name":"Chargeur pour batterie plomb\/gel 24V-1,2A | BICYREKKORD","isPartOf":{"@id":"https:\/\/www.bicyrekkord.com\/fr\/#website"},"primaryImageOfPage":{"@id":"https:\/\/www.bicyrekkord.com\/fr\/producto\/chargeur-pour-batterie-plomb-gel-36v-12a-copia-2\/#primaryimage"},"image":{"@id":"https:\/\/www.bicyrekkord.com\/fr\/producto\/chargeur-pour-batterie-plomb-gel-36v-12a-copia-2\/#primaryimage"},"thumbnailUrl":"https:\/\/www.bicyrekkord.com\/wp-content\/uploads\/2024\/05\/Cargador-Plomo-Gel-36v_12ah-Naranja.webp","datePublished":"2026-03-04T01:36:45+00:00","dateModified":"2026-03-04T01:39:14+00:00","breadcrumb":{"@id":"https:\/\/www.bicyrekkord.com\/fr\/producto\/chargeur-pour-batterie-plomb-gel-36v-12a-copia-2\/#breadcrumb"},"inLanguage":"fr-FR","potentialAction":[{"@type":"ReadAction","target":["https:\/\/www.bicyrekkord.com\/fr\/producto\/chargeur-pour-batterie-plomb-gel-36v-12a-copia-2\/"]}]},{"@type":"ImageObject","inLanguage":"fr-FR","@id":"https:\/\/www.bicyrekkord.com\/fr\/producto\/chargeur-pour-batterie-plomb-gel-36v-12a-copia-2\/#primaryimage","url":"https:\/\/www.bicyrekkord.com\/wp-content\/uploads\/2024\/05\/Cargador-Plomo-Gel-36v_12ah-Naranja.webp","contentUrl":"https:\/\/www.bicyrekkord.com\/wp-content\/uploads\/2024\/05\/Cargador-Plomo-Gel-36v_12ah-Naranja.webp","width":875,"height":875},{"@type":"BreadcrumbList","@id":"https:\/\/www.bicyrekkord.com\/fr\/producto\/chargeur-pour-batterie-plomb-gel-36v-12a-copia-2\/#breadcrumb","itemListElement":[{"@type":"ListItem","position":1,"name":"Accueil","item":"https:\/\/www.bicyrekkord.com\/fr\/accueil\/"},{"@type":"ListItem","position":2,"name":"Boutique","item":"https:\/\/www.bicyrekkord.com\/fr\/boutique\/"},{"@type":"ListItem","position":3,"name":"Chargeur pour batterie plomb\/gel 24V-1,2A"}]},{"@type":"WebSite","@id":"https:\/\/www.bicyrekkord.com\/fr\/#website","url":"https:\/\/www.bicyrekkord.com\/fr\/","name":"Repuestos para Veh\u00edculos El\u00e9ctricos | BICYREKKORD","description":"L\u00edder en repuestos para veh\u00edculos el\u00e9ctricos","publisher":{"@id":"https:\/\/www.bicyrekkord.com\/fr\/#organization"},"alternateName":"BICYREKKORD","potentialAction":[{"@type":"SearchAction","target":{"@type":"EntryPoint","urlTemplate":"https:\/\/www.bicyrekkord.com\/fr\/?s={search_term_string}"},"query-input":{"@type":"PropertyValueSpecification","valueRequired":true,"valueName":"search_term_string"}}],"inLanguage":"fr-FR"},{"@type":"Organization","@id":"https:\/\/www.bicyrekkord.com\/fr\/#organization","name":"BICYREKKORD","alternateName":"L\u00edder en repuestos para veh\u00edculos el\u00e9ctricos","url":"https:\/\/www.bicyrekkord.com\/fr\/","logo":{"@type":"ImageObject","inLanguage":"fr-FR","@id":"https:\/\/www.bicyrekkord.com\/fr\/#\/schema\/logo\/image\/","url":"https:\/\/www.bicyrekkord.com\/wp-content\/uploads\/2024\/05\/LOGO-BRK-12-1-scaled.png","contentUrl":"https:\/\/www.bicyrekkord.com\/wp-content\/uploads\/2024\/05\/LOGO-BRK-12-1-scaled.png","width":2560,"height":726,"caption":"BICYREKKORD"},"image":{"@id":"https:\/\/www.bicyrekkord.com\/fr\/#\/schema\/logo\/image\/"},"sameAs":["https:\/\/www.facebook.com\/BicyRekkord\/","https:\/\/x.com\/BICYREKKORD","https:\/\/www.instagram.com\/bicyrekkord\/","https:\/\/www.youtube.com\/@Bicyrekkord"]}]}},"_links":{"self":[{"href":"https:\/\/www.bicyrekkord.com\/fr\/wp-json\/wp\/v2\/product\/239578","targetHints":{"allow":["GET"]}}],"collection":[{"href":"https:\/\/www.bicyrekkord.com\/fr\/wp-json\/wp\/v2\/product"}],"about":[{"href":"https:\/\/www.bicyrekkord.com\/fr\/wp-json\/wp\/v2\/types\/product"}],"replies":[{"embeddable":true,"href":"https:\/\/www.bicyrekkord.com\/fr\/wp-json\/wp\/v2\/comments?post=239578"}],"wp:featuredmedia":[{"embeddable":true,"href":"https:\/\/www.bicyrekkord.com\/fr\/wp-json\/wp\/v2\/media\/239574"}],"wp:attachment":[{"href":"https:\/\/www.bicyrekkord.com\/fr\/wp-json\/wp\/v2\/media?parent=239578"}],"wp:term":[{"taxonomy":"product_brand","embeddable":true,"href":"https:\/\/www.bicyrekkord.com\/fr\/wp-json\/wp\/v2\/product_brand?post=239578"},{"taxonomy":"product_cat","embeddable":true,"href":"https:\/\/www.bicyrekkord.com\/fr\/wp-json\/wp\/v2\/product_cat?post=239578"},{"taxonomy":"product_tag","embeddable":true,"href":"https:\/\/www.bicyrekkord.com\/fr\/wp-json\/wp\/v2\/product_tag?post=239578"}],"curies":[{"name":"wp","href":"https:\/\/api.w.org\/{rel}","templated":true}]}}