{"id":239581,"date":"2026-03-03T22:00:11","date_gmt":"2026-03-04T03:00:11","guid":{"rendered":"https:\/\/www.bicyrekkord.com\/?post_type=product&#038;p=239581"},"modified":"2026-03-03T22:17:48","modified_gmt":"2026-03-04T03:17:48","slug":"chargeur-au-lithium-36v-12a-copia","status":"publish","type":"product","link":"https:\/\/www.bicyrekkord.com\/fr\/producto\/chargeur-au-lithium-36v-12a-copia\/","title":{"rendered":"Chargeur pour batterie lithium 36V &#8211; 1,2A, \u00e9tanche (non submersible)"},"content":{"rendered":"","protected":false},"excerpt":{"rendered":"<p data-start=\"30\" data-end=\"371\">Le <strong data-start=\"33\" data-end=\"112\">chargeur de batterie au lithium 36V-1,2A avec ventilateur, \u00e9tanche (non submersible)<\/strong> est con\u00e7u pour charger efficacement les batteries au lithium utilis\u00e9es dans les <strong data-start=\"186\" data-end=\"250\">v\u00e9hicules \u00e9lectriques l\u00e9gers de mobilit\u00e9 personnelle (ELV)<\/strong>, tels que les <strong data-start=\"257\" data-end=\"370\">v\u00e9los \u00e9lectriques, les scooters \u00e9lectriques, les skateboards \u00e9lectriques, les trottinettes \u00e9lectriques et autres v\u00e9hicules \u00e9lectriques personnels<\/strong>.<\/p>\n<p data-start=\"373\" data-end=\"658\">Ces chargeurs fournissent une <strong data-start=\"403\" data-end=\"430\">puissance stable et s\u00fbre<\/strong>, adapt\u00e9e aux syst\u00e8mes de batteries au lithium utilis\u00e9s dans la mobilit\u00e9 \u00e9lectrique urbaine. Ils <strong data-start=\"525\" data-end=\"547\">int\u00e8grent un ventilateur interne<\/strong> qui aide \u00e0 dissiper la chaleur pendant le processus de charge et am\u00e9liore les performances et la durabilit\u00e9 de l&#8217;\u00e9quipement. <\/p>\n<p data-start=\"660\" data-end=\"875\">Gr\u00e2ce \u00e0 ses <strong data-start=\"674\" data-end=\"698\">composants internes<\/strong>, le chargeur peut r\u00e9sister \u00e0 la <strong data-start=\"727\" data-end=\"760\">pluie et aux projections d&#8217;eau<\/strong>, ce qui permet de l&#8217;utiliser \u00e0 l&#8217;ext\u00e9rieur. Toutefois, <strong data-start=\"812\" data-end=\"874\">il ne doit pas \u00eatre immerg\u00e9 ou expos\u00e9 \u00e0 des jets d&#8217;eau directs<\/strong>. <\/p>\n<p data-start=\"877\" data-end=\"1016\">Il s&#8217;agit d&#8217;une solution id\u00e9ale pour les utilisateurs et les ateliers qui travaillent avec des <strong data-start=\"941\" data-end=\"1015\">v\u00e9hicules \u00e9lectriques l\u00e9gers et des syst\u00e8mes de mobilit\u00e9 \u00e9lectrique urbaine.<\/strong><\/p>\n<p>*La conception des chargeurs peut varier par rapport \u00e0 la photo publi\u00e9e, ce qui n&#8217;affecte pas leurs caract\u00e9ristiques \u00e9lectroniques.<\/p>\n","protected":false},"featured_media":239584,"comment_status":"open","ping_status":"closed","template":"","meta":[],"product_brand":[],"product_cat":[100],"product_tag":[],"class_list":{"0":"post-239581","1":"product","2":"type-product","3":"status-publish","4":"has-post-thumbnail","6":"product_cat-chargeurs","7":"product_shipping_class-contre-remboursement","9":"first","10":"instock","11":"shipping-taxable","12":"purchasable","13":"product-type-simple"},"yoast_head":"<!-- This site is optimized with the Yoast SEO plugin v27.4 - https:\/\/yoast.com\/product\/yoast-seo-wordpress\/ -->\n<title>Chargeur pour batterie lithium 36V - 1,2A, \u00e9tanche (non submersible) | BICYREKKORD<\/title>\n<meta name=\"robots\" content=\"index, follow, max-snippet:-1, max-image-preview:large, max-video-preview:-1\" \/>\n<link rel=\"canonical\" href=\"https:\/\/www.bicyrekkord.com\/fr\/producto\/chargeur-au-lithium-36v-12a-copia\/\" \/>\n<meta property=\"og:locale\" content=\"fr_FR\" \/>\n<meta property=\"og:type\" content=\"article\" \/>\n<meta property=\"og:title\" content=\"Chargeur pour batterie lithium 36V - 1,2A, \u00e9tanche (non submersible) | BICYREKKORD\" \/>\n<meta property=\"og:description\" content=\"Le chargeur de batterie au lithium 36V-1,2A avec ventilateur, \u00e9tanche (non submersible) est con\u00e7u pour charger efficacement les batteries au lithium utilis\u00e9es dans les v\u00e9hicules \u00e9lectriques l\u00e9gers de mobilit\u00e9 personnelle (ELV), tels que les v\u00e9los \u00e9lectriques, les scooters \u00e9lectriques, les skateboards \u00e9lectriques, les trottinettes \u00e9lectriques et autres v\u00e9hicules \u00e9lectriques personnels. Ces chargeurs fournissent une puissance stable et s\u00fbre, adapt\u00e9e aux syst\u00e8mes de batteries au lithium utilis\u00e9s dans la mobilit\u00e9 \u00e9lectrique urbaine. Ils int\u00e8grent un ventilateur interne qui aide \u00e0 dissiper la chaleur pendant le processus de charge et am\u00e9liore les performances et la durabilit\u00e9 de l&#039;\u00e9quipement. Gr\u00e2ce \u00e0 ses composants internes, le chargeur peut r\u00e9sister \u00e0 la pluie et aux projections d&#039;eau, ce qui permet de l&#039;utiliser \u00e0 l&#039;ext\u00e9rieur. Toutefois, il ne doit pas \u00eatre immerg\u00e9 ou expos\u00e9 \u00e0 des jets d&#039;eau directs. Il s&#039;agit d&#039;une solution id\u00e9ale pour les utilisateurs et les ateliers qui travaillent avec des v\u00e9hicules \u00e9lectriques l\u00e9gers et des syst\u00e8mes de mobilit\u00e9 \u00e9lectrique urbaine. *La conception des chargeurs peut varier par rapport \u00e0 la photo publi\u00e9e, ce qui n&#039;affecte pas leurs caract\u00e9ristiques \u00e9lectroniques.\" \/>\n<meta property=\"og:url\" content=\"https:\/\/www.bicyrekkord.com\/fr\/producto\/chargeur-au-lithium-36v-12a-copia\/\" \/>\n<meta property=\"og:site_name\" content=\"BICYREKKORD\" \/>\n<meta property=\"article:publisher\" content=\"https:\/\/www.facebook.com\/BicyRekkord\/\" \/>\n<meta property=\"article:modified_time\" content=\"2026-03-04T03:17:48+00:00\" \/>\n<meta property=\"og:image\" content=\"https:\/\/www.bicyrekkord.com\/wp-content\/uploads\/2026\/03\/Cargador-Impermeable-no-Sumergible-Litio.webp\" \/>\n\t<meta property=\"og:image:width\" content=\"875\" \/>\n\t<meta property=\"og:image:height\" content=\"875\" \/>\n\t<meta property=\"og:image:type\" content=\"image\/webp\" \/>\n<meta name=\"twitter:card\" content=\"summary_large_image\" \/>\n<meta name=\"twitter:site\" content=\"@BICYREKKORD\" \/>\n<script type=\"application\/ld+json\" class=\"yoast-schema-graph\">{\"@context\":\"https:\\\/\\\/schema.org\",\"@graph\":[{\"@type\":\"WebPage\",\"@id\":\"https:\\\/\\\/www.bicyrekkord.com\\\/fr\\\/producto\\\/chargeur-au-lithium-36v-12a-copia\\\/\",\"url\":\"https:\\\/\\\/www.bicyrekkord.com\\\/fr\\\/producto\\\/chargeur-au-lithium-36v-12a-copia\\\/\",\"name\":\"Chargeur pour batterie lithium 36V - 1,2A, \u00e9tanche (non submersible) | BICYREKKORD\",\"isPartOf\":{\"@id\":\"https:\\\/\\\/www.bicyrekkord.com\\\/fr\\\/#website\"},\"primaryImageOfPage\":{\"@id\":\"https:\\\/\\\/www.bicyrekkord.com\\\/fr\\\/producto\\\/chargeur-au-lithium-36v-12a-copia\\\/#primaryimage\"},\"image\":{\"@id\":\"https:\\\/\\\/www.bicyrekkord.com\\\/fr\\\/producto\\\/chargeur-au-lithium-36v-12a-copia\\\/#primaryimage\"},\"thumbnailUrl\":\"https:\\\/\\\/www.bicyrekkord.com\\\/wp-content\\\/uploads\\\/2026\\\/03\\\/Cargador-Impermeable-no-Sumergible-Litio.webp\",\"datePublished\":\"2026-03-04T03:00:11+00:00\",\"dateModified\":\"2026-03-04T03:17:48+00:00\",\"breadcrumb\":{\"@id\":\"https:\\\/\\\/www.bicyrekkord.com\\\/fr\\\/producto\\\/chargeur-au-lithium-36v-12a-copia\\\/#breadcrumb\"},\"inLanguage\":\"fr-FR\",\"potentialAction\":[{\"@type\":\"ReadAction\",\"target\":[\"https:\\\/\\\/www.bicyrekkord.com\\\/fr\\\/producto\\\/chargeur-au-lithium-36v-12a-copia\\\/\"]}]},{\"@type\":\"ImageObject\",\"inLanguage\":\"fr-FR\",\"@id\":\"https:\\\/\\\/www.bicyrekkord.com\\\/fr\\\/producto\\\/chargeur-au-lithium-36v-12a-copia\\\/#primaryimage\",\"url\":\"https:\\\/\\\/www.bicyrekkord.com\\\/wp-content\\\/uploads\\\/2026\\\/03\\\/Cargador-Impermeable-no-Sumergible-Litio.webp\",\"contentUrl\":\"https:\\\/\\\/www.bicyrekkord.com\\\/wp-content\\\/uploads\\\/2026\\\/03\\\/Cargador-Impermeable-no-Sumergible-Litio.webp\",\"width\":875,\"height\":875},{\"@type\":\"BreadcrumbList\",\"@id\":\"https:\\\/\\\/www.bicyrekkord.com\\\/fr\\\/producto\\\/chargeur-au-lithium-36v-12a-copia\\\/#breadcrumb\",\"itemListElement\":[{\"@type\":\"ListItem\",\"position\":1,\"name\":\"Accueil\",\"item\":\"https:\\\/\\\/www.bicyrekkord.com\\\/fr\\\/accueil\\\/\"},{\"@type\":\"ListItem\",\"position\":2,\"name\":\"Boutique\",\"item\":\"https:\\\/\\\/www.bicyrekkord.com\\\/fr\\\/boutique\\\/\"},{\"@type\":\"ListItem\",\"position\":3,\"name\":\"Chargeur pour batterie lithium 36V &#8211; 1,2A, \u00e9tanche (non submersible)\"}]},{\"@type\":\"WebSite\",\"@id\":\"https:\\\/\\\/www.bicyrekkord.com\\\/fr\\\/#website\",\"url\":\"https:\\\/\\\/www.bicyrekkord.com\\\/fr\\\/\",\"name\":\"Repuestos para Veh\u00edculos El\u00e9ctricos | BICYREKKORD\",\"description\":\"L\u00edder en repuestos para veh\u00edculos el\u00e9ctricos\",\"publisher\":{\"@id\":\"https:\\\/\\\/www.bicyrekkord.com\\\/fr\\\/#organization\"},\"alternateName\":\"BICYREKKORD\",\"potentialAction\":[{\"@type\":\"SearchAction\",\"target\":{\"@type\":\"EntryPoint\",\"urlTemplate\":\"https:\\\/\\\/www.bicyrekkord.com\\\/fr\\\/?s={search_term_string}\"},\"query-input\":{\"@type\":\"PropertyValueSpecification\",\"valueRequired\":true,\"valueName\":\"search_term_string\"}}],\"inLanguage\":\"fr-FR\"},{\"@type\":\"Organization\",\"@id\":\"https:\\\/\\\/www.bicyrekkord.com\\\/fr\\\/#organization\",\"name\":\"BICYREKKORD\",\"alternateName\":\"L\u00edder en repuestos para veh\u00edculos el\u00e9ctricos\",\"url\":\"https:\\\/\\\/www.bicyrekkord.com\\\/fr\\\/\",\"logo\":{\"@type\":\"ImageObject\",\"inLanguage\":\"fr-FR\",\"@id\":\"https:\\\/\\\/www.bicyrekkord.com\\\/fr\\\/#\\\/schema\\\/logo\\\/image\\\/\",\"url\":\"https:\\\/\\\/www.bicyrekkord.com\\\/wp-content\\\/uploads\\\/2024\\\/05\\\/LOGO-BRK-12-1-scaled.png\",\"contentUrl\":\"https:\\\/\\\/www.bicyrekkord.com\\\/wp-content\\\/uploads\\\/2024\\\/05\\\/LOGO-BRK-12-1-scaled.png\",\"width\":2560,\"height\":726,\"caption\":\"BICYREKKORD\"},\"image\":{\"@id\":\"https:\\\/\\\/www.bicyrekkord.com\\\/fr\\\/#\\\/schema\\\/logo\\\/image\\\/\"},\"sameAs\":[\"https:\\\/\\\/www.facebook.com\\\/BicyRekkord\\\/\",\"https:\\\/\\\/x.com\\\/BICYREKKORD\",\"https:\\\/\\\/www.instagram.com\\\/bicyrekkord\\\/\",\"https:\\\/\\\/www.youtube.com\\\/@Bicyrekkord\"]}]}<\/script>\n<!-- \/ Yoast SEO plugin. -->","yoast_head_json":{"title":"Chargeur pour batterie lithium 36V - 1,2A, \u00e9tanche (non submersible) | BICYREKKORD","robots":{"index":"index","follow":"follow","max-snippet":"max-snippet:-1","max-image-preview":"max-image-preview:large","max-video-preview":"max-video-preview:-1"},"canonical":"https:\/\/www.bicyrekkord.com\/fr\/producto\/chargeur-au-lithium-36v-12a-copia\/","og_locale":"fr_FR","og_type":"article","og_title":"Chargeur pour batterie lithium 36V - 1,2A, \u00e9tanche (non submersible) | BICYREKKORD","og_description":"Le chargeur de batterie au lithium 36V-1,2A avec ventilateur, \u00e9tanche (non submersible) est con\u00e7u pour charger efficacement les batteries au lithium utilis\u00e9es dans les v\u00e9hicules \u00e9lectriques l\u00e9gers de mobilit\u00e9 personnelle (ELV), tels que les v\u00e9los \u00e9lectriques, les scooters \u00e9lectriques, les skateboards \u00e9lectriques, les trottinettes \u00e9lectriques et autres v\u00e9hicules \u00e9lectriques personnels. Ces chargeurs fournissent une puissance stable et s\u00fbre, adapt\u00e9e aux syst\u00e8mes de batteries au lithium utilis\u00e9s dans la mobilit\u00e9 \u00e9lectrique urbaine. Ils int\u00e8grent un ventilateur interne qui aide \u00e0 dissiper la chaleur pendant le processus de charge et am\u00e9liore les performances et la durabilit\u00e9 de l'\u00e9quipement. Gr\u00e2ce \u00e0 ses composants internes, le chargeur peut r\u00e9sister \u00e0 la pluie et aux projections d'eau, ce qui permet de l'utiliser \u00e0 l'ext\u00e9rieur. Toutefois, il ne doit pas \u00eatre immerg\u00e9 ou expos\u00e9 \u00e0 des jets d'eau directs. Il s'agit d'une solution id\u00e9ale pour les utilisateurs et les ateliers qui travaillent avec des v\u00e9hicules \u00e9lectriques l\u00e9gers et des syst\u00e8mes de mobilit\u00e9 \u00e9lectrique urbaine. *La conception des chargeurs peut varier par rapport \u00e0 la photo publi\u00e9e, ce qui n'affecte pas leurs caract\u00e9ristiques \u00e9lectroniques.","og_url":"https:\/\/www.bicyrekkord.com\/fr\/producto\/chargeur-au-lithium-36v-12a-copia\/","og_site_name":"BICYREKKORD","article_publisher":"https:\/\/www.facebook.com\/BicyRekkord\/","article_modified_time":"2026-03-04T03:17:48+00:00","og_image":[{"width":875,"height":875,"url":"https:\/\/www.bicyrekkord.com\/wp-content\/uploads\/2026\/03\/Cargador-Impermeable-no-Sumergible-Litio.webp","type":"image\/webp"}],"twitter_card":"summary_large_image","twitter_site":"@BICYREKKORD","schema":{"@context":"https:\/\/schema.org","@graph":[{"@type":"WebPage","@id":"https:\/\/www.bicyrekkord.com\/fr\/producto\/chargeur-au-lithium-36v-12a-copia\/","url":"https:\/\/www.bicyrekkord.com\/fr\/producto\/chargeur-au-lithium-36v-12a-copia\/","name":"Chargeur pour batterie lithium 36V - 1,2A, \u00e9tanche (non submersible) | BICYREKKORD","isPartOf":{"@id":"https:\/\/www.bicyrekkord.com\/fr\/#website"},"primaryImageOfPage":{"@id":"https:\/\/www.bicyrekkord.com\/fr\/producto\/chargeur-au-lithium-36v-12a-copia\/#primaryimage"},"image":{"@id":"https:\/\/www.bicyrekkord.com\/fr\/producto\/chargeur-au-lithium-36v-12a-copia\/#primaryimage"},"thumbnailUrl":"https:\/\/www.bicyrekkord.com\/wp-content\/uploads\/2026\/03\/Cargador-Impermeable-no-Sumergible-Litio.webp","datePublished":"2026-03-04T03:00:11+00:00","dateModified":"2026-03-04T03:17:48+00:00","breadcrumb":{"@id":"https:\/\/www.bicyrekkord.com\/fr\/producto\/chargeur-au-lithium-36v-12a-copia\/#breadcrumb"},"inLanguage":"fr-FR","potentialAction":[{"@type":"ReadAction","target":["https:\/\/www.bicyrekkord.com\/fr\/producto\/chargeur-au-lithium-36v-12a-copia\/"]}]},{"@type":"ImageObject","inLanguage":"fr-FR","@id":"https:\/\/www.bicyrekkord.com\/fr\/producto\/chargeur-au-lithium-36v-12a-copia\/#primaryimage","url":"https:\/\/www.bicyrekkord.com\/wp-content\/uploads\/2026\/03\/Cargador-Impermeable-no-Sumergible-Litio.webp","contentUrl":"https:\/\/www.bicyrekkord.com\/wp-content\/uploads\/2026\/03\/Cargador-Impermeable-no-Sumergible-Litio.webp","width":875,"height":875},{"@type":"BreadcrumbList","@id":"https:\/\/www.bicyrekkord.com\/fr\/producto\/chargeur-au-lithium-36v-12a-copia\/#breadcrumb","itemListElement":[{"@type":"ListItem","position":1,"name":"Accueil","item":"https:\/\/www.bicyrekkord.com\/fr\/accueil\/"},{"@type":"ListItem","position":2,"name":"Boutique","item":"https:\/\/www.bicyrekkord.com\/fr\/boutique\/"},{"@type":"ListItem","position":3,"name":"Chargeur pour batterie lithium 36V &#8211; 1,2A, \u00e9tanche (non submersible)"}]},{"@type":"WebSite","@id":"https:\/\/www.bicyrekkord.com\/fr\/#website","url":"https:\/\/www.bicyrekkord.com\/fr\/","name":"Repuestos para Veh\u00edculos El\u00e9ctricos | BICYREKKORD","description":"L\u00edder en repuestos para veh\u00edculos el\u00e9ctricos","publisher":{"@id":"https:\/\/www.bicyrekkord.com\/fr\/#organization"},"alternateName":"BICYREKKORD","potentialAction":[{"@type":"SearchAction","target":{"@type":"EntryPoint","urlTemplate":"https:\/\/www.bicyrekkord.com\/fr\/?s={search_term_string}"},"query-input":{"@type":"PropertyValueSpecification","valueRequired":true,"valueName":"search_term_string"}}],"inLanguage":"fr-FR"},{"@type":"Organization","@id":"https:\/\/www.bicyrekkord.com\/fr\/#organization","name":"BICYREKKORD","alternateName":"L\u00edder en repuestos para veh\u00edculos el\u00e9ctricos","url":"https:\/\/www.bicyrekkord.com\/fr\/","logo":{"@type":"ImageObject","inLanguage":"fr-FR","@id":"https:\/\/www.bicyrekkord.com\/fr\/#\/schema\/logo\/image\/","url":"https:\/\/www.bicyrekkord.com\/wp-content\/uploads\/2024\/05\/LOGO-BRK-12-1-scaled.png","contentUrl":"https:\/\/www.bicyrekkord.com\/wp-content\/uploads\/2024\/05\/LOGO-BRK-12-1-scaled.png","width":2560,"height":726,"caption":"BICYREKKORD"},"image":{"@id":"https:\/\/www.bicyrekkord.com\/fr\/#\/schema\/logo\/image\/"},"sameAs":["https:\/\/www.facebook.com\/BicyRekkord\/","https:\/\/x.com\/BICYREKKORD","https:\/\/www.instagram.com\/bicyrekkord\/","https:\/\/www.youtube.com\/@Bicyrekkord"]}]}},"_links":{"self":[{"href":"https:\/\/www.bicyrekkord.com\/fr\/wp-json\/wp\/v2\/product\/239581","targetHints":{"allow":["GET"]}}],"collection":[{"href":"https:\/\/www.bicyrekkord.com\/fr\/wp-json\/wp\/v2\/product"}],"about":[{"href":"https:\/\/www.bicyrekkord.com\/fr\/wp-json\/wp\/v2\/types\/product"}],"replies":[{"embeddable":true,"href":"https:\/\/www.bicyrekkord.com\/fr\/wp-json\/wp\/v2\/comments?post=239581"}],"wp:featuredmedia":[{"embeddable":true,"href":"https:\/\/www.bicyrekkord.com\/fr\/wp-json\/wp\/v2\/media\/239584"}],"wp:attachment":[{"href":"https:\/\/www.bicyrekkord.com\/fr\/wp-json\/wp\/v2\/media?parent=239581"}],"wp:term":[{"taxonomy":"product_brand","embeddable":true,"href":"https:\/\/www.bicyrekkord.com\/fr\/wp-json\/wp\/v2\/product_brand?post=239581"},{"taxonomy":"product_cat","embeddable":true,"href":"https:\/\/www.bicyrekkord.com\/fr\/wp-json\/wp\/v2\/product_cat?post=239581"},{"taxonomy":"product_tag","embeddable":true,"href":"https:\/\/www.bicyrekkord.com\/fr\/wp-json\/wp\/v2\/product_tag?post=239581"}],"curies":[{"name":"wp","href":"https:\/\/api.w.org\/{rel}","templated":true}]}}